{"id":176895,"date":"2024-10-21T23:42:04","date_gmt":"2024-10-22T02:42:04","guid":{"rendered":"https:\/\/ocandeeiro.org\/biocivilizacao\/biblioteca\/contribuicao\/"},"modified":"2024-11-15T11:51:47","modified_gmt":"2024-11-15T14:51:47","slug":"contribuicao","status":"publish","type":"page","link":"https:\/\/ocandeeiro.org\/fr\/biocivilizacao\/biblioteca\/contribuicao\/","title":{"rendered":"P\u00e1gina Biociviliza\u00e7\u00e3o &#8211; Franc\u00eas &#8211; Mande sua contribui\u00e7\u00e3o"},"content":{"rendered":"<!--themify_builder_content-->\n<div id=\"themify_builder_content-176895\" data-postid=\"176895\" class=\"themify_builder_content themify_builder_content-176895 themify_builder tf_clear\">\n                    <div  data-css_id=\"5t0w889\" data-lazy=\"1\" class=\"module_row themify_builder_row fullwidth tb_5t0w889 tb_first tf_w\">\n                        <div class=\"row_inner col_align_top tb_col_count_1 tf_box tf_rel\">\n                        <div  data-lazy=\"1\" class=\"module_column tb-column col-full tb_grzo809 first\">\n                    <!-- module text -->\n<div  class=\"module module-text tb_knj6906   \" data-lazy=\"1\">\n        <div  class=\"tb_text_wrap\">\n        <div class=\"tb_layout_part_wrap tf_w\"><!--themify_builder_content-->\n    <div  class=\"themify_builder_content themify_builder_content-176434 themify_builder not_editable_builder in_the_loop\" data-postid=\"176434\">\n                        <div  data-css_id=\"7w1j464\" data-lazy=\"1\" class=\"module_row themify_builder_row fullwidth_row_container tb_7w1j464 tf_w\">\n            <span  class=\"builder_row_cover tf_abs\" data-lazy=\"1\"><\/span><span class=\"tb_row_frame_wrap tf_overflow tf_abs\" data-lazy=\"1\"><span class=\"tb_row_frame tb_row_frame_bottom  tf_abs tf_hide tf_overflow tf_w\"><\/span><\/span>            <div class=\"row_inner col_align_top tb_col_count_1 tf_box tf_rel\">\n                        <div  data-lazy=\"1\" class=\"module_column tb-column col-full tb_5g3r749 first\">\n                    <!-- module fancy heading -->\n<div  class=\"module module-fancy-heading tb_4477610 \" data-lazy=\"1\">\n        <h1 class=\"fancy-heading tf_textc\">\n    <span class=\"main-head tf_block\">\n                    Biblioth\u00e8que Virtuelle de Biocivilisation            <\/span>\n\n    \n    <span class=\"sub-head tf_block tf_rel\">\n                    Roue de la Biocivilisation - Universit\u00e9 Mutuelle            <\/span>\n    <\/h1>\n<\/div>\n<!-- \/module fancy heading -->\n        <\/div>\n                        <\/div>\n        <\/div>\n                        <div  data-lazy=\"1\" class=\"module_row themify_builder_row tb_dbny140 tf_w\">\n                        <div class=\"row_inner col_align_top tb_col_count_1 tf_box tf_rel\">\n                        <div  data-lazy=\"1\" class=\"module_column tb-column col-full tb_o417033 first\">\n                    <!-- module menu -->\n<div  class=\"module module-menu tb_etqg146  mobile-menu-slide\" data-menu-style=\"mobile-menu-slide\" data-menu-breakpoint=\"0\" data-element-id=\"tb_etqg146\" data-lazy=\"1\">\n        \n    <div class=\"module-menu-container\"><ul id=\"menu-biocivilizacao-nova-fr\" class=\"ui tf_clearfix nav tf_rel tf_scrollbar  tb_default_color\"><li id=\"menu-item-177031\" class=\"menu-item-page-176866 menu-item menu-item-type-post_type menu-item-object-page menu-item-177031\"><a href=\"https:\/\/ocandeeiro.org\/fr\/biocivilizacao\/\"><em> <svg  class=\"tf_fa tf-fas-home\" aria-hidden=\"true\"><use href=\"#tf-fas-home\"><\/use><\/svg><\/em> Biocivilisation<\/a><\/li>\n<li id=\"menu-item-176899\" class=\"menu-item-page-176882 menu-item menu-item-type-post_type menu-item-object-page menu-item-176899\"><a href=\"https:\/\/ocandeeiro.org\/fr\/biocivilizacao\/biblioteca\/\"><em> <svg  class=\"tf_fa tf-fas-book-open\" aria-hidden=\"true\"><use href=\"#tf-fas-book-open\"><\/use><\/svg><\/em> Biblioth\u00e8que<\/a><\/li>\n<li id=\"menu-item-177032\" class=\"menu-item-custom-177032 menu-item menu-item-type-custom menu-item-object-custom menu-item-has-children menu-item-177032\"><a role=\"button\" tabindex=\"0\"><em> <svg  class=\"tf_fa tf-fas-circle-arrow-down\" aria-hidden=\"true\"><use href=\"#tf-fas-circle-arrow-down\"><\/use><\/svg><\/em> \u00c9thique (transversale)<span class=\"child-arrow closed\" tabindex=\"-1\"><\/span><\/a>\n<ul class=\"sub-menu\">\n\t<li id=\"menu-item-177037\" class=\"menu-item-page-176960 menu-item menu-item-type-post_type menu-item-object-page menu-item-177037 menu-page-176960-parent-177032\"><a href=\"https:\/\/ocandeeiro.org\/fr\/biocivilizacao\/biblioteca\/fr-virtudes-eticas-videos\/\"><em> <svg  class=\"tf_fa tf-fas-square-caret-right\" aria-hidden=\"true\"><use href=\"#tf-fas-square-caret-right\"><\/use><\/svg><\/em> Vid\u00e9os<\/a><\/li>\n\t<li id=\"menu-item-177036\" class=\"menu-item-page-176969 menu-item menu-item-type-post_type menu-item-object-page menu-item-177036 menu-page-176969-parent-177032\"><a href=\"https:\/\/ocandeeiro.org\/fr\/biocivilizacao\/biblioteca\/fr-virtudes-eticas-links\/\"><em> <svg  class=\"tf_fa tf-fas-link\" aria-hidden=\"true\"><use href=\"#tf-fas-link\"><\/use><\/svg><\/em> Links<\/a><\/li>\n\t<li id=\"menu-item-177035\" class=\"menu-item-page-176976 menu-item menu-item-type-post_type menu-item-object-page menu-item-177035 menu-page-176976-parent-177032\"><a href=\"https:\/\/ocandeeiro.org\/fr\/biocivilizacao\/biblioteca\/fr-virtudes-eticas-documentos\/\"><em> <svg  class=\"tf_fa tf-fas-file-alt\" aria-hidden=\"true\"><use href=\"#tf-fas-file-alt\"><\/use><\/svg><\/em> Documentation<\/a><\/li>\n<\/ul>\n<\/li>\n<li id=\"menu-item-177033\" class=\"menu-item-custom-177033 menu-item menu-item-type-custom menu-item-object-custom menu-item-has-children menu-item-177033\"><a role=\"button\" tabindex=\"0\"><em> <svg  class=\"tf_fa tf-fas-circle-arrow-down\" aria-hidden=\"true\"><use href=\"#tf-fas-circle-arrow-down\"><\/use><\/svg><\/em> Structure \u00c9conomique<span class=\"child-arrow closed\" tabindex=\"-1\"><\/span><\/a>\n<ul class=\"sub-menu\">\n\t<li id=\"menu-item-177040\" class=\"menu-item-page-176984 menu-item menu-item-type-post_type menu-item-object-page menu-item-177040 menu-page-176984-parent-177033\"><a href=\"https:\/\/ocandeeiro.org\/fr\/biocivilizacao\/biblioteca\/fr-modelo-economico-videos\/\"><em> <svg  class=\"tf_fa tf-fas-square-caret-right\" aria-hidden=\"true\"><use href=\"#tf-fas-square-caret-right\"><\/use><\/svg><\/em> Vid\u00e9os<\/a><\/li>\n\t<li id=\"menu-item-177039\" class=\"menu-item-page-176989 menu-item menu-item-type-post_type menu-item-object-page menu-item-177039 menu-page-176989-parent-177033\"><a href=\"https:\/\/ocandeeiro.org\/fr\/biocivilizacao\/biblioteca\/fr-modelo-economico-links\/\"><em> <svg  class=\"tf_fa tf-fas-link\" aria-hidden=\"true\"><use href=\"#tf-fas-link\"><\/use><\/svg><\/em> Links<\/a><\/li>\n\t<li id=\"menu-item-177038\" class=\"menu-item-page-176994 menu-item menu-item-type-post_type menu-item-object-page menu-item-177038 menu-page-176994-parent-177033\"><a href=\"https:\/\/ocandeeiro.org\/fr\/biocivilizacao\/biblioteca\/fr-modelo-economico-documentos\/\"><em> <svg  class=\"tf_fa tf-fas-file-alt\" aria-hidden=\"true\"><use href=\"#tf-fas-file-alt\"><\/use><\/svg><\/em> Documentation<\/a><\/li>\n<\/ul>\n<\/li>\n<li id=\"menu-item-177034\" class=\"menu-item-custom-177034 menu-item menu-item-type-custom menu-item-object-custom menu-item-has-children menu-item-177034\"><a role=\"button\" tabindex=\"0\"><em> <svg  class=\"tf_fa tf-fas-circle-arrow-down\" aria-hidden=\"true\"><use href=\"#tf-fas-circle-arrow-down\"><\/use><\/svg><\/em> Gouvernance Mondiale<span class=\"child-arrow closed\" tabindex=\"-1\"><\/span><\/a>\n<ul class=\"sub-menu\">\n\t<li id=\"menu-item-177043\" class=\"menu-item-page-176999 menu-item menu-item-type-post_type menu-item-object-page menu-item-177043 menu-page-176999-parent-177034\"><a href=\"https:\/\/ocandeeiro.org\/fr\/biocivilizacao\/biblioteca\/fr-governanca-global-videos\/\"><em> <svg  class=\"tf_fa tf-fas-square-caret-right\" aria-hidden=\"true\"><use href=\"#tf-fas-square-caret-right\"><\/use><\/svg><\/em> Vid\u00e9os<\/a><\/li>\n\t<li id=\"menu-item-177042\" class=\"menu-item-page-177006 menu-item menu-item-type-post_type menu-item-object-page menu-item-177042 menu-page-177006-parent-177034\"><a href=\"https:\/\/ocandeeiro.org\/fr\/biocivilizacao\/biblioteca\/fr-governanca-global-links\/\"><em> <svg  class=\"tf_fa tf-fas-link\" aria-hidden=\"true\"><use href=\"#tf-fas-link\"><\/use><\/svg><\/em> Links<\/a><\/li>\n\t<li id=\"menu-item-177041\" class=\"menu-item-page-177013 menu-item menu-item-type-post_type menu-item-object-page menu-item-177041 menu-page-177013-parent-177034\"><a href=\"https:\/\/ocandeeiro.org\/fr\/biocivilizacao\/biblioteca\/fr-governanca-global-documentos\/\"><em> <svg  class=\"tf_fa tf-fas-file-alt\" aria-hidden=\"true\"><use href=\"#tf-fas-file-alt\"><\/use><\/svg><\/em> Documentation<\/a><\/li>\n<\/ul>\n<\/li>\n<li id=\"menu-item-wpml-ls-36-pt-br\" class=\"menu-item-wpml_ls_menu_item-wpml-ls-36-pt-br menu-item wpml-ls-slot-36 wpml-ls-item wpml-ls-item-pt-br wpml-ls-menu-item wpml-ls-first-item menu-item-type-wpml_ls_menu_item menu-item-object-wpml_ls_menu_item menu-item-wpml-ls-36-pt-br\"><a href=\"https:\/\/ocandeeiro.org\/\" title=\"Passer \u00e0 Portugais - du Br\u00e9sil\" aria-label=\"Passer \u00e0 Portugais - du Br\u00e9sil\" role=\"menuitem\"><img decoding=\"async\"\n            class=\"wpml-ls-flag\"\n            src=\"https:\/\/ocandeeiro.org\/wp-content\/plugins\/sitepress-multilingual-cms\/res\/flags\/pt-br.svg\"\n            alt=\"Portugais - du Br\u00e9sil\"\n            \n            \n    \/><\/a><\/li>\n<li id=\"menu-item-wpml-ls-36-es\" class=\"menu-item-wpml_ls_menu_item-wpml-ls-36-es menu-item wpml-ls-slot-36 wpml-ls-item wpml-ls-item-es wpml-ls-menu-item menu-item-type-wpml_ls_menu_item menu-item-object-wpml_ls_menu_item menu-item-wpml-ls-36-es\"><a href=\"https:\/\/ocandeeiro.org\/es\/\" title=\"Passer \u00e0 Espagnol\" aria-label=\"Passer \u00e0 Espagnol\" role=\"menuitem\"><img decoding=\"async\"\n            class=\"wpml-ls-flag\"\n            src=\"https:\/\/ocandeeiro.org\/wp-content\/plugins\/sitepress-multilingual-cms\/res\/flags\/es.svg\"\n            alt=\"Espagnol\"\n            \n            \n    \/><\/a><\/li>\n<li id=\"menu-item-wpml-ls-36-ca\" class=\"menu-item-wpml_ls_menu_item-wpml-ls-36-ca menu-item wpml-ls-slot-36 wpml-ls-item wpml-ls-item-ca wpml-ls-menu-item menu-item-type-wpml_ls_menu_item menu-item-object-wpml_ls_menu_item menu-item-wpml-ls-36-ca\"><a href=\"https:\/\/ocandeeiro.org\/ca\/\" title=\"Passer \u00e0 Catalan\" aria-label=\"Passer \u00e0 Catalan\" role=\"menuitem\"><img decoding=\"async\"\n            class=\"wpml-ls-flag\"\n            src=\"https:\/\/ocandeeiro.org\/wp-content\/plugins\/sitepress-multilingual-cms\/res\/flags\/ca.svg\"\n            alt=\"Catalan\"\n            \n            \n    \/><\/a><\/li>\n<li id=\"menu-item-wpml-ls-36-en\" class=\"menu-item-wpml_ls_menu_item-wpml-ls-36-en menu-item wpml-ls-slot-36 wpml-ls-item wpml-ls-item-en wpml-ls-menu-item menu-item-type-wpml_ls_menu_item menu-item-object-wpml_ls_menu_item menu-item-wpml-ls-36-en\"><a href=\"https:\/\/ocandeeiro.org\/en\/\" title=\"Passer \u00e0 Anglais\" aria-label=\"Passer \u00e0 Anglais\" role=\"menuitem\"><img decoding=\"async\"\n            class=\"wpml-ls-flag\"\n            src=\"https:\/\/ocandeeiro.org\/wp-content\/plugins\/sitepress-multilingual-cms\/res\/flags\/en.svg\"\n            alt=\"Anglais\"\n            \n            \n    \/><\/a><\/li>\n<li id=\"menu-item-wpml-ls-36-fr\" class=\"menu-item-wpml_ls_menu_item-wpml-ls-36-fr menu-item wpml-ls-slot-36 wpml-ls-item wpml-ls-item-fr wpml-ls-current-language wpml-ls-menu-item wpml-ls-last-item menu-item-type-wpml_ls_menu_item menu-item-object-wpml_ls_menu_item menu-item-wpml-ls-36-fr\"><a href=\"https:\/\/ocandeeiro.org\/fr\/\" role=\"menuitem\"><img decoding=\"async\"\n            class=\"wpml-ls-flag\"\n            src=\"https:\/\/ocandeeiro.org\/wp-content\/plugins\/sitepress-multilingual-cms\/res\/flags\/fr.svg\"\n            alt=\"Fran\u00e7ais\"\n            \n            \n    \/><\/a><\/li>\n<\/ul><\/div>        <style>\n            .mobile-menu-module[data-module=\"tb_etqg146\"]{\n                right:-300px            }\n        <\/style>\n    <\/div>\n<!-- \/module menu -->\n        <\/div>\n                        <\/div>\n        <\/div>\n            <\/div>\n<!--\/themify_builder_content--><\/div>\n    <\/div>\n<\/div>\n<!-- \/module text -->        <\/div>\n                        <\/div>\n        <\/div>\n                        <div  data-lazy=\"1\" class=\"module_row themify_builder_row tb_gnw3888 tf_w\">\n                        <div class=\"row_inner col_align_top tb_col_count_1 tf_box tf_rel\">\n                        <div  data-lazy=\"1\" class=\"module_column tb-column col-full tb_gzuf000 first\">\n                    <!-- module text -->\n<div  class=\"module module-text tb_sj7b779   \" data-lazy=\"1\">\n        <div  class=\"tb_text_wrap\">\n        <h3><span class=\"HwtZe\" lang=\"fr\"><span class=\"jCAhz ChMk0b\"><span class=\"ryNqvb\">Envoyez votre contribution<\/span><\/span><\/span><\/h3><p><strong><span class=\"HwtZe\" lang=\"fr\"><span class=\"jCAhz ChMk0b\"><span class=\"ryNqvb\">Axes th\u00e9matiques<\/span><\/span><\/span><\/strong><\/p><p><span class=\"HwtZe\" lang=\"fr\"><span class=\"jCAhz ChMk0b\"><span class=\"ryNqvb\">Une nouvelle Biocivilisation avec laquelle :<\/span><\/span><\/span><\/p><p>1. <span class=\"HwtZe\" lang=\"fr\"><span class=\"jCAhz ChMk0b\"><span class=\"ryNqvb\">\u00c9thique (transversale)<\/span><\/span><\/span><br \/>2. <span class=\"HwtZe\" lang=\"fr\"><span class=\"jCAhz ChMk0b\"><span class=\"ryNqvb\">Avec quelle \u00e9conomie et structure \u00e9conomique ?<\/span><\/span><\/span><br \/>3. <span class=\"HwtZe\" lang=\"fr\"><span class=\"jCAhz ChMk0b\"><span class=\"ryNqvb\">Avec quelles formes organisationnelles de pouvoir populaire\/local et de gouvernance mondiale ?<\/span><\/span><\/span><\/p>    <\/div>\n<\/div>\n<!-- \/module text --><!-- module text -->\n<div  class=\"module module-text tb_thn2808   \" data-lazy=\"1\">\n        <div  class=\"tb_text_wrap\">\n        <div class=\"module module-text tb_38nd189\"><div class=\"tb_text_wrap\">\n<div class=\"wpcf7 no-js\" id=\"wpcf7-f177027-o1\" lang=\"fr-FR\" dir=\"ltr\" data-wpcf7-id=\"177027\">\n<div class=\"screen-reader-response\"><p role=\"status\" aria-live=\"polite\" aria-atomic=\"true\"><\/p> <ul><\/ul><\/div>\n<form action=\"\/fr\/wp-json\/wp\/v2\/pages\/176895#wpcf7-f177027-o1\" method=\"post\" class=\"wpcf7-form init\" aria-label=\"Formulaire de contact\" enctype=\"multipart\/form-data\" novalidate=\"novalidate\" data-status=\"init\">\n<fieldset class=\"hidden-fields-container\"><input type=\"hidden\" name=\"_wpcf7\" value=\"177027\" \/><input type=\"hidden\" name=\"_wpcf7_version\" value=\"6.1.5\" \/><input type=\"hidden\" name=\"_wpcf7_locale\" value=\"fr_FR\" \/><input type=\"hidden\" name=\"_wpcf7_unit_tag\" value=\"wpcf7-f177027-o1\" \/><input type=\"hidden\" name=\"_wpcf7_container_post\" value=\"0\" \/><input type=\"hidden\" name=\"_wpcf7_posted_data_hash\" value=\"\" \/><input type=\"hidden\" name=\"_wpcf7cf_hidden_group_fields\" value=\"[]\" \/><input type=\"hidden\" name=\"_wpcf7cf_hidden_groups\" value=\"[]\" \/><input type=\"hidden\" name=\"_wpcf7cf_visible_groups\" value=\"[]\" \/><input type=\"hidden\" name=\"_wpcf7cf_repeaters\" value=\"[]\" \/><input type=\"hidden\" name=\"_wpcf7cf_steps\" value=\"{}\" \/><input type=\"hidden\" name=\"_wpcf7cf_options\" value=\"{&quot;form_id&quot;:177027,&quot;conditions&quot;:[],&quot;settings&quot;:{&quot;animation&quot;:&quot;yes&quot;,&quot;animation_intime&quot;:200,&quot;animation_outtime&quot;:200,&quot;conditions_ui&quot;:&quot;normal&quot;,&quot;notice_dismissed&quot;:false,&quot;notice_dismissed_update-cf7-5.4.1&quot;:true,&quot;notice_dismissed_update-cf7-5.5.6&quot;:true,&quot;notice_dismissed_update-cf7-5.7.4&quot;:true,&quot;notice_dismissed_update-cf7-5.7.7&quot;:true,&quot;notice_dismissed_update-cf7-5.8.5&quot;:true,&quot;notice_dismissed_update-cf7-5.8.6&quot;:true,&quot;notice_dismissed_update-cf7-5.8.7&quot;:true,&quot;notice_dismissed_update-cf7-6.1&quot;:true}}\" \/>\n<\/fieldset>\n<p><em>(Nous vous demandons de remplir tous les champs, notamment ceux marqu\u00e9s d'un *)<\/em>\n<\/p>\n<p>Nom:* <span class=\"wpcf7-form-control-wrap\" data-name=\"nome\"><input size=\"40\" maxlength=\"400\" class=\"wpcf7-form-control wpcf7-text wpcf7-validates-as-required\" aria-required=\"true\" aria-invalid=\"false\" value=\"\" type=\"text\" name=\"nome\" \/><\/span>\n<\/p>\n<p>E-mail:* <span class=\"wpcf7-form-control-wrap\" data-name=\"email\"><input size=\"40\" maxlength=\"400\" class=\"wpcf7-form-control wpcf7-email wpcf7-validates-as-required wpcf7-text wpcf7-validates-as-email\" aria-required=\"true\" aria-invalid=\"false\" value=\"\" type=\"email\" name=\"email\" \/><\/span>\n<\/p>\n<p>T\u00e9l\u00e9phone: <span class=\"wpcf7-form-control-wrap\" data-name=\"telefone\"><input size=\"40\" maxlength=\"400\" class=\"wpcf7-form-control wpcf7-text\" aria-invalid=\"false\" value=\"\" type=\"text\" name=\"telefone\" \/><\/span>\n<\/p>\n<p>Ville:* <span class=\"wpcf7-form-control-wrap\" data-name=\"cidade\"><input size=\"40\" maxlength=\"400\" class=\"wpcf7-form-control wpcf7-text wpcf7-validates-as-required\" aria-required=\"true\" aria-invalid=\"false\" value=\"\" type=\"text\" name=\"cidade\" \/><\/span>\n<\/p>\n<p>Pays:* <span class=\"wpcf7-form-control-wrap\" data-name=\"pais\"><input size=\"40\" maxlength=\"400\" class=\"wpcf7-form-control wpcf7-text wpcf7-validates-as-required\" aria-required=\"true\" aria-invalid=\"false\" value=\"\" type=\"text\" name=\"pais\" \/><\/span>\n<\/p>\n<p>Titre de la contribution:* <span class=\"wpcf7-form-control-wrap\" data-name=\"titulo\"><input size=\"40\" maxlength=\"400\" class=\"wpcf7-form-control wpcf7-text wpcf7-validates-as-required\" aria-required=\"true\" aria-invalid=\"false\" value=\"\" type=\"text\" name=\"titulo\" \/><\/span>\n<\/p>\n<p>Auteur: <span class=\"wpcf7-form-control-wrap\" data-name=\"autor\"><input size=\"40\" maxlength=\"400\" class=\"wpcf7-form-control wpcf7-text\" aria-invalid=\"false\" value=\"\" type=\"text\" name=\"autor\" \/><\/span>\n<\/p>\n<p>Observation:<br \/>\n<span class=\"wpcf7-form-control-wrap\" data-name=\"descricao\"><textarea cols=\"40\" rows=\"10\" maxlength=\"2000\" class=\"wpcf7-form-control wpcf7-textarea\" aria-invalid=\"false\" name=\"descricao\"><\/textarea><\/span>\n<\/p>\n<p>Joindre le(s) document(s):<br \/>\n<em>(types de fichiers: pdf \/ taille du fichier: jusqu'\u00e0 5 MB)<\/em><br \/>\n<em><span style=\"color:#991896;\">(Indiquer l'axe th\u00e9matique de chaque contenu dans le document)<\/span><br \/>\n<span class=\"wpcf7-form-control-wrap\" data-name=\"documento\"><input size=\"40\" class=\"wpcf7-form-control wpcf7-file\" accept=\".pdf\" aria-invalid=\"false\" type=\"file\" name=\"documento\" \/><\/span><\/em>\n<\/p>\n<p>Lien(s) vers des vid\u00e9os:<br \/>\n<span class=\"wpcf7-form-control-wrap\" data-name=\"videos\"><textarea cols=\"40\" rows=\"6\" maxlength=\"2000\" class=\"wpcf7-form-control wpcf7-textarea\" aria-invalid=\"false\" name=\"videos\"><\/textarea><\/span><br \/>\n<em><span style=\"color:#991896;\">(Indiquez l'axe th\u00e9matique de chaque contenu)<\/span><\/em>\n<\/p>\n<p>Lien(s) vers des sites Web\/blog(s):<br \/>\n<span class=\"wpcf7-form-control-wrap\" data-name=\"sites\"><textarea cols=\"40\" rows=\"6\" maxlength=\"2000\" class=\"wpcf7-form-control wpcf7-textarea\" aria-invalid=\"false\" name=\"sites\"><\/textarea><\/span><br \/>\n<em><span style=\"color:#991896;\">(Indiquer l'axe th\u00e9matique de chaque contenu)<\/span><\/em>\n<\/p>\n<p><span class=\"wpcf7-form-control-wrap\" data-name=\"your-consent\"><span class=\"wpcf7-form-control wpcf7-acceptance\"><span class=\"wpcf7-list-item\"><label><input type=\"checkbox\" name=\"your-consent\" value=\"1\" aria-invalid=\"false\" \/><span class=\"wpcf7-list-item-label\">J'ai lu et je suis d'accord avec <a href=\"\/politica-de-privacidade\" target=\"_blank\">conditions d'utilisation<\/a>*.<\/span><\/label><\/span><\/span><\/span>\n<\/p>\n<p><div class=\"cf7-cf-turnstile\" style=\"margin-top: 0px; margin-bottom: -15px;\"> <div id=\"cf-turnstile-cf7-1471085573\" class=\"cf-turnstile\" data-sitekey=\"0x4AAAAAAADYyHEQMuNvKWmd\" data-theme=\"auto\" data-language=\"pt-br\" data-size=\"\" data-retry=\"auto\" data-retry-interval=\"1000\" data-refresh-expired=\"auto\" data-action=\"contact-form-7\" data-appearance=\"always\"><\/div> <script>document.addEventListener(\"DOMContentLoaded\", function() { setTimeout(function(){ var e=document.getElementById(\"cf-turnstile-cf7-1471085573\"); e&&!e.innerHTML.trim()&&(turnstile.remove(\"#cf-turnstile-cf7-1471085573\"), turnstile.render(\"#cf-turnstile-cf7-1471085573\", {sitekey:\"0x4AAAAAAADYyHEQMuNvKWmd\"})); }, 100); });<\/script> <br class=\"cf-turnstile-br cf-turnstile-br-cf7-1471085573\"> <style>#cf-turnstile-cf7-1471085573 { margin-left: -15px; }<\/style> <script>document.addEventListener(\"DOMContentLoaded\",function(){document.querySelectorAll('.wpcf7-form').forEach(function(e){e.addEventListener('submit',function(){if(document.getElementById('cf-turnstile-cf7-1471085573')){setTimeout(function(){turnstile.reset('#cf-turnstile-cf7-1471085573');},1000)}})})});<\/script> <\/div><br\/><input class=\"wpcf7-form-control wpcf7-submit has-spinner\" type=\"submit\" value=\"Envoyer\" \/>\n<\/p><input type='hidden' class='wpcf7-pum' value='{\"closepopup\":false,\"closedelay\":0,\"openpopup\":false,\"openpopup_id\":0}' \/><div class=\"wpcf7-response-output\" aria-hidden=\"true\"><\/div>\n<\/form>\n<\/div>\n<\/div><\/div>    <\/div>\n<\/div>\n<!-- \/module text -->        <\/div>\n                        <\/div>\n        <\/div>\n        <\/div>\n<!--\/themify_builder_content-->","protected":false},"excerpt":{"rendered":"<p>Envoyez votre contribution Axes th\u00e9matiques Une nouvelle Biocivilisation avec laquelle : 1. \u00c9thique (transversale) 2. Avec quelle \u00e9conomie et structure \u00e9conomique ? 3. Avec quelles formes organisationnelles de pouvoir populaire\/local et de gouvernance mondiale ?<\/p>\n","protected":false},"author":1,"featured_media":0,"parent":176882,"menu_order":0,"comment_status":"closed","ping_status":"closed","template":"","meta":{"_acf_changed":false,"footnotes":""},"class_list":["post-176895","page","type-page","status-publish","hentry","has-post-title","has-post-date","has-post-category","has-post-tag","has-post-comment","has-post-author",""],"acf":[],"_links":{"self":[{"href":"https:\/\/ocandeeiro.org\/fr\/wp-json\/wp\/v2\/pages\/176895","targetHints":{"allow":["GET"]}}],"collection":[{"href":"https:\/\/ocandeeiro.org\/fr\/wp-json\/wp\/v2\/pages"}],"about":[{"href":"https:\/\/ocandeeiro.org\/fr\/wp-json\/wp\/v2\/types\/page"}],"author":[{"embeddable":true,"href":"https:\/\/ocandeeiro.org\/fr\/wp-json\/wp\/v2\/users\/1"}],"replies":[{"embeddable":true,"href":"https:\/\/ocandeeiro.org\/fr\/wp-json\/wp\/v2\/comments?post=176895"}],"version-history":[{"count":8,"href":"https:\/\/ocandeeiro.org\/fr\/wp-json\/wp\/v2\/pages\/176895\/revisions"}],"predecessor-version":[{"id":177030,"href":"https:\/\/ocandeeiro.org\/fr\/wp-json\/wp\/v2\/pages\/176895\/revisions\/177030"}],"up":[{"embeddable":true,"href":"https:\/\/ocandeeiro.org\/fr\/wp-json\/wp\/v2\/pages\/176882"}],"wp:attachment":[{"href":"https:\/\/ocandeeiro.org\/fr\/wp-json\/wp\/v2\/media?parent=176895"}],"curies":[{"name":"wp","href":"https:\/\/api.w.org\/{rel}","templated":true}]}}