{"id":176866,"date":"2024-03-09T11:42:10","date_gmt":"2024-03-09T14:42:10","guid":{"rendered":"https:\/\/ocandeeiro.org\/biocivilizacao\/"},"modified":"2025-10-20T11:49:41","modified_gmt":"2025-10-20T14:49:41","slug":"biocivilizacao","status":"publish","type":"page","link":"https:\/\/ocandeeiro.org\/fr\/biocivilizacao\/","title":{"rendered":"P\u00e1gina Biociviliza\u00e7\u00e3o &#8211; A Biociviliza\u00e7\u00e3o: Paradigma de Conviv\u00eancia Planet\u00e1ria"},"content":{"rendered":"<!--themify_builder_content-->\n<div id=\"themify_builder_content-176866\" data-postid=\"176866\" class=\"themify_builder_content themify_builder_content-176866 themify_builder tf_clear\">\n                    <div  data-css_id=\"sw7c753\" data-lazy=\"1\" class=\"module_row themify_builder_row fullwidth_row_container tb_sw7c753 tb_first tf_w\">\n            <span class=\"tb_row_frame_wrap tf_overflow tf_abs\" data-lazy=\"1\"><span class=\"tb_row_frame tb_row_frame_bottom  tf_abs tf_hide tf_overflow tf_w\"><\/span><\/span>            <div class=\"row_inner col_align_top gutter-none tb_col_count_2 tf_box tf_rel\">\n                        <div  data-lazy=\"1\" class=\"module_column tb-column col4-3 tb_wyiy753 first\">\n                            <\/div>\n                    <div  data-lazy=\"1\" class=\"module_column tb-column col4-1 tb_ffi5753 last\">\n                    <!-- module image -->\n<div  class=\"module module-image tb_reza753 image-top   tf_mw\" data-lazy=\"1\">\n        <div class=\"image-wrap tf_rel tf_mw\">\n            <img loading=\"lazy\" decoding=\"async\" src=\"https:\/\/ocandeeiro.org\/wp-content\/uploads\/2024\/09\/logo-universidade-mutua-circulo-220x220.png\" width=\"220\" height=\"220\" class=\"wp-post-image wp-image-176878\" title=\"P\u00e1gina Biociviliza\u00e7\u00e3o &#8211; A Biociviliza\u00e7\u00e3o: Paradigma de Conviv\u00eancia Planet\u00e1ria\" alt=\"P\u00e1gina Biociviliza\u00e7\u00e3o &#8211; A Biociviliza\u00e7\u00e3o: Paradigma de Conviv\u00eancia Planet\u00e1ria\" srcset=\"https:\/\/ocandeeiro.org\/wp-content\/uploads\/2024\/09\/logo-universidade-mutua-circulo-220x220.png 220w, https:\/\/ocandeeiro.org\/wp-content\/uploads\/2024\/09\/logo-universidade-mutua-circulo-300x300.png 300w, https:\/\/ocandeeiro.org\/wp-content\/uploads\/2024\/09\/logo-universidade-mutua-circulo-150x150.png 150w, https:\/\/ocandeeiro.org\/wp-content\/uploads\/2024\/09\/logo-universidade-mutua-circulo.png 350w\" sizes=\"auto, (max-width: 220px) 100vw, 220px\" \/>    \n        <\/div>\n    <!-- \/image-wrap -->\n    \n        <\/div>\n<!-- \/module image -->        <\/div>\n                        <\/div>\n        <\/div>\n                        <div  data-css_id=\"rcan417\" data-lazy=\"1\" class=\"module_row themify_builder_row fullwidth tb_rcan417 tf_w\">\n                        <div class=\"row_inner col_align_top tb_col_count_3 tf_box tf_rel\">\n                        <div  data-lazy=\"1\" class=\"module_column tb-column col4-1 tb_emcu418 first\">\n                            <\/div>\n                    <div  data-lazy=\"1\" class=\"module_column tb-column col4-2 tb_xms1418\">\n                    <!-- module text -->\n<div  class=\"module module-text tb_d3hs551   \" data-lazy=\"1\">\n        <div  class=\"tb_text_wrap\">\n        <div class=\"module module-text tb_38nd189\"><div class=\"tb_text_wrap\"><p><em>(P\u00e1gina da Roda de Conversa da Universidade M\u00fatua sobre A Biociviliza\u00e7\u00e3o: Paradigma de Conviv\u00eancia Planet\u00e1ria)<\/em><\/p><h2>A Biociviliza\u00e7\u00e3o: Paradigma de Conviv\u00eancia Planet\u00e1ria<\/h2><p>Esta p\u00e1gina do <a href=\"https:\/\/ocandeeiro.org\/\">ocandeeiro.org<\/a> tem por objetivo oferecer material de apoio aos interessados no tema \u201c<strong>Biociviliza\u00e7\u00e3o, paradigma de conviv\u00eancia planet\u00e1ria, para continuar construindo, visibilizando e fortalecendo uma civiliza\u00e7\u00e3o em rede com a vida\u201d<\/strong>.<\/p><p>A Biociviliza\u00e7\u00e3o articula-se com o esp\u00edrito de mudan\u00e7a do nosso tempo, como estrat\u00e9gia para construir, agora, um caminho comum atrav\u00e9s do di\u00e1logo, da articula\u00e7\u00e3o, da liga\u00e7\u00e3o, da inter-rela\u00e7\u00e3o e da constru\u00e7\u00e3o colectiva, que nos tirar\u00e1 da crise sist\u00e9mica que enfrentamos e que ir\u00e1 beneficiar toda a rede de vida que habita o nosso Planeta.<\/p><p>A Biociviliza\u00e7\u00e3o coloca a ess\u00eancia do florescente paradigma da coexist\u00eancia planet\u00e1ria na rede da vida, na qual se enredam todos os seres vivos: humanos, animais, plantas, o Planeta Terra\u2026<\/p><p>O material de apoio oferecido aos interessados nesta p\u00e1gina consiste de v\u00eddeos e textos.<\/p><p>Para participar, cadastre-se antecipadamente e inscreva-se gratuitamente na roda de conversa por meio deste link: <a href=\"https:\/\/ocandeeiro.org\/unimutua\/rodas-de-conversa\/\">https:\/\/ocandeeiro.org\/unimutua\/rodas-de-conversa\/<\/a><\/p><\/div><\/div>    <\/div>\n<\/div>\n<!-- \/module text -->        <\/div>\n                    <div  data-lazy=\"1\" class=\"module_column tb-column col4-1 tb_daps419 last\">\n                            <\/div>\n                        <\/div>\n        <\/div>\n                        <div  data-lazy=\"1\" class=\"module_row themify_builder_row tb_0vz5223 tf_w\">\n                        <div class=\"row_inner col_align_top tb_col_count_1 tf_box tf_rel\">\n                        <div  data-lazy=\"1\" class=\"module_column tb-column col-full tb_9z7d238 first\">\n                    <!-- module text -->\n<div  class=\"module module-text tb_8d39975   \" data-lazy=\"1\">\n        <div  class=\"tb_text_wrap\">\n        <h3 style=\"text-align: center;\">Documentos base<\/h3>    <\/div>\n<\/div>\n<!-- \/module text -->        <\/div>\n                        <\/div>\n        <\/div>\n                        <div  data-lazy=\"1\" class=\"module_row themify_builder_row tb_6h60805 tf_w\">\n                        <div class=\"row_inner col_align_top tb_col_count_2 tf_box tf_rel\">\n                        <div  data-lazy=\"1\" class=\"module_column tb-column col4-2 tb_cf6g805 first\">\n                    <!-- module buttons -->\n<div  class=\"module module-buttons tb_vrxl805 buttons-horizontal solid   circle buttons-fullwidth\" data-lazy=\"1\">\n        <div class=\"module-buttons-item tf_in_flx\">\n                        <a href=\"https:\/\/ocandeeiro.org\/wp-content\/uploads\/2024\/04\/Biocivilizacao-a-civilizacao-da-vida-em-rede-PORTUGUES-2024-04-20.pdf\" class=\"ui builder_button tf_in_flx blue\" target=\"_blank\" rel=\"noopener\">\n                                    <em><svg  class=\"tf_fa tf-fas-download\" aria-hidden=\"true\"><use href=\"#tf-fas-download\"><\/use><\/svg><\/em>                                        Biociviliza\u00e7\u00e3o, a civiliza\u00e7\u00e3o da vida em rede - PORTUGU\u00caS                                        <\/a>\n                <\/div>\n            <\/div>\n<!-- \/module buttons -->\n        <\/div>\n                    <div  data-lazy=\"1\" class=\"module_column tb-column col4-2 tb_eekx805 last\">\n                    <!-- module buttons -->\n<div  class=\"module module-buttons tb_ob8y12 buttons-horizontal solid   circle buttons-fullwidth\" data-lazy=\"1\">\n        <div class=\"module-buttons-item tf_in_flx\">\n                        <a href=\"https:\/\/ocandeeiro.org\/wp-content\/uploads\/2024\/04\/papa-francesco_20150524_enciclica-laudato-si_po.pdf\" class=\"ui builder_button tf_in_flx purple\" target=\"_blank\" rel=\"noopener\">\n                                    <em><svg  class=\"tf_fa tf-fas-download\" aria-hidden=\"true\"><use href=\"#tf-fas-download\"><\/use><\/svg><\/em>                                        LAUDATO SI\u2019 - PAPA FRANCISCO - PORTUGU\u00caS                                        <\/a>\n                <\/div>\n            <\/div>\n<!-- \/module buttons -->\n        <\/div>\n                        <\/div>\n        <\/div>\n                        <div  data-css_id=\"lvqd681\" data-lazy=\"1\" class=\"module_row themify_builder_row fullwidth_row_container tb_lvqd681 tf_w\">\n            <span  class=\"builder_row_cover tf_abs\" data-lazy=\"1\"><\/span><span class=\"tb_row_frame_wrap tf_overflow tf_abs\" data-lazy=\"1\"><span class=\"tb_row_frame tb_row_frame_bottom  tf_abs tf_hide tf_overflow tf_w\"><\/span><\/span>            <div class=\"row_inner col_align_top tb_col_count_1 tf_box tf_rel\">\n                        <div  data-lazy=\"1\" class=\"module_column tb-column col-full tb_cbl3681 first\">\n                    <!-- module fancy heading -->\n<div  class=\"module module-fancy-heading tb_xmsk931 \" data-lazy=\"1\">\n        <h1 class=\"fancy-heading tf_textc\">\n    <span class=\"main-head tf_block\">\n                    Biblioteca Virtual Biocivilizat\u00f3ria            <\/span>\n\n    \n    <span class=\"sub-head tf_block tf_rel\">\n                                <\/span>\n    <\/h1>\n<\/div>\n<!-- \/module fancy heading -->\n<!-- module buttons -->\n<div  class=\"module module-buttons tb_g8n4884 buttons-horizontal solid   circle\" data-lazy=\"1\">\n        <div class=\"module-buttons-item tf_in_flx\">\n                        <a href=\"https:\/\/ocandeeiro.org\/biocivilizacao\/biblioteca\/\" class=\"ui builder_button tf_in_flx orange\" >\n                                    <em><svg  class=\"tf_fa tf-fas-book\" aria-hidden=\"true\"><use href=\"#tf-fas-book\"><\/use><\/svg><\/em>                                        ENTRAR                                        <\/a>\n                <\/div>\n            <\/div>\n<!-- \/module buttons -->\n        <\/div>\n                        <\/div>\n        <\/div>\n                        <div  data-lazy=\"1\" class=\"module_row themify_builder_row tb_16kk61 tf_w\">\n                        <div class=\"row_inner col_align_top tb_col_count_1 tf_box tf_rel\">\n                        <div  data-lazy=\"1\" class=\"module_column tb-column col-full tb_o78h61 first\">\n                    <!-- module text -->\n<div  class=\"module module-text tb_je2f61   \" data-lazy=\"1\">\n        <div  class=\"tb_text_wrap\">\n        <h3 style=\"text-align: center;\">Reuni\u00f5es<\/h3>    <\/div>\n<\/div>\n<!-- \/module text -->        <\/div>\n                        <\/div>\n        <\/div>\n                        <div  data-lazy=\"1\" class=\"module_row themify_builder_row tb_q7z7802 tf_w\">\n                        <div class=\"row_inner col_align_top tb_col_count_2 tf_box tf_rel\">\n                        <div  data-lazy=\"1\" class=\"module_column tb-column col4-2 tb_3xlh802 first\">\n                    <!-- module video -->\n<div  class=\"module module-video tb_jwxj709 video-top  \" data-lazy=\"1\">\n                    <div class=\"video-wrap-outer\">\n            <div class=\"video-wrap tf_rel tf_overflow\">\n                                    <noscript><iframe data-no-script src=\"https:\/\/www.youtube.com\/embed\/Tkfhl3nyYc4?pip=1&#038;playsinline=1\" allow=\"accelerometer;encrypted-media;gyroscope;picture-in-picture;fullscreen\" class=\"tf_abs tf_w tf_h\"><\/iframe><\/noscript>\n                                <\/div>\n            <!-- \/video-wrap -->\n        <\/div>\n        <!-- \/video-wrap-outer -->\n                    <div class=\"video-content\">\n                                    <h3 class=\"video-title\">\n                                            <a href=\"https:\/\/www.youtube.com\/watch?v=Tkfhl3nyYc4\">26\/10\/2024<\/a>\n                                        <\/h3>\n                \n                            <\/div>\n            <!-- \/video-content -->\n            <\/div>\n        <\/div>\n                    <div  data-lazy=\"1\" class=\"module_column tb-column col4-2 tb_8xcn802 last\">\n                    <!-- module video -->\n<div  class=\"module module-video tb_3jfa796 video-top  \" data-lazy=\"1\">\n                    <div class=\"video-wrap-outer\">\n            <div class=\"video-wrap tf_rel tf_overflow\">\n                                    <noscript><iframe data-no-script src=\"https:\/\/www.youtube.com\/embed\/pACM6XSb-gk?pip=1&#038;playsinline=1\" allow=\"accelerometer;encrypted-media;gyroscope;picture-in-picture;fullscreen\" class=\"tf_abs tf_w tf_h\"><\/iframe><\/noscript>\n                                <\/div>\n            <!-- \/video-wrap -->\n        <\/div>\n        <!-- \/video-wrap-outer -->\n                    <div class=\"video-content\">\n                                    <h3 class=\"video-title\">\n                                            <a href=\"https:\/\/www.youtube.com\/watch?v=pACM6XSb-gk\">31\/08\/2024<\/a>\n                                        <\/h3>\n                \n                            <\/div>\n            <!-- \/video-content -->\n            <\/div>\n        <\/div>\n                        <\/div>\n        <\/div>\n                        <div  data-lazy=\"1\" class=\"module_row themify_builder_row tb_96e5634 tf_w\">\n                        <div class=\"row_inner col_align_top tb_col_count_2 tf_box tf_rel\">\n                        <div  data-lazy=\"1\" class=\"module_column tb-column col4-2 tb_pgfh635 first\">\n                    <!-- module video -->\n<div  class=\"module module-video tb_m80p350 video-top  \" data-lazy=\"1\">\n                    <div class=\"video-wrap-outer\">\n            <div class=\"video-wrap tf_rel tf_overflow\">\n                                    <noscript><iframe data-no-script src=\"https:\/\/www.youtube.com\/embed\/Jkv9n0Yjc_I?pip=1&#038;playsinline=1\" allow=\"accelerometer;encrypted-media;gyroscope;picture-in-picture;fullscreen\" class=\"tf_abs tf_w tf_h\"><\/iframe><\/noscript>\n                                <\/div>\n            <!-- \/video-wrap -->\n        <\/div>\n        <!-- \/video-wrap-outer -->\n                    <div class=\"video-content\">\n                                    <h3 class=\"video-title\">\n                                            <a href=\"https:\/\/www.youtube.com\/watch?v=Jkv9n0Yjc_I\">27\/07\/2024<\/a>\n                                        <\/h3>\n                \n                            <\/div>\n            <!-- \/video-content -->\n            <\/div>\n        <\/div>\n                    <div  data-lazy=\"1\" class=\"module_column tb-column col4-2 tb_znfs635 last\">\n                    <!-- module video -->\n<div  class=\"module module-video tb_9wc4420 video-top  \" data-lazy=\"1\">\n                    <div class=\"video-wrap-outer\">\n            <div class=\"video-wrap tf_rel tf_overflow\">\n                                    <noscript><iframe data-no-script src=\"https:\/\/www.youtube.com\/embed\/kx7N06QB6Lg?pip=1&#038;playsinline=1\" allow=\"accelerometer;encrypted-media;gyroscope;picture-in-picture;fullscreen\" class=\"tf_abs tf_w tf_h\"><\/iframe><\/noscript>\n                                <\/div>\n            <!-- \/video-wrap -->\n        <\/div>\n        <!-- \/video-wrap-outer -->\n                    <div class=\"video-content\">\n                                    <h3 class=\"video-title\">\n                                            <a href=\"https:\/\/www.youtube.com\/watch?v=kx7N06QB6Lg\">29\/06\/2024<\/a>\n                                        <\/h3>\n                \n                            <\/div>\n            <!-- \/video-content -->\n            <\/div>\n        <\/div>\n                        <\/div>\n        <\/div>\n                        <div  data-lazy=\"1\" class=\"module_row themify_builder_row tb_qvwn53 tf_w\">\n                        <div class=\"row_inner col_align_top tb_col_count_2 tf_box tf_rel\">\n                        <div  data-lazy=\"1\" class=\"module_column tb-column col4-2 tb_bwzj53 first\">\n                    <!-- module video -->\n<div  class=\"module module-video tb_lze820 video-top  \" data-lazy=\"1\">\n                    <div class=\"video-wrap-outer\">\n            <div class=\"video-wrap tf_rel tf_overflow\">\n                                    <noscript><iframe data-no-script src=\"https:\/\/www.youtube.com\/embed\/dm8EcETlN7g?pip=1&#038;playsinline=1\" allow=\"accelerometer;encrypted-media;gyroscope;picture-in-picture;fullscreen\" class=\"tf_abs tf_w tf_h\"><\/iframe><\/noscript>\n                                <\/div>\n            <!-- \/video-wrap -->\n        <\/div>\n        <!-- \/video-wrap-outer -->\n                    <div class=\"video-content\">\n                                    <h3 class=\"video-title\">\n                                            <a href=\"https:\/\/www.youtube.com\/watch?v=dm8EcETlN7g\">25\/05\/2024<\/a>\n                                        <\/h3>\n                \n                            <\/div>\n            <!-- \/video-content -->\n            <\/div>\n        <\/div>\n                    <div  data-lazy=\"1\" class=\"module_column tb-column col4-2 tb_0gp254 last\">\n                    <!-- module video -->\n<div  class=\"module module-video tb_zl25230 video-top  \" data-lazy=\"1\">\n                    <div class=\"video-wrap-outer\">\n            <div class=\"video-wrap tf_rel tf_overflow\">\n                                    <noscript><iframe data-no-script src=\"https:\/\/www.youtube.com\/embed\/2Eiz1U1xsd0?pip=1&#038;playsinline=1\" allow=\"accelerometer;encrypted-media;gyroscope;picture-in-picture;fullscreen\" class=\"tf_abs tf_w tf_h\"><\/iframe><\/noscript>\n                                <\/div>\n            <!-- \/video-wrap -->\n        <\/div>\n        <!-- \/video-wrap-outer -->\n                    <div class=\"video-content\">\n                                    <h3 class=\"video-title\">\n                                            <a href=\"https:\/\/www.youtube.com\/watch?v=2Eiz1U1xsd0\">27\/04\/2024<\/a>\n                                        <\/h3>\n                \n                            <\/div>\n            <!-- \/video-content -->\n            <\/div>\n        <\/div>\n                        <\/div>\n        <\/div>\n                        <div  data-lazy=\"1\" class=\"module_row themify_builder_row tb_pece532 tf_w\">\n                        <div class=\"row_inner col_align_top tb_col_count_2 tf_box tf_rel\">\n                        <div  data-lazy=\"1\" class=\"module_column tb-column col4-2 tb_00tx533 first\">\n                    <!-- module video -->\n<div  class=\"module module-video tb_psok802 video-top  \" data-lazy=\"1\">\n                    <div class=\"video-wrap-outer\">\n            <div class=\"video-wrap tf_rel tf_overflow\">\n                                    <noscript><iframe data-no-script src=\"https:\/\/www.youtube.com\/embed\/W-xmKsRyXvU?pip=1&#038;playsinline=1\" allow=\"accelerometer;encrypted-media;gyroscope;picture-in-picture;fullscreen\" class=\"tf_abs tf_w tf_h\"><\/iframe><\/noscript>\n                                <\/div>\n            <!-- \/video-wrap -->\n        <\/div>\n        <!-- \/video-wrap-outer -->\n                    <div class=\"video-content\">\n                                    <h3 class=\"video-title\">\n                                            <a href=\"https:\/\/www.youtube.com\/watch?v=W-xmKsRyXvU\">30\/03\/2024<\/a>\n                                        <\/h3>\n                \n                            <\/div>\n            <!-- \/video-content -->\n            <\/div>\n        <\/div>\n                    <div  data-lazy=\"1\" class=\"module_column tb-column col4-2 tb_ogxx533 last\">\n                    <!-- module video -->\n<div  class=\"module module-video tb_04u3533 video-top  \" data-lazy=\"1\">\n                    <div class=\"video-wrap-outer\">\n            <div class=\"video-wrap tf_rel tf_overflow\">\n                                    <noscript><iframe data-no-script src=\"https:\/\/www.youtube.com\/embed\/x5GxANaIlr0?pip=1&#038;playsinline=1\" allow=\"accelerometer;encrypted-media;gyroscope;picture-in-picture;fullscreen\" class=\"tf_abs tf_w tf_h\"><\/iframe><\/noscript>\n                                <\/div>\n            <!-- \/video-wrap -->\n        <\/div>\n        <!-- \/video-wrap-outer -->\n                    <div class=\"video-content\">\n                                    <h3 class=\"video-title\">\n                                            <a href=\"https:\/\/www.youtube.com\/watch?v=x5GxANaIlr0\">24\/02\/2024<\/a>\n                                        <\/h3>\n                \n                            <\/div>\n            <!-- \/video-content -->\n            <\/div>\n        <\/div>\n                        <\/div>\n        <\/div>\n        <\/div>\n<!--\/themify_builder_content-->","protected":false},"excerpt":{"rendered":"<p>(P\u00e1gina da Roda de Conversa da Universidade M\u00fatua sobre A Biociviliza\u00e7\u00e3o: Paradigma de Conviv\u00eancia Planet\u00e1ria) A Biociviliza\u00e7\u00e3o: Paradigma de Conviv\u00eancia Planet\u00e1ria (P\u00e1gina da Roda de Conversa da Universidade M\u00fatua sobre A Biociviliza\u00e7\u00e3o: Paradigma de Conviv\u00eancia Planet\u00e1ria) A Biociviliza\u00e7\u00e3o: Paradigma de Conviv\u00eancia Planet\u00e1ria Esta p\u00e1gina do ocandeeiro.org tem por objetivo oferecer material de apoio aos interessados [&hellip;]<\/p>\n","protected":false},"author":1,"featured_media":0,"parent":0,"menu_order":0,"comment_status":"closed","ping_status":"closed","template":"","meta":{"_acf_changed":false,"footnotes":""},"class_list":["post-176866","page","type-page","status-publish","hentry","has-post-title","has-post-date","has-post-category","has-post-tag","has-post-comment","has-post-author",""],"acf":[],"_links":{"self":[{"href":"https:\/\/ocandeeiro.org\/fr\/wp-json\/wp\/v2\/pages\/176866","targetHints":{"allow":["GET"]}}],"collection":[{"href":"https:\/\/ocandeeiro.org\/fr\/wp-json\/wp\/v2\/pages"}],"about":[{"href":"https:\/\/ocandeeiro.org\/fr\/wp-json\/wp\/v2\/types\/page"}],"author":[{"embeddable":true,"href":"https:\/\/ocandeeiro.org\/fr\/wp-json\/wp\/v2\/users\/1"}],"replies":[{"embeddable":true,"href":"https:\/\/ocandeeiro.org\/fr\/wp-json\/wp\/v2\/comments?post=176866"}],"version-history":[{"count":15,"href":"https:\/\/ocandeeiro.org\/fr\/wp-json\/wp\/v2\/pages\/176866\/revisions"}],"predecessor-version":[{"id":177935,"href":"https:\/\/ocandeeiro.org\/fr\/wp-json\/wp\/v2\/pages\/176866\/revisions\/177935"}],"wp:attachment":[{"href":"https:\/\/ocandeeiro.org\/fr\/wp-json\/wp\/v2\/media?parent=176866"}],"curies":[{"name":"wp","href":"https:\/\/api.w.org\/{rel}","templated":true}]}}