{"id":176299,"date":"2024-03-09T11:42:10","date_gmt":"2024-03-09T14:42:10","guid":{"rendered":"https:\/\/ocandeeiro.org\/biocivilizacao\/"},"modified":"2024-10-31T16:53:59","modified_gmt":"2024-10-31T19:53:59","slug":"biocivilizacao","status":"publish","type":"page","link":"https:\/\/ocandeeiro.org\/es\/biocivilizacao\/","title":{"rendered":"P\u00e1gina de Biocivilizaci\u00f3n &#8211; Biocivilizaci\u00f3n: paradigma de convivencia planetaria"},"content":{"rendered":"<!--themify_builder_content-->\n<div id=\"themify_builder_content-176299\" data-postid=\"176299\" class=\"themify_builder_content themify_builder_content-176299 themify_builder tf_clear\">\n                    <div  data-css_id=\"sw7c753\" data-lazy=\"1\" class=\"module_row themify_builder_row fullwidth_row_container tb_sw7c753 tb_first tf_w\">\n            <span class=\"tb_row_frame_wrap tf_overflow tf_abs\" data-lazy=\"1\"><span class=\"tb_row_frame tb_row_frame_bottom  tf_abs tf_hide tf_overflow tf_w\"><\/span><\/span>            <div class=\"row_inner col_align_top gutter-none tb_col_count_2 tf_box tf_rel\">\n                        <div  data-lazy=\"1\" class=\"module_column tb-column col4-3 tb_wyiy753 first\">\n                            <\/div>\n                    <div  data-lazy=\"1\" class=\"module_column tb-column col4-1 tb_ffi5753 last\">\n                    <!-- module image -->\n<div  class=\"module module-image tb_reza753 image-top   tf_mw\" data-lazy=\"1\">\n        <div class=\"image-wrap tf_rel tf_mw\">\n            <img loading=\"lazy\" decoding=\"async\" src=\"https:\/\/ocandeeiro.org\/wp-content\/uploads\/2024\/09\/logo-universidade-mutua-circulo-220x220.png\" width=\"220\" height=\"220\" class=\"wp-post-image wp-image-175838\" title=\"P\u00e1gina de Biocivilizaci\u00f3n &#8211; Biocivilizaci\u00f3n: paradigma de convivencia planetaria\" alt=\"P\u00e1gina de Biocivilizaci\u00f3n &#8211; Biocivilizaci\u00f3n: paradigma de convivencia planetaria\" srcset=\"https:\/\/ocandeeiro.org\/wp-content\/uploads\/2024\/09\/logo-universidade-mutua-circulo-220x220.png 220w, https:\/\/ocandeeiro.org\/wp-content\/uploads\/2024\/09\/logo-universidade-mutua-circulo-300x300.png 300w, https:\/\/ocandeeiro.org\/wp-content\/uploads\/2024\/09\/logo-universidade-mutua-circulo-150x150.png 150w, https:\/\/ocandeeiro.org\/wp-content\/uploads\/2024\/09\/logo-universidade-mutua-circulo.png 350w\" sizes=\"auto, (max-width: 220px) 100vw, 220px\" \/>    \n        <\/div>\n    <!-- \/image-wrap -->\n    \n        <\/div>\n<!-- \/module image -->        <\/div>\n                        <\/div>\n        <\/div>\n                        <div  data-css_id=\"rcan417\" data-lazy=\"1\" class=\"module_row themify_builder_row fullwidth tb_rcan417 tf_w\">\n                        <div class=\"row_inner col_align_top tb_col_count_3 tf_box tf_rel\">\n                        <div  data-lazy=\"1\" class=\"module_column tb-column col4-1 tb_emcu418 first\">\n                            <\/div>\n                    <div  data-lazy=\"1\" class=\"module_column tb-column col4-2 tb_xms1418\">\n                    <!-- module text -->\n<div  class=\"module module-text tb_y5me273   \" data-lazy=\"1\">\n        <div  class=\"tb_text_wrap\">\n        <div class=\"module module-text tb_38nd189\"><div class=\"tb_text_wrap\"><p><em>(<span class=\"HwtZe\" lang=\"es\"><span class=\"jCAhz ChMk0b\"><span class=\"ryNqvb\">P\u00e1gina de conversaci\u00f3n mutua universitaria sobre biocivilizaci\u00f3n: paradigma de convivencia planetaria<\/span><\/span><\/span>)<\/em><\/p><h2><span class=\"HwtZe\" lang=\"es\"><span class=\"jCAhz ChMk0b\"><span class=\"ryNqvb\">Biocivilizaci\u00f3n: paradigma de convivencia planetaria<\/span><\/span><\/span><\/h2><p><span class=\"HwtZe\" lang=\"es\"><span class=\"jCAhz ChMk0b\"><span class=\"ryNqvb\">Esta p\u00e1gina <a href=\"https:\/\/ocandeeiro.org\/\">ocandeeiro.org<\/a> tiene como objetivo ofrecer material de apoyo a los interesados \u200b\u200ben el tema <strong>\u201cBiocivilizaci\u00f3n, paradigma de convivencia planetaria, para seguir construyendo, visualizando y fortaleciendo una civilizaci\u00f3n en red con la vida\u201d.<\/strong><\/span><\/span><\/span><\/p><p><span class=\"HwtZe\" lang=\"es\"><span class=\"jCAhz ChMk0b\"><span class=\"ryNqvb\">La biocivilizaci\u00f3n se articula con el esp\u00edritu de cambio de nuestro tiempo, como estrategia para construir ahora un camino com\u00fan a trav\u00e9s del di\u00e1logo, la articulaci\u00f3n, la conexi\u00f3n, la interrelaci\u00f3n y la construcci\u00f3n colectiva, que nos sacar\u00e1 de la crisis sist\u00e9mica que enfrentamos y que beneficiar\u00e1 a la humanidad. toda la red de vida que habita nuestro Planeta.<\/span><\/span><\/span><\/p><p><span class=\"HwtZe\" lang=\"es\"><span class=\"jCAhz ChMk0b\"><span class=\"ryNqvb\">La biocivilizaci\u00f3n sit\u00faa la esencia del floreciente paradigma de la convivencia planetaria en la red de la vida, en la que est\u00e1n enredados todos los seres vivos: humanos, animales, plantas, el Planeta Tierra\u2026<\/span><\/span><\/span><\/p><p><span class=\"HwtZe\" lang=\"es\"><span class=\"jCAhz ChMk0b\"><span class=\"ryNqvb\">El material de apoyo que se ofrece a los interesados \u200b\u200ben esta p\u00e1gina se compone de v\u00eddeos y textos.<\/span><\/span><\/span><\/p><p><span class=\"HwtZe\" lang=\"es\"><span class=\"jCAhz ChMk0b\"><span class=\"ryNqvb\">Para participar reg\u00edstrate previamente y reg\u00edstrate gratis a la conversaci\u00f3n a trav\u00e9s de este enlace:<\/span><\/span><\/span> <a href=\"https:\/\/ocandeeiro.org\/unimutua\/rodas-de-conversa\/\">https:\/\/ocandeeiro.org\/unimutua\/rodas-de-conversa\/<\/a><\/p><\/div><\/div>    <\/div>\n<\/div>\n<!-- \/module text -->        <\/div>\n                    <div  data-lazy=\"1\" class=\"module_column tb-column col4-1 tb_daps419 last\">\n                            <\/div>\n                        <\/div>\n        <\/div>\n                        <div  data-lazy=\"1\" class=\"module_row themify_builder_row tb_0vz5223 tf_w\">\n                        <div class=\"row_inner col_align_top tb_col_count_1 tf_box tf_rel\">\n                        <div  data-lazy=\"1\" class=\"module_column tb-column col-full tb_9z7d238 first\">\n                    <!-- module text -->\n<div  class=\"module module-text tb_8d39975   \" data-lazy=\"1\">\n        <div  class=\"tb_text_wrap\">\n        <h3 style=\"text-align: center;\"><span class=\"HwtZe\" lang=\"es\"><span class=\"jCAhz ChMk0b\"><span class=\"ryNqvb\">Documentos b\u00e1sicos<\/span><\/span><\/span><\/h3>    <\/div>\n<\/div>\n<!-- \/module text -->        <\/div>\n                        <\/div>\n        <\/div>\n                        <div  data-lazy=\"1\" class=\"module_row themify_builder_row tb_6h60805 tf_w\">\n                        <div class=\"row_inner col_align_top tb_col_count_2 tf_box tf_rel\">\n                        <div  data-lazy=\"1\" class=\"module_column tb-column col4-2 tb_cf6g805 first\">\n                    <!-- module buttons -->\n<div  class=\"module module-buttons tb_gqnu676 buttons-horizontal solid   circle buttons-fullwidth\" data-lazy=\"1\">\n        <div class=\"module-buttons-item tf_in_flx\">\n                        <a href=\"https:\/\/ocandeeiro.org\/wp-content\/uploads\/2024\/03\/Biocivilizacion-la-civilizacion-de-la-vida-en-red-ESPANOL-2024-03-07.pdf\" class=\"ui builder_button tf_in_flx blue\" target=\"_blank\" rel=\"noopener\">\n                                    <em><svg  class=\"tf_fa tf-fas-download\" aria-hidden=\"true\"><use href=\"#tf-fas-download\"><\/use><\/svg><\/em>                                        Biocivilizaci\u00f3n, la civilizaci\u00f3n de la vida en red - ESPA\u00d1OL                                        <\/a>\n                <\/div>\n            <\/div>\n<!-- \/module buttons -->\n        <\/div>\n                    <div  data-lazy=\"1\" class=\"module_column tb-column col4-2 tb_eekx805 last\">\n                    <!-- module buttons -->\n<div  class=\"module module-buttons tb_9p5h513 buttons-horizontal solid   circle buttons-fullwidth\" data-lazy=\"1\">\n        <div class=\"module-buttons-item tf_in_flx\">\n                        <a href=\"https:\/\/ocandeeiro.org\/wp-content\/uploads\/2024\/04\/papa-francesco_20150524_enciclica-laudato-si_sp.pdf\" class=\"ui builder_button tf_in_flx purple\" target=\"_blank\" rel=\"noopener\">\n                                    <em><svg  class=\"tf_fa tf-fas-download\" aria-hidden=\"true\"><use href=\"#tf-fas-download\"><\/use><\/svg><\/em>                                        LAUDATO SI\u2019 - SANTO PADRE FRANCISCO - ESPA\u00d1OL                                        <\/a>\n                <\/div>\n            <\/div>\n<!-- \/module buttons -->\n        <\/div>\n                        <\/div>\n        <\/div>\n                        <div  data-css_id=\"lvqd681\" data-lazy=\"1\" class=\"module_row themify_builder_row fullwidth_row_container tb_lvqd681 tf_w\">\n            <span  class=\"builder_row_cover tf_abs\" data-lazy=\"1\"><\/span><span class=\"tb_row_frame_wrap tf_overflow tf_abs\" data-lazy=\"1\"><span class=\"tb_row_frame tb_row_frame_bottom  tf_abs tf_hide tf_overflow tf_w\"><\/span><\/span>            <div class=\"row_inner col_align_top tb_col_count_1 tf_box tf_rel\">\n                        <div  data-lazy=\"1\" class=\"module_column tb-column col-full tb_cbl3681 first\">\n                    <!-- module fancy heading -->\n<div  class=\"module module-fancy-heading tb_xmsk931 \" data-lazy=\"1\">\n        <h1 class=\"fancy-heading tf_textc\">\n    <span class=\"main-head tf_block\">\n                    Biblioteca Virtual de Biocivilizaci\u00f3n            <\/span>\n\n    \n    <span class=\"sub-head tf_block tf_rel\">\n                                <\/span>\n    <\/h1>\n<\/div>\n<!-- \/module fancy heading -->\n<!-- module buttons -->\n<div  class=\"module module-buttons tb_g8n4884 buttons-horizontal solid   circle\" data-lazy=\"1\">\n        <div class=\"module-buttons-item tf_in_flx\">\n                        <a href=\"https:\/\/ocandeeiro.org\/es\/biocivilizacao\/biblioteca\/\" class=\"ui builder_button tf_in_flx orange\" >\n                                    <em><svg  class=\"tf_fa tf-fas-book\" aria-hidden=\"true\"><use href=\"#tf-fas-book\"><\/use><\/svg><\/em>                                        PARA ENTRAR                                        <\/a>\n                <\/div>\n            <\/div>\n<!-- \/module buttons -->\n        <\/div>\n                        <\/div>\n        <\/div>\n                        <div  data-lazy=\"1\" class=\"module_row themify_builder_row tb_16kk61 tf_w\">\n                        <div class=\"row_inner col_align_top tb_col_count_1 tf_box tf_rel\">\n                        <div  data-lazy=\"1\" class=\"module_column tb-column col-full tb_o78h61 first\">\n                    <!-- module text -->\n<div  class=\"module module-text tb_je2f61   \" data-lazy=\"1\">\n        <div  class=\"tb_text_wrap\">\n        <h3 style=\"text-align: center;\"><span class=\"HwtZe\" lang=\"es\"><span class=\"jCAhz ChMk0b\"><span class=\"ryNqvb\">Reuniones<\/span><\/span><\/span><\/h3>    <\/div>\n<\/div>\n<!-- \/module text -->        <\/div>\n                        <\/div>\n        <\/div>\n                        <div  data-lazy=\"1\" class=\"module_row themify_builder_row tb_q7z7802 tf_w\">\n                        <div class=\"row_inner col_align_top tb_col_count_2 tf_box tf_rel\">\n                        <div  data-lazy=\"1\" class=\"module_column tb-column col4-2 tb_3xlh802 first\">\n                    <!-- module video -->\n<div  class=\"module module-video tb_jwxj709 video-top  \" data-lazy=\"1\">\n                    <div class=\"video-wrap-outer\">\n            <div class=\"video-wrap tf_rel tf_overflow\">\n                                    <noscript><iframe data-no-script src=\"https:\/\/www.youtube.com\/embed\/Tkfhl3nyYc4?pip=1&#038;playsinline=1\" allow=\"accelerometer;encrypted-media;gyroscope;picture-in-picture;fullscreen\" class=\"tf_abs tf_w tf_h\"><\/iframe><\/noscript>\n                                <\/div>\n            <!-- \/video-wrap -->\n        <\/div>\n        <!-- \/video-wrap-outer -->\n                    <div class=\"video-content\">\n                                    <h3 class=\"video-title\">\n                                            <a href=\"https:\/\/www.youtube.com\/watch?v=Tkfhl3nyYc4\">26\/10\/2024<\/a>\n                                        <\/h3>\n                \n                            <\/div>\n            <!-- \/video-content -->\n            <\/div>\n        <\/div>\n                    <div  data-lazy=\"1\" class=\"module_column tb-column col4-2 tb_8xcn802 last\">\n                    <!-- module video -->\n<div  class=\"module module-video tb_3jfa796 video-top  \" data-lazy=\"1\">\n                    <div class=\"video-wrap-outer\">\n            <div class=\"video-wrap tf_rel tf_overflow\">\n                                    <noscript><iframe data-no-script src=\"https:\/\/www.youtube.com\/embed\/pACM6XSb-gk?pip=1&#038;playsinline=1\" allow=\"accelerometer;encrypted-media;gyroscope;picture-in-picture;fullscreen\" class=\"tf_abs tf_w tf_h\"><\/iframe><\/noscript>\n                                <\/div>\n            <!-- \/video-wrap -->\n        <\/div>\n        <!-- \/video-wrap-outer -->\n                    <div class=\"video-content\">\n                                    <h3 class=\"video-title\">\n                                            <a href=\"https:\/\/www.youtube.com\/watch?v=pACM6XSb-gk\">31\/08\/2024<\/a>\n                                        <\/h3>\n                \n                            <\/div>\n            <!-- \/video-content -->\n            <\/div>\n        <\/div>\n                        <\/div>\n        <\/div>\n                        <div  data-lazy=\"1\" class=\"module_row themify_builder_row tb_96e5634 tf_w\">\n                        <div class=\"row_inner col_align_top tb_col_count_2 tf_box tf_rel\">\n                        <div  data-lazy=\"1\" class=\"module_column tb-column col4-2 tb_pgfh635 first\">\n                    <!-- module video -->\n<div  class=\"module module-video tb_m80p350 video-top  \" data-lazy=\"1\">\n                    <div class=\"video-wrap-outer\">\n            <div class=\"video-wrap tf_rel tf_overflow\">\n                                    <noscript><iframe data-no-script src=\"https:\/\/www.youtube.com\/embed\/Jkv9n0Yjc_I?pip=1&#038;playsinline=1\" allow=\"accelerometer;encrypted-media;gyroscope;picture-in-picture;fullscreen\" class=\"tf_abs tf_w tf_h\"><\/iframe><\/noscript>\n                                <\/div>\n            <!-- \/video-wrap -->\n        <\/div>\n        <!-- \/video-wrap-outer -->\n                    <div class=\"video-content\">\n                                    <h3 class=\"video-title\">\n                                            <a href=\"https:\/\/www.youtube.com\/watch?v=Jkv9n0Yjc_I\">27\/07\/2024<\/a>\n                                        <\/h3>\n                \n                            <\/div>\n            <!-- \/video-content -->\n            <\/div>\n        <\/div>\n                    <div  data-lazy=\"1\" class=\"module_column tb-column col4-2 tb_znfs635 last\">\n                    <!-- module video -->\n<div  class=\"module module-video tb_9wc4420 video-top  \" data-lazy=\"1\">\n                    <div class=\"video-wrap-outer\">\n            <div class=\"video-wrap tf_rel tf_overflow\">\n                                    <noscript><iframe data-no-script src=\"https:\/\/www.youtube.com\/embed\/kx7N06QB6Lg?pip=1&#038;playsinline=1\" allow=\"accelerometer;encrypted-media;gyroscope;picture-in-picture;fullscreen\" class=\"tf_abs tf_w tf_h\"><\/iframe><\/noscript>\n                                <\/div>\n            <!-- \/video-wrap -->\n        <\/div>\n        <!-- \/video-wrap-outer -->\n                    <div class=\"video-content\">\n                                    <h3 class=\"video-title\">\n                                            <a href=\"https:\/\/www.youtube.com\/watch?v=kx7N06QB6Lg\">29\/06\/2024<\/a>\n                                        <\/h3>\n                \n                            <\/div>\n            <!-- \/video-content -->\n            <\/div>\n        <\/div>\n                        <\/div>\n        <\/div>\n                        <div  data-lazy=\"1\" class=\"module_row themify_builder_row tb_qvwn53 tf_w\">\n                        <div class=\"row_inner col_align_top tb_col_count_2 tf_box tf_rel\">\n                        <div  data-lazy=\"1\" class=\"module_column tb-column col4-2 tb_bwzj53 first\">\n                    <!-- module video -->\n<div  class=\"module module-video tb_lze820 video-top  \" data-lazy=\"1\">\n                    <div class=\"video-wrap-outer\">\n            <div class=\"video-wrap tf_rel tf_overflow\">\n                                    <noscript><iframe data-no-script src=\"https:\/\/www.youtube.com\/embed\/dm8EcETlN7g?pip=1&#038;playsinline=1\" allow=\"accelerometer;encrypted-media;gyroscope;picture-in-picture;fullscreen\" class=\"tf_abs tf_w tf_h\"><\/iframe><\/noscript>\n                                <\/div>\n            <!-- \/video-wrap -->\n        <\/div>\n        <!-- \/video-wrap-outer -->\n                    <div class=\"video-content\">\n                                    <h3 class=\"video-title\">\n                                            <a href=\"https:\/\/www.youtube.com\/watch?v=dm8EcETlN7g\">25\/05\/2024<\/a>\n                                        <\/h3>\n                \n                            <\/div>\n            <!-- \/video-content -->\n            <\/div>\n        <\/div>\n                    <div  data-lazy=\"1\" class=\"module_column tb-column col4-2 tb_0gp254 last\">\n                    <!-- module video -->\n<div  class=\"module module-video tb_zl25230 video-top  \" data-lazy=\"1\">\n                    <div class=\"video-wrap-outer\">\n            <div class=\"video-wrap tf_rel tf_overflow\">\n                                    <noscript><iframe data-no-script src=\"https:\/\/www.youtube.com\/embed\/2Eiz1U1xsd0?pip=1&#038;playsinline=1\" allow=\"accelerometer;encrypted-media;gyroscope;picture-in-picture;fullscreen\" class=\"tf_abs tf_w tf_h\"><\/iframe><\/noscript>\n                                <\/div>\n            <!-- \/video-wrap -->\n        <\/div>\n        <!-- \/video-wrap-outer -->\n                    <div class=\"video-content\">\n                                    <h3 class=\"video-title\">\n                                            <a href=\"https:\/\/www.youtube.com\/watch?v=2Eiz1U1xsd0\">27\/04\/2024<\/a>\n                                        <\/h3>\n                \n                            <\/div>\n            <!-- \/video-content -->\n            <\/div>\n        <\/div>\n                        <\/div>\n        <\/div>\n                        <div  data-lazy=\"1\" class=\"module_row themify_builder_row tb_pece532 tf_w\">\n                        <div class=\"row_inner col_align_top tb_col_count_2 tf_box tf_rel\">\n                        <div  data-lazy=\"1\" class=\"module_column tb-column col4-2 tb_00tx533 first\">\n                    <!-- module video -->\n<div  class=\"module module-video tb_psok802 video-top  \" data-lazy=\"1\">\n                    <div class=\"video-wrap-outer\">\n            <div class=\"video-wrap tf_rel tf_overflow\">\n                                    <noscript><iframe data-no-script src=\"https:\/\/www.youtube.com\/embed\/W-xmKsRyXvU?pip=1&#038;playsinline=1\" allow=\"accelerometer;encrypted-media;gyroscope;picture-in-picture;fullscreen\" class=\"tf_abs tf_w tf_h\"><\/iframe><\/noscript>\n                                <\/div>\n            <!-- \/video-wrap -->\n        <\/div>\n        <!-- \/video-wrap-outer -->\n                    <div class=\"video-content\">\n                                    <h3 class=\"video-title\">\n                                            <a href=\"https:\/\/www.youtube.com\/watch?v=W-xmKsRyXvU\">30\/03\/2024<\/a>\n                                        <\/h3>\n                \n                            <\/div>\n            <!-- \/video-content -->\n            <\/div>\n        <\/div>\n                    <div  data-lazy=\"1\" class=\"module_column tb-column col4-2 tb_ogxx533 last\">\n                    <!-- module video -->\n<div  class=\"module module-video tb_04u3533 video-top  \" data-lazy=\"1\">\n                    <div class=\"video-wrap-outer\">\n            <div class=\"video-wrap tf_rel tf_overflow\">\n                                    <noscript><iframe data-no-script src=\"https:\/\/www.youtube.com\/embed\/x5GxANaIlr0?pip=1&#038;playsinline=1\" allow=\"accelerometer;encrypted-media;gyroscope;picture-in-picture;fullscreen\" class=\"tf_abs tf_w tf_h\"><\/iframe><\/noscript>\n                                <\/div>\n            <!-- \/video-wrap -->\n        <\/div>\n        <!-- \/video-wrap-outer -->\n                    <div class=\"video-content\">\n                                    <h3 class=\"video-title\">\n                                            <a href=\"https:\/\/www.youtube.com\/watch?v=x5GxANaIlr0\">24\/02\/2024<\/a>\n                                        <\/h3>\n                \n                            <\/div>\n            <!-- \/video-content -->\n            <\/div>\n        <\/div>\n                        <\/div>\n        <\/div>\n        <\/div>\n<!--\/themify_builder_content-->","protected":false},"excerpt":{"rendered":"<p>(P\u00e1gina de conversaci\u00f3n mutua universitaria sobre biocivilizaci\u00f3n: paradigma de convivencia planetaria) Biocivilizaci\u00f3n: paradigma de convivencia planetaria (P\u00e1gina de conversaci\u00f3n mutua universitaria sobre biocivilizaci\u00f3n: paradigma de convivencia planetaria) Biocivilizaci\u00f3n: paradigma de convivencia planetaria Esta p\u00e1gina ocandeeiro.org tiene como objetivo ofrecer material de apoyo a los interesados \u200b\u200ben el tema \u201cBiocivilizaci\u00f3n, paradigma de convivencia planetaria, para seguir [&hellip;]<\/p>\n","protected":false},"author":1,"featured_media":0,"parent":0,"menu_order":4,"comment_status":"closed","ping_status":"closed","template":"","meta":{"_acf_changed":false,"footnotes":""},"class_list":["post-176299","page","type-page","status-publish","hentry","has-post-title","has-post-date","has-post-category","has-post-tag","has-post-comment","has-post-author",""],"acf":[],"_links":{"self":[{"href":"https:\/\/ocandeeiro.org\/es\/wp-json\/wp\/v2\/pages\/176299","targetHints":{"allow":["GET"]}}],"collection":[{"href":"https:\/\/ocandeeiro.org\/es\/wp-json\/wp\/v2\/pages"}],"about":[{"href":"https:\/\/ocandeeiro.org\/es\/wp-json\/wp\/v2\/types\/page"}],"author":[{"embeddable":true,"href":"https:\/\/ocandeeiro.org\/es\/wp-json\/wp\/v2\/users\/1"}],"replies":[{"embeddable":true,"href":"https:\/\/ocandeeiro.org\/es\/wp-json\/wp\/v2\/comments?post=176299"}],"version-history":[{"count":11,"href":"https:\/\/ocandeeiro.org\/es\/wp-json\/wp\/v2\/pages\/176299\/revisions"}],"predecessor-version":[{"id":176324,"href":"https:\/\/ocandeeiro.org\/es\/wp-json\/wp\/v2\/pages\/176299\/revisions\/176324"}],"wp:attachment":[{"href":"https:\/\/ocandeeiro.org\/es\/wp-json\/wp\/v2\/media?parent=176299"}],"curies":[{"name":"wp","href":"https:\/\/api.w.org\/{rel}","templated":true}]}}