{"id":176111,"date":"2024-10-21T23:42:04","date_gmt":"2024-10-22T02:42:04","guid":{"rendered":"https:\/\/ocandeeiro.org\/biblioteca2\/contribuicao\/"},"modified":"2024-11-15T16:01:02","modified_gmt":"2024-11-15T19:01:02","slug":"contribuicao","status":"publish","type":"page","link":"https:\/\/ocandeeiro.org\/es\/biocivilizacao\/biblioteca\/contribuicao\/","title":{"rendered":"P\u00e1gina Biociviliza\u00e7\u00e3o &#8211; Espanhol &#8211; Env\u00eda tu contribuci\u00f3n"},"content":{"rendered":"<!--themify_builder_content-->\n<div id=\"themify_builder_content-176111\" data-postid=\"176111\" class=\"themify_builder_content themify_builder_content-176111 themify_builder tf_clear\">\n                    <div  data-css_id=\"5t0w889\" data-lazy=\"1\" class=\"module_row themify_builder_row fullwidth tb_5t0w889 tb_first tf_w\">\n                        <div class=\"row_inner col_align_top tb_col_count_1 tf_box tf_rel\">\n                        <div  data-lazy=\"1\" class=\"module_column tb-column col-full tb_grzo809 first\">\n                    <!-- module text -->\n<div  class=\"module module-text tb_knj6906   \" data-lazy=\"1\">\n        <div  class=\"tb_text_wrap\">\n        <div class=\"tb_layout_part_wrap tf_w\"><!--themify_builder_content-->\n    <div  class=\"themify_builder_content themify_builder_content-175884 themify_builder not_editable_builder in_the_loop\" data-postid=\"175884\">\n                        <div  data-css_id=\"dxzy592\" data-lazy=\"1\" class=\"module_row themify_builder_row fullwidth_row_container tb_dxzy592 tf_w\">\n            <span  class=\"builder_row_cover tf_abs\" data-lazy=\"1\"><\/span><span class=\"tb_row_frame_wrap tf_overflow tf_abs\" data-lazy=\"1\"><span class=\"tb_row_frame tb_row_frame_bottom  tf_abs tf_hide tf_overflow tf_w\"><\/span><\/span>            <div class=\"row_inner col_align_top tb_col_count_1 tf_box tf_rel\">\n                        <div  data-lazy=\"1\" class=\"module_column tb-column col-full tb_an8q592 first\">\n                    <!-- module fancy heading -->\n<div  class=\"module module-fancy-heading tb_i4ax592 \" data-lazy=\"1\">\n        <h1 class=\"fancy-heading tf_textc\">\n    <span class=\"main-head tf_block\">\n                    Biblioteca Virtual de Biocivilizaci\u00f3n            <\/span>\n\n    \n    <span class=\"sub-head tf_block tf_rel\">\n                    Rueda de Biocivilizaci\u00f3n - Universidad Mutua            <\/span>\n    <\/h1>\n<\/div>\n<!-- \/module fancy heading -->\n        <\/div>\n                        <\/div>\n        <\/div>\n                        <div  data-lazy=\"1\" class=\"module_row themify_builder_row tb_ajqx938 tf_w\">\n                        <div class=\"row_inner col_align_top tb_col_count_1 tf_box tf_rel\">\n                        <div  data-lazy=\"1\" class=\"module_column tb-column col-full tb_fc3s938 first\">\n                    <!-- module menu -->\n<div  class=\"module module-menu tb_hpy6938  mobile-menu-slide\" data-menu-style=\"mobile-menu-slide\" data-menu-breakpoint=\"0\" data-element-id=\"tb_hpy6938\" data-lazy=\"1\">\n        \n    <div class=\"module-menu-container\"><ul id=\"menu-biocivilizacao-nova-es\" class=\"ui tf_clearfix nav tf_rel tf_scrollbar  tb_default_color\"><li id=\"menu-item-176393\" class=\"menu-item-page-176299 menu-item menu-item-type-post_type menu-item-object-page menu-item-176393\"><a href=\"https:\/\/ocandeeiro.org\/es\/biocivilizacao\/\"><em> <svg  class=\"tf_fa tf-fas-home\" aria-hidden=\"true\"><use href=\"#tf-fas-home\"><\/use><\/svg><\/em> Biocivilizaci\u00f3n<\/a><\/li>\n<li id=\"menu-item-175924\" class=\"menu-item-page-175891 menu-item menu-item-type-post_type menu-item-object-page menu-item-175924\"><a href=\"https:\/\/ocandeeiro.org\/es\/biocivilizacao\/biblioteca\/\"><em> <svg  class=\"tf_fa tf-fas-book-open\" aria-hidden=\"true\"><use href=\"#tf-fas-book-open\"><\/use><\/svg><\/em> Biblioteca<\/a><\/li>\n<li id=\"menu-item-175926\" class=\"menu-item-custom-175926 menu-item menu-item-type-custom menu-item-object-custom menu-item-has-children menu-item-175926\"><a role=\"button\" tabindex=\"0\"><em> <svg  class=\"tf_fa tf-fas-arrow-circle-down\" aria-hidden=\"true\"><use href=\"#tf-fas-arrow-circle-down\"><\/use><\/svg><\/em> \u00c9tica (transversal)<span class=\"child-arrow closed\" tabindex=\"-1\"><\/span><\/a>\n<ul class=\"sub-menu\">\n\t<li id=\"menu-item-175925\" class=\"menu-item-page-175913 menu-item menu-item-type-post_type menu-item-object-page menu-item-175925 menu-page-175913-parent-175926\"><a href=\"https:\/\/ocandeeiro.org\/es\/biocivilizacao\/biblioteca\/es-virtudes-eticas-videos\/\"><em> <svg  class=\"tf_fa tf-fas-caret-square-right\" aria-hidden=\"true\"><use href=\"#tf-fas-caret-square-right\"><\/use><\/svg><\/em> V\u00eddeos<\/a><\/li>\n\t<li id=\"menu-item-176001\" class=\"menu-item-page-175992 menu-item menu-item-type-post_type menu-item-object-page menu-item-has-children menu-item-176001 menu-page-175992-parent-175926\"><a href=\"https:\/\/ocandeeiro.org\/es\/biocivilizacao\/biblioteca\/es-virtudes-eticas-links\/\"><em> <svg  class=\"tf_fa tf-fas-link\" aria-hidden=\"true\"><use href=\"#tf-fas-link\"><\/use><\/svg><\/em> Enlaces<span class=\"child-arrow closed\" tabindex=\"-1\"><\/span><\/a>\n\t<ul class=\"sub-menu\">\n\t\t<li id=\"menu-item-177171\" class=\"menu-item-custom-177171 menu-item menu-item-type-custom menu-item-object-custom menu-item-177171 menu-custom-177171-parent-176001\"><a href=\"https:\/\/ocandeeiro.org\/es\/biocivilizacao\/biblioteca\/es-virtudes-eticas-links\/#espanhol-etica-link-global\">Experiencias Globales<\/a><\/li>\n\t\t<li id=\"menu-item-177172\" class=\"menu-item-custom-177172 menu-item menu-item-type-custom menu-item-object-custom menu-item-177172 menu-custom-177172-parent-176001\"><a href=\"https:\/\/ocandeeiro.org\/es\/biocivilizacao\/biblioteca\/es-virtudes-eticas-links\/#espanhol-etica-link-local\">Experiencias Locales<\/a><\/li>\n\t<\/ul>\n<\/li>\n\t<li id=\"menu-item-176058\" class=\"menu-item-page-176050 menu-item menu-item-type-post_type menu-item-object-page menu-item-176058 menu-page-176050-parent-175926\"><a href=\"https:\/\/ocandeeiro.org\/es\/biocivilizacao\/biblioteca\/es-virtudes-eticas-documentos\/\"><em> <svg  class=\"tf_fa tf-fas-file-alt\" aria-hidden=\"true\"><use href=\"#tf-fas-file-alt\"><\/use><\/svg><\/em> Documentos<\/a><\/li>\n<\/ul>\n<\/li>\n<li id=\"menu-item-176002\" class=\"menu-item-custom-176002 menu-item menu-item-type-custom menu-item-object-custom menu-item-has-children menu-item-176002\"><a role=\"button\" tabindex=\"0\"><em> <svg  class=\"tf_fa tf-fas-arrow-circle-down\" aria-hidden=\"true\"><use href=\"#tf-fas-arrow-circle-down\"><\/use><\/svg><\/em> Estructura Econ\u00f3mica<span class=\"child-arrow closed\" tabindex=\"-1\"><\/span><\/a>\n<ul class=\"sub-menu\">\n\t<li id=\"menu-item-176004\" class=\"menu-item-page-175951 menu-item menu-item-type-post_type menu-item-object-page menu-item-176004 menu-page-175951-parent-176002\"><a href=\"https:\/\/ocandeeiro.org\/es\/biocivilizacao\/biblioteca\/es-modelo-economico-videos\/\"><em> <svg  class=\"tf_fa tf-fas-caret-square-right\" aria-hidden=\"true\"><use href=\"#tf-fas-caret-square-right\"><\/use><\/svg><\/em> V\u00eddeos<\/a><\/li>\n\t<li id=\"menu-item-176003\" class=\"menu-item-page-175987 menu-item menu-item-type-post_type menu-item-object-page menu-item-has-children menu-item-176003 menu-page-175987-parent-176002\"><a href=\"https:\/\/ocandeeiro.org\/es\/biocivilizacao\/biblioteca\/es-modelo-economico-links\/\"><em> <svg  class=\"tf_fa tf-fas-link\" aria-hidden=\"true\"><use href=\"#tf-fas-link\"><\/use><\/svg><\/em> Enlaces<span class=\"child-arrow closed\" tabindex=\"-1\"><\/span><\/a>\n\t<ul class=\"sub-menu\">\n\t\t<li id=\"menu-item-177173\" class=\"menu-item-custom-177173 menu-item menu-item-type-custom menu-item-object-custom menu-item-177173 menu-custom-177173-parent-176003\"><a href=\"https:\/\/ocandeeiro.org\/es\/biocivilizacao\/biblioteca\/es-modelo-economico-links\/#espanhol-economia-link-global\">Experiencias Globales<\/a><\/li>\n\t\t<li id=\"menu-item-177176\" class=\"menu-item-custom-177176 menu-item menu-item-type-custom menu-item-object-custom menu-item-177176 menu-custom-177176-parent-176003\"><a href=\"https:\/\/ocandeeiro.org\/es\/biocivilizacao\/biblioteca\/es-modelo-economico-links\/#espanhol-economia-link-local\">Experiencias Locales<\/a><\/li>\n\t<\/ul>\n<\/li>\n\t<li id=\"menu-item-176059\" class=\"menu-item-page-176047 menu-item menu-item-type-post_type menu-item-object-page menu-item-176059 menu-page-176047-parent-176002\"><a href=\"https:\/\/ocandeeiro.org\/es\/biocivilizacao\/biblioteca\/es-modelo-economico-documentos\/\"><em> <svg  class=\"tf_fa tf-fas-file-alt\" aria-hidden=\"true\"><use href=\"#tf-fas-file-alt\"><\/use><\/svg><\/em> Documentos<\/a><\/li>\n<\/ul>\n<\/li>\n<li id=\"menu-item-176005\" class=\"menu-item-custom-176005 menu-item menu-item-type-custom menu-item-object-custom menu-item-has-children menu-item-176005\"><a role=\"button\" tabindex=\"0\"><em> <svg  class=\"tf_fa tf-fas-arrow-circle-down\" aria-hidden=\"true\"><use href=\"#tf-fas-arrow-circle-down\"><\/use><\/svg><\/em> Gobernanza Global<span class=\"child-arrow closed\" tabindex=\"-1\"><\/span><\/a>\n<ul class=\"sub-menu\">\n\t<li id=\"menu-item-176007\" class=\"menu-item-page-175955 menu-item menu-item-type-post_type menu-item-object-page menu-item-176007 menu-page-175955-parent-176005\"><a href=\"https:\/\/ocandeeiro.org\/es\/biocivilizacao\/biblioteca\/es-governanca-global-videos\/\"><em> <svg  class=\"tf_fa tf-fas-caret-square-right\" aria-hidden=\"true\"><use href=\"#tf-fas-caret-square-right\"><\/use><\/svg><\/em> V\u00eddeos<\/a><\/li>\n\t<li id=\"menu-item-176006\" class=\"menu-item-page-175983 menu-item menu-item-type-post_type menu-item-object-page menu-item-176006 menu-page-175983-parent-176005\"><a href=\"https:\/\/ocandeeiro.org\/es\/biocivilizacao\/biblioteca\/es-governanca-global-links\/\"><em> <svg  class=\"tf_fa tf-fas-link\" aria-hidden=\"true\"><use href=\"#tf-fas-link\"><\/use><\/svg><\/em> Enlaces<\/a><\/li>\n\t<li id=\"menu-item-176060\" class=\"menu-item-page-176042 menu-item menu-item-type-post_type menu-item-object-page menu-item-176060 menu-page-176042-parent-176005\"><a href=\"https:\/\/ocandeeiro.org\/es\/biocivilizacao\/biblioteca\/es-governanca-global-documentos\/\"><em> <svg  class=\"tf_fa tf-fas-file-alt\" aria-hidden=\"true\"><use href=\"#tf-fas-file-alt\"><\/use><\/svg><\/em> Documentos<\/a><\/li>\n<\/ul>\n<\/li>\n<li id=\"menu-item-wpml-ls-36-pt-br\" class=\"menu-item-wpml_ls_menu_item-wpml-ls-36-pt-br menu-item wpml-ls-slot-36 wpml-ls-item wpml-ls-item-pt-br wpml-ls-menu-item wpml-ls-first-item menu-item-type-wpml_ls_menu_item menu-item-object-wpml_ls_menu_item menu-item-wpml-ls-36-pt-br\"><a href=\"https:\/\/ocandeeiro.org\/\" title=\"Cambiar a Portugu\u00e9s, Brasil\" aria-label=\"Cambiar a Portugu\u00e9s, Brasil\" role=\"menuitem\"><img decoding=\"async\"\n            class=\"wpml-ls-flag\"\n            src=\"https:\/\/ocandeeiro.org\/wp-content\/plugins\/sitepress-multilingual-cms\/res\/flags\/pt-br.svg\"\n            alt=\"Portugu\u00e9s, Brasil\"\n            \n            \n    \/><\/a><\/li>\n<li id=\"menu-item-wpml-ls-36-es\" class=\"menu-item-wpml_ls_menu_item-wpml-ls-36-es menu-item wpml-ls-slot-36 wpml-ls-item wpml-ls-item-es wpml-ls-current-language wpml-ls-menu-item menu-item-type-wpml_ls_menu_item menu-item-object-wpml_ls_menu_item menu-item-wpml-ls-36-es\"><a href=\"https:\/\/ocandeeiro.org\/es\/\" role=\"menuitem\"><img decoding=\"async\"\n            class=\"wpml-ls-flag\"\n            src=\"https:\/\/ocandeeiro.org\/wp-content\/plugins\/sitepress-multilingual-cms\/res\/flags\/es.svg\"\n            alt=\"Espa\u00f1ol\"\n            \n            \n    \/><\/a><\/li>\n<li id=\"menu-item-wpml-ls-36-ca\" class=\"menu-item-wpml_ls_menu_item-wpml-ls-36-ca menu-item wpml-ls-slot-36 wpml-ls-item wpml-ls-item-ca wpml-ls-menu-item menu-item-type-wpml_ls_menu_item menu-item-object-wpml_ls_menu_item menu-item-wpml-ls-36-ca\"><a href=\"https:\/\/ocandeeiro.org\/ca\/\" title=\"Cambiar a Catal\u00e1n\" aria-label=\"Cambiar a Catal\u00e1n\" role=\"menuitem\"><img decoding=\"async\"\n            class=\"wpml-ls-flag\"\n            src=\"https:\/\/ocandeeiro.org\/wp-content\/plugins\/sitepress-multilingual-cms\/res\/flags\/ca.svg\"\n            alt=\"Catal\u00e1n\"\n            \n            \n    \/><\/a><\/li>\n<li id=\"menu-item-wpml-ls-36-en\" class=\"menu-item-wpml_ls_menu_item-wpml-ls-36-en menu-item wpml-ls-slot-36 wpml-ls-item wpml-ls-item-en wpml-ls-menu-item menu-item-type-wpml_ls_menu_item menu-item-object-wpml_ls_menu_item menu-item-wpml-ls-36-en\"><a href=\"https:\/\/ocandeeiro.org\/en\/\" title=\"Cambiar a Ingl\u00e9s\" aria-label=\"Cambiar a Ingl\u00e9s\" role=\"menuitem\"><img decoding=\"async\"\n            class=\"wpml-ls-flag\"\n            src=\"https:\/\/ocandeeiro.org\/wp-content\/plugins\/sitepress-multilingual-cms\/res\/flags\/en.svg\"\n            alt=\"Ingl\u00e9s\"\n            \n            \n    \/><\/a><\/li>\n<li id=\"menu-item-wpml-ls-36-fr\" class=\"menu-item-wpml_ls_menu_item-wpml-ls-36-fr menu-item wpml-ls-slot-36 wpml-ls-item wpml-ls-item-fr wpml-ls-menu-item wpml-ls-last-item menu-item-type-wpml_ls_menu_item menu-item-object-wpml_ls_menu_item menu-item-wpml-ls-36-fr\"><a href=\"https:\/\/ocandeeiro.org\/fr\/\" title=\"Cambiar a Franc\u00e9s\" aria-label=\"Cambiar a Franc\u00e9s\" role=\"menuitem\"><img decoding=\"async\"\n            class=\"wpml-ls-flag\"\n            src=\"https:\/\/ocandeeiro.org\/wp-content\/plugins\/sitepress-multilingual-cms\/res\/flags\/fr.svg\"\n            alt=\"Franc\u00e9s\"\n            \n            \n    \/><\/a><\/li>\n<\/ul><\/div>        <style>\n            .mobile-menu-module[data-module=\"tb_hpy6938\"]{\n                right:-300px            }\n        <\/style>\n    <\/div>\n<!-- \/module menu -->\n        <\/div>\n                        <\/div>\n        <\/div>\n            <\/div>\n<!--\/themify_builder_content--><\/div>\n    <\/div>\n<\/div>\n<!-- \/module text -->        <\/div>\n                        <\/div>\n        <\/div>\n                        <div  data-lazy=\"1\" class=\"module_row themify_builder_row tb_gnw3888 tf_w\">\n                        <div class=\"row_inner col_align_top tb_col_count_1 tf_box tf_rel\">\n                        <div  data-lazy=\"1\" class=\"module_column tb-column col-full tb_gzuf000 first\">\n                    <!-- module text -->\n<div  class=\"module module-text tb_sj7b779   \" data-lazy=\"1\">\n        <div  class=\"tb_text_wrap\">\n        <h3><span class=\"HwtZe\" lang=\"es\"><span class=\"jCAhz ChMk0b\"><span class=\"ryNqvb\">Env\u00eda tu contribuci\u00f3n <\/span><\/span><\/span><\/h3><p><strong><span class=\"HwtZe\" lang=\"es\"><span class=\"jCAhz ChMk0b\"><span class=\"ryNqvb\">Ejes tem\u00e1ticos<\/span><\/span><\/span><\/strong><\/p><p><span class=\"HwtZe\" lang=\"es\"><span class=\"jCAhz ChMk0b\"><span class=\"ryNqvb\">Una nueva Biocivilizaci\u00f3n con la que:<\/span><\/span><\/span><\/p><p>1. <span class=\"HwtZe\" lang=\"es\"><span class=\"jCAhz ChMk0b\"><span class=\"ryNqvb\">\u00c9tica (transversal)<\/span><\/span><\/span><br \/>2. <span class=\"HwtZe\" lang=\"es\"><span class=\"jCAhz ChMk0b\"><span class=\"ryNqvb\">\u00bfCon qu\u00e9 econom\u00eda y estructura econ\u00f3mica?<\/span><\/span><\/span><br \/>3. <span class=\"HwtZe\" lang=\"es\"><span class=\"jCAhz ChMk0b\"><span class=\"ryNqvb\">\u00bfCon qu\u00e9 formas organizativas de poder popular\/local y de gobernanza global?<\/span><\/span><\/span><\/p>    <\/div>\n<\/div>\n<!-- \/module text --><!-- module text -->\n<div  class=\"module module-text tb_thn2808   \" data-lazy=\"1\">\n        <div  class=\"tb_text_wrap\">\n        <div class=\"module module-text tb_38nd189\"><div class=\"tb_text_wrap\">\n<div class=\"wpcf7 no-js\" id=\"wpcf7-f176110-o1\" lang=\"es-ES\" dir=\"ltr\" data-wpcf7-id=\"176110\">\n<div class=\"screen-reader-response\"><p role=\"status\" aria-live=\"polite\" aria-atomic=\"true\"><\/p> <ul><\/ul><\/div>\n<form action=\"\/es\/wp-json\/wp\/v2\/pages\/176111#wpcf7-f176110-o1\" method=\"post\" class=\"wpcf7-form init\" aria-label=\"Formulario de contacto\" enctype=\"multipart\/form-data\" novalidate=\"novalidate\" data-status=\"init\">\n<fieldset class=\"hidden-fields-container\"><input type=\"hidden\" name=\"_wpcf7\" value=\"176110\" \/><input type=\"hidden\" name=\"_wpcf7_version\" value=\"6.1.5\" \/><input type=\"hidden\" name=\"_wpcf7_locale\" value=\"es_ES\" \/><input type=\"hidden\" name=\"_wpcf7_unit_tag\" value=\"wpcf7-f176110-o1\" \/><input type=\"hidden\" name=\"_wpcf7_container_post\" value=\"0\" \/><input type=\"hidden\" name=\"_wpcf7_posted_data_hash\" value=\"\" \/><input type=\"hidden\" name=\"_wpcf7cf_hidden_group_fields\" value=\"[]\" \/><input type=\"hidden\" name=\"_wpcf7cf_hidden_groups\" value=\"[]\" \/><input type=\"hidden\" name=\"_wpcf7cf_visible_groups\" value=\"[]\" \/><input type=\"hidden\" name=\"_wpcf7cf_repeaters\" value=\"[]\" \/><input type=\"hidden\" name=\"_wpcf7cf_steps\" value=\"{}\" \/><input type=\"hidden\" name=\"_wpcf7cf_options\" value=\"{&quot;form_id&quot;:176110,&quot;conditions&quot;:[],&quot;settings&quot;:{&quot;animation&quot;:&quot;yes&quot;,&quot;animation_intime&quot;:200,&quot;animation_outtime&quot;:200,&quot;conditions_ui&quot;:&quot;normal&quot;,&quot;notice_dismissed&quot;:false,&quot;notice_dismissed_update-cf7-5.4.1&quot;:true,&quot;notice_dismissed_update-cf7-5.5.6&quot;:true,&quot;notice_dismissed_update-cf7-5.7.4&quot;:true,&quot;notice_dismissed_update-cf7-5.7.7&quot;:true,&quot;notice_dismissed_update-cf7-5.8.5&quot;:true,&quot;notice_dismissed_update-cf7-5.8.6&quot;:true,&quot;notice_dismissed_update-cf7-5.8.7&quot;:true,&quot;notice_dismissed_update-cf7-6.1&quot;:true}}\" \/>\n<\/fieldset>\n<p><em>(Le solicitamos que complete todos los campos, especialmente los marcados con *)<\/em>\n<\/p>\n<p>Nombre:* <span class=\"wpcf7-form-control-wrap\" data-name=\"nome\"><input size=\"40\" maxlength=\"400\" class=\"wpcf7-form-control wpcf7-text wpcf7-validates-as-required\" aria-required=\"true\" aria-invalid=\"false\" value=\"\" type=\"text\" name=\"nome\" \/><\/span>\n<\/p>\n<p>E-mail:* <span class=\"wpcf7-form-control-wrap\" data-name=\"email\"><input size=\"40\" maxlength=\"400\" class=\"wpcf7-form-control wpcf7-email wpcf7-validates-as-required wpcf7-text wpcf7-validates-as-email\" aria-required=\"true\" aria-invalid=\"false\" value=\"\" type=\"email\" name=\"email\" \/><\/span>\n<\/p>\n<p>Tel\u00e9fono: <span class=\"wpcf7-form-control-wrap\" data-name=\"telefone\"><input size=\"40\" maxlength=\"400\" class=\"wpcf7-form-control wpcf7-text\" aria-invalid=\"false\" value=\"\" type=\"text\" name=\"telefone\" \/><\/span>\n<\/p>\n<p>Ciudad:* <span class=\"wpcf7-form-control-wrap\" data-name=\"cidade\"><input size=\"40\" maxlength=\"400\" class=\"wpcf7-form-control wpcf7-text wpcf7-validates-as-required\" aria-required=\"true\" aria-invalid=\"false\" value=\"\" type=\"text\" name=\"cidade\" \/><\/span>\n<\/p>\n<p>Pa\u00eds:* <span class=\"wpcf7-form-control-wrap\" data-name=\"pais\"><input size=\"40\" maxlength=\"400\" class=\"wpcf7-form-control wpcf7-text wpcf7-validates-as-required\" aria-required=\"true\" aria-invalid=\"false\" value=\"\" type=\"text\" name=\"pais\" \/><\/span>\n<\/p>\n<p>T\u00edtulo de la contribuci\u00f3n:* <span class=\"wpcf7-form-control-wrap\" data-name=\"titulo\"><input size=\"40\" maxlength=\"400\" class=\"wpcf7-form-control wpcf7-text wpcf7-validates-as-required\" aria-required=\"true\" aria-invalid=\"false\" value=\"\" type=\"text\" name=\"titulo\" \/><\/span>\n<\/p>\n<p>Autor: <span class=\"wpcf7-form-control-wrap\" data-name=\"autor\"><input size=\"40\" maxlength=\"400\" class=\"wpcf7-form-control wpcf7-text\" aria-invalid=\"false\" value=\"\" type=\"text\" name=\"autor\" \/><\/span>\n<\/p>\n<p>Descripci\u00f3n:<br \/>\n<span class=\"wpcf7-form-control-wrap\" data-name=\"descricao\"><textarea cols=\"40\" rows=\"10\" maxlength=\"2000\" class=\"wpcf7-form-control wpcf7-textarea\" aria-invalid=\"false\" name=\"descricao\"><\/textarea><\/span>\n<\/p>\n<p>Adjunte el(los) documento(s):<br \/>\n<em>(tipos de archivos: pdf \/ tama\u00f1o de archivo: hasta 5 MB)<\/em><br \/>\n<em><span style=\"color:#991896;\">(Indicar el eje tem\u00e1tico de cada contenido del documento)<\/span><\/em>\n<\/p>\n<p><span class=\"wpcf7-form-control-wrap\" data-name=\"documento\"><input size=\"40\" class=\"wpcf7-form-control wpcf7-file\" accept=\".pdf\" aria-invalid=\"false\" type=\"file\" name=\"documento\" \/><\/span>\n<\/p>\n<p>Enlace(s) a v\u00eddeo(s):<br \/>\n<span class=\"wpcf7-form-control-wrap\" data-name=\"videos\"><textarea cols=\"40\" rows=\"6\" maxlength=\"2000\" class=\"wpcf7-form-control wpcf7-textarea\" aria-invalid=\"false\" name=\"videos\"><\/textarea><\/span><br \/>\n<em><span style=\"color:#991896;\">(Indicar el eje tem\u00e1tico de cada contenido)<\/span><\/em>\n<\/p>\n<p>Enlace(s) a sitio(s) web\/blog(s):<br \/>\n<span class=\"wpcf7-form-control-wrap\" data-name=\"sites\"><textarea cols=\"40\" rows=\"6\" maxlength=\"2000\" class=\"wpcf7-form-control wpcf7-textarea\" aria-invalid=\"false\" name=\"sites\"><\/textarea><\/span><br \/>\n<em><span style=\"color:#991896;\">(Indicar el eje tem\u00e1tico de cada contenido)<\/span><\/em>\n<\/p>\n<p><span class=\"wpcf7-form-control-wrap\" data-name=\"your-consent\"><span class=\"wpcf7-form-control wpcf7-acceptance\"><span class=\"wpcf7-list-item\"><label><input type=\"checkbox\" name=\"your-consent\" value=\"1\" aria-invalid=\"false\" \/><span class=\"wpcf7-list-item-label\">He le\u00eddo y acepto los <a href=\"\/politica-de-privacidade\" target=\"_blank\">t\u00e9rminos de uso<\/a>*.<\/span><\/label><\/span><\/span><\/span>\n<\/p>\n<p><div class=\"cf7-cf-turnstile\" style=\"margin-top: 0px; margin-bottom: -15px;\"> <div id=\"cf-turnstile-cf7-623662720\" class=\"cf-turnstile\" data-sitekey=\"0x4AAAAAAADYyHEQMuNvKWmd\" data-theme=\"auto\" data-language=\"pt-br\" data-size=\"\" data-retry=\"auto\" data-retry-interval=\"1000\" data-refresh-expired=\"auto\" data-action=\"contact-form-7\" data-appearance=\"always\"><\/div> <script>document.addEventListener(\"DOMContentLoaded\", function() { setTimeout(function(){ var e=document.getElementById(\"cf-turnstile-cf7-623662720\"); e&&!e.innerHTML.trim()&&(turnstile.remove(\"#cf-turnstile-cf7-623662720\"), turnstile.render(\"#cf-turnstile-cf7-623662720\", {sitekey:\"0x4AAAAAAADYyHEQMuNvKWmd\"})); }, 100); });<\/script> <br class=\"cf-turnstile-br cf-turnstile-br-cf7-623662720\"> <style>#cf-turnstile-cf7-623662720 { margin-left: -15px; }<\/style> <script>document.addEventListener(\"DOMContentLoaded\",function(){document.querySelectorAll('.wpcf7-form').forEach(function(e){e.addEventListener('submit',function(){if(document.getElementById('cf-turnstile-cf7-623662720')){setTimeout(function(){turnstile.reset('#cf-turnstile-cf7-623662720');},1000)}})})});<\/script> <\/div><br\/><input class=\"wpcf7-form-control wpcf7-submit has-spinner\" type=\"submit\" value=\"Para enviar\" \/>\n<\/p><input type='hidden' class='wpcf7-pum' value='{\"closepopup\":false,\"closedelay\":0,\"openpopup\":false,\"openpopup_id\":0}' \/><div class=\"wpcf7-response-output\" aria-hidden=\"true\"><\/div>\n<\/form>\n<\/div>\n<\/div><\/div>    <\/div>\n<\/div>\n<!-- \/module text -->        <\/div>\n                        <\/div>\n        <\/div>\n        <\/div>\n<!--\/themify_builder_content-->","protected":false},"excerpt":{"rendered":"<p>Env\u00eda tu contribuci\u00f3n Ejes tem\u00e1ticos Una nueva Biocivilizaci\u00f3n con la que: 1. \u00c9tica (transversal) 2. \u00bfCon qu\u00e9 econom\u00eda y estructura econ\u00f3mica? 3. \u00bfCon qu\u00e9 formas organizativas de poder popular\/local y de gobernanza global?<\/p>\n","protected":false},"author":1,"featured_media":0,"parent":175891,"menu_order":0,"comment_status":"closed","ping_status":"closed","template":"","meta":{"_acf_changed":false,"footnotes":""},"class_list":["post-176111","page","type-page","status-publish","hentry","has-post-title","has-post-date","has-post-category","has-post-tag","has-post-comment","has-post-author",""],"acf":[],"_links":{"self":[{"href":"https:\/\/ocandeeiro.org\/es\/wp-json\/wp\/v2\/pages\/176111","targetHints":{"allow":["GET"]}}],"collection":[{"href":"https:\/\/ocandeeiro.org\/es\/wp-json\/wp\/v2\/pages"}],"about":[{"href":"https:\/\/ocandeeiro.org\/es\/wp-json\/wp\/v2\/types\/page"}],"author":[{"embeddable":true,"href":"https:\/\/ocandeeiro.org\/es\/wp-json\/wp\/v2\/users\/1"}],"replies":[{"embeddable":true,"href":"https:\/\/ocandeeiro.org\/es\/wp-json\/wp\/v2\/comments?post=176111"}],"version-history":[{"count":10,"href":"https:\/\/ocandeeiro.org\/es\/wp-json\/wp\/v2\/pages\/176111\/revisions"}],"predecessor-version":[{"id":177026,"href":"https:\/\/ocandeeiro.org\/es\/wp-json\/wp\/v2\/pages\/176111\/revisions\/177026"}],"up":[{"embeddable":true,"href":"https:\/\/ocandeeiro.org\/es\/wp-json\/wp\/v2\/pages\/175891"}],"wp:attachment":[{"href":"https:\/\/ocandeeiro.org\/es\/wp-json\/wp\/v2\/media?parent=176111"}],"curies":[{"name":"wp","href":"https:\/\/api.w.org\/{rel}","templated":true}]}}