{"id":176047,"date":"2024-10-11T09:46:46","date_gmt":"2024-10-11T12:46:46","guid":{"rendered":"https:\/\/ocandeeiro.org\/biblioteca2\/pt-modelo-economico-documentos\/"},"modified":"2024-11-05T20:42:54","modified_gmt":"2024-11-05T23:42:54","slug":"es-modelo-economico-documentos","status":"publish","type":"page","link":"https:\/\/ocandeeiro.org\/es\/biocivilizacao\/biblioteca\/es-modelo-economico-documentos\/","title":{"rendered":"P\u00e1gina Biociviliza\u00e7\u00e3o &#8211; Espanhol &#8211; Modelo Econ\u00f4mico &#8211; Documentos"},"content":{"rendered":"<!--themify_builder_content-->\n<div id=\"themify_builder_content-176047\" data-postid=\"176047\" class=\"themify_builder_content themify_builder_content-176047 themify_builder tf_clear\">\n                    <div  data-css_id=\"hq4w877\" data-lazy=\"1\" class=\"module_row themify_builder_row fullwidth tb_hq4w877 tb_first tf_w\">\n                        <div class=\"row_inner col_align_top tb_col_count_1 tf_box tf_rel\">\n                        <div  data-lazy=\"1\" class=\"module_column tb-column col-full tb_tahd877 first\">\n                    <!-- module text -->\n<div  class=\"module module-text tb_efc6877   \" data-lazy=\"1\">\n        <div  class=\"tb_text_wrap\">\n        <div class=\"tb_layout_part_wrap tf_w\"><!--themify_builder_content-->\n    <div  class=\"themify_builder_content themify_builder_content-175884 themify_builder not_editable_builder in_the_loop\" data-postid=\"175884\">\n                        <div  data-css_id=\"dxzy592\" data-lazy=\"1\" class=\"module_row themify_builder_row fullwidth_row_container tb_dxzy592 tf_w\">\n            <span  class=\"builder_row_cover tf_abs\" data-lazy=\"1\"><\/span><span class=\"tb_row_frame_wrap tf_overflow tf_abs\" data-lazy=\"1\"><span class=\"tb_row_frame tb_row_frame_bottom  tf_abs tf_hide tf_overflow tf_w\"><\/span><\/span>            <div class=\"row_inner col_align_top tb_col_count_1 tf_box tf_rel\">\n                        <div  data-lazy=\"1\" class=\"module_column tb-column col-full tb_an8q592 first\">\n                    <!-- module fancy heading -->\n<div  class=\"module module-fancy-heading tb_i4ax592 \" data-lazy=\"1\">\n        <h1 class=\"fancy-heading tf_textc\">\n    <span class=\"main-head tf_block\">\n                    Biblioteca Virtual de Biocivilizaci\u00f3n            <\/span>\n\n    \n    <span class=\"sub-head tf_block tf_rel\">\n                    Rueda de Biocivilizaci\u00f3n - Universidad Mutua            <\/span>\n    <\/h1>\n<\/div>\n<!-- \/module fancy heading -->\n        <\/div>\n                        <\/div>\n        <\/div>\n                        <div  data-lazy=\"1\" class=\"module_row themify_builder_row tb_ajqx938 tf_w\">\n                        <div class=\"row_inner col_align_top tb_col_count_1 tf_box tf_rel\">\n                        <div  data-lazy=\"1\" class=\"module_column tb-column col-full tb_fc3s938 first\">\n                    <!-- module menu -->\n<div  class=\"module module-menu tb_hpy6938  mobile-menu-slide\" data-menu-style=\"mobile-menu-slide\" data-menu-breakpoint=\"0\" data-element-id=\"tb_hpy6938\" data-lazy=\"1\">\n        \n    <div class=\"module-menu-container\"><ul id=\"menu-biocivilizacao-nova-es\" class=\"ui tf_clearfix nav tf_rel tf_scrollbar  tb_default_color\"><li id=\"menu-item-176393\" class=\"menu-item-page-176299 menu-item menu-item-type-post_type menu-item-object-page menu-item-176393\"><a href=\"https:\/\/ocandeeiro.org\/es\/biocivilizacao\/\"><em> <svg  class=\"tf_fa tf-fas-home\" aria-hidden=\"true\"><use href=\"#tf-fas-home\"><\/use><\/svg><\/em> Biocivilizaci\u00f3n<\/a><\/li>\n<li id=\"menu-item-175924\" class=\"menu-item-page-175891 menu-item menu-item-type-post_type menu-item-object-page menu-item-175924\"><a href=\"https:\/\/ocandeeiro.org\/es\/biocivilizacao\/biblioteca\/\"><em> <svg  class=\"tf_fa tf-fas-book-open\" aria-hidden=\"true\"><use href=\"#tf-fas-book-open\"><\/use><\/svg><\/em> Biblioteca<\/a><\/li>\n<li id=\"menu-item-175926\" class=\"menu-item-custom-175926 menu-item menu-item-type-custom menu-item-object-custom menu-item-has-children menu-item-175926\"><a role=\"button\" tabindex=\"0\"><em> <svg  class=\"tf_fa tf-fas-arrow-circle-down\" aria-hidden=\"true\"><use href=\"#tf-fas-arrow-circle-down\"><\/use><\/svg><\/em> \u00c9tica (transversal)<span class=\"child-arrow closed\" tabindex=\"-1\"><\/span><\/a>\n<ul class=\"sub-menu\">\n\t<li id=\"menu-item-175925\" class=\"menu-item-page-175913 menu-item menu-item-type-post_type menu-item-object-page menu-item-175925 menu-page-175913-parent-175926\"><a href=\"https:\/\/ocandeeiro.org\/es\/biocivilizacao\/biblioteca\/es-virtudes-eticas-videos\/\"><em> <svg  class=\"tf_fa tf-fas-caret-square-right\" aria-hidden=\"true\"><use href=\"#tf-fas-caret-square-right\"><\/use><\/svg><\/em> V\u00eddeos<\/a><\/li>\n\t<li id=\"menu-item-176001\" class=\"menu-item-page-175992 menu-item menu-item-type-post_type menu-item-object-page menu-item-has-children menu-item-176001 menu-page-175992-parent-175926\"><a href=\"https:\/\/ocandeeiro.org\/es\/biocivilizacao\/biblioteca\/es-virtudes-eticas-links\/\"><em> <svg  class=\"tf_fa tf-fas-link\" aria-hidden=\"true\"><use href=\"#tf-fas-link\"><\/use><\/svg><\/em> Enlaces<span class=\"child-arrow closed\" tabindex=\"-1\"><\/span><\/a>\n\t<ul class=\"sub-menu\">\n\t\t<li id=\"menu-item-177171\" class=\"menu-item-custom-177171 menu-item menu-item-type-custom menu-item-object-custom menu-item-177171 menu-custom-177171-parent-176001\"><a href=\"https:\/\/ocandeeiro.org\/es\/biocivilizacao\/biblioteca\/es-virtudes-eticas-links\/#espanhol-etica-link-global\">Experiencias Globales<\/a><\/li>\n\t\t<li id=\"menu-item-177172\" class=\"menu-item-custom-177172 menu-item menu-item-type-custom menu-item-object-custom menu-item-177172 menu-custom-177172-parent-176001\"><a href=\"https:\/\/ocandeeiro.org\/es\/biocivilizacao\/biblioteca\/es-virtudes-eticas-links\/#espanhol-etica-link-local\">Experiencias Locales<\/a><\/li>\n\t<\/ul>\n<\/li>\n\t<li id=\"menu-item-176058\" class=\"menu-item-page-176050 menu-item menu-item-type-post_type menu-item-object-page menu-item-176058 menu-page-176050-parent-175926\"><a href=\"https:\/\/ocandeeiro.org\/es\/biocivilizacao\/biblioteca\/es-virtudes-eticas-documentos\/\"><em> <svg  class=\"tf_fa tf-fas-file-alt\" aria-hidden=\"true\"><use href=\"#tf-fas-file-alt\"><\/use><\/svg><\/em> Documentos<\/a><\/li>\n<\/ul>\n<\/li>\n<li id=\"menu-item-176002\" class=\"menu-item-custom-176002 menu-item menu-item-type-custom menu-item-object-custom menu-item-has-children menu-item-176002\"><a role=\"button\" tabindex=\"0\"><em> <svg  class=\"tf_fa tf-fas-arrow-circle-down\" aria-hidden=\"true\"><use href=\"#tf-fas-arrow-circle-down\"><\/use><\/svg><\/em> Estructura Econ\u00f3mica<span class=\"child-arrow closed\" tabindex=\"-1\"><\/span><\/a>\n<ul class=\"sub-menu\">\n\t<li id=\"menu-item-176004\" class=\"menu-item-page-175951 menu-item menu-item-type-post_type menu-item-object-page menu-item-176004 menu-page-175951-parent-176002\"><a href=\"https:\/\/ocandeeiro.org\/es\/biocivilizacao\/biblioteca\/es-modelo-economico-videos\/\"><em> <svg  class=\"tf_fa tf-fas-caret-square-right\" aria-hidden=\"true\"><use href=\"#tf-fas-caret-square-right\"><\/use><\/svg><\/em> V\u00eddeos<\/a><\/li>\n\t<li id=\"menu-item-176003\" class=\"menu-item-page-175987 menu-item menu-item-type-post_type menu-item-object-page menu-item-has-children menu-item-176003 menu-page-175987-parent-176002\"><a href=\"https:\/\/ocandeeiro.org\/es\/biocivilizacao\/biblioteca\/es-modelo-economico-links\/\"><em> <svg  class=\"tf_fa tf-fas-link\" aria-hidden=\"true\"><use href=\"#tf-fas-link\"><\/use><\/svg><\/em> Enlaces<span class=\"child-arrow closed\" tabindex=\"-1\"><\/span><\/a>\n\t<ul class=\"sub-menu\">\n\t\t<li id=\"menu-item-177173\" class=\"menu-item-custom-177173 menu-item menu-item-type-custom menu-item-object-custom menu-item-177173 menu-custom-177173-parent-176003\"><a href=\"https:\/\/ocandeeiro.org\/es\/biocivilizacao\/biblioteca\/es-modelo-economico-links\/#espanhol-economia-link-global\">Experiencias Globales<\/a><\/li>\n\t\t<li id=\"menu-item-177176\" class=\"menu-item-custom-177176 menu-item menu-item-type-custom menu-item-object-custom menu-item-177176 menu-custom-177176-parent-176003\"><a href=\"https:\/\/ocandeeiro.org\/es\/biocivilizacao\/biblioteca\/es-modelo-economico-links\/#espanhol-economia-link-local\">Experiencias Locales<\/a><\/li>\n\t<\/ul>\n<\/li>\n\t<li id=\"menu-item-176059\" class=\"menu-item-page-176047 menu-item menu-item-type-post_type menu-item-object-page menu-item-176059 menu-page-176047-parent-176002\"><a href=\"https:\/\/ocandeeiro.org\/es\/biocivilizacao\/biblioteca\/es-modelo-economico-documentos\/\"><em> <svg  class=\"tf_fa tf-fas-file-alt\" aria-hidden=\"true\"><use href=\"#tf-fas-file-alt\"><\/use><\/svg><\/em> Documentos<\/a><\/li>\n<\/ul>\n<\/li>\n<li id=\"menu-item-176005\" class=\"menu-item-custom-176005 menu-item menu-item-type-custom menu-item-object-custom menu-item-has-children menu-item-176005\"><a role=\"button\" tabindex=\"0\"><em> <svg  class=\"tf_fa tf-fas-arrow-circle-down\" aria-hidden=\"true\"><use href=\"#tf-fas-arrow-circle-down\"><\/use><\/svg><\/em> Gobernanza Global<span class=\"child-arrow closed\" tabindex=\"-1\"><\/span><\/a>\n<ul class=\"sub-menu\">\n\t<li id=\"menu-item-176007\" class=\"menu-item-page-175955 menu-item menu-item-type-post_type menu-item-object-page menu-item-176007 menu-page-175955-parent-176005\"><a href=\"https:\/\/ocandeeiro.org\/es\/biocivilizacao\/biblioteca\/es-governanca-global-videos\/\"><em> <svg  class=\"tf_fa tf-fas-caret-square-right\" aria-hidden=\"true\"><use href=\"#tf-fas-caret-square-right\"><\/use><\/svg><\/em> V\u00eddeos<\/a><\/li>\n\t<li id=\"menu-item-176006\" class=\"menu-item-page-175983 menu-item menu-item-type-post_type menu-item-object-page menu-item-176006 menu-page-175983-parent-176005\"><a href=\"https:\/\/ocandeeiro.org\/es\/biocivilizacao\/biblioteca\/es-governanca-global-links\/\"><em> <svg  class=\"tf_fa tf-fas-link\" aria-hidden=\"true\"><use href=\"#tf-fas-link\"><\/use><\/svg><\/em> Enlaces<\/a><\/li>\n\t<li id=\"menu-item-176060\" class=\"menu-item-page-176042 menu-item menu-item-type-post_type menu-item-object-page menu-item-176060 menu-page-176042-parent-176005\"><a href=\"https:\/\/ocandeeiro.org\/es\/biocivilizacao\/biblioteca\/es-governanca-global-documentos\/\"><em> <svg  class=\"tf_fa tf-fas-file-alt\" aria-hidden=\"true\"><use href=\"#tf-fas-file-alt\"><\/use><\/svg><\/em> Documentos<\/a><\/li>\n<\/ul>\n<\/li>\n<li id=\"menu-item-wpml-ls-36-pt-br\" class=\"menu-item-wpml_ls_menu_item-wpml-ls-36-pt-br menu-item wpml-ls-slot-36 wpml-ls-item wpml-ls-item-pt-br wpml-ls-menu-item wpml-ls-first-item menu-item-type-wpml_ls_menu_item menu-item-object-wpml_ls_menu_item menu-item-wpml-ls-36-pt-br\"><a href=\"https:\/\/ocandeeiro.org\/\" title=\"Cambiar a Portugu\u00e9s, Brasil\" aria-label=\"Cambiar a Portugu\u00e9s, Brasil\" role=\"menuitem\"><img decoding=\"async\"\n            class=\"wpml-ls-flag\"\n            src=\"https:\/\/ocandeeiro.org\/wp-content\/plugins\/sitepress-multilingual-cms\/res\/flags\/pt-br.svg\"\n            alt=\"Portugu\u00e9s, Brasil\"\n            \n            \n    \/><\/a><\/li>\n<li id=\"menu-item-wpml-ls-36-es\" class=\"menu-item-wpml_ls_menu_item-wpml-ls-36-es menu-item wpml-ls-slot-36 wpml-ls-item wpml-ls-item-es wpml-ls-current-language wpml-ls-menu-item menu-item-type-wpml_ls_menu_item menu-item-object-wpml_ls_menu_item menu-item-wpml-ls-36-es\"><a href=\"https:\/\/ocandeeiro.org\/es\/\" role=\"menuitem\"><img decoding=\"async\"\n            class=\"wpml-ls-flag\"\n            src=\"https:\/\/ocandeeiro.org\/wp-content\/plugins\/sitepress-multilingual-cms\/res\/flags\/es.svg\"\n            alt=\"Espa\u00f1ol\"\n            \n            \n    \/><\/a><\/li>\n<li id=\"menu-item-wpml-ls-36-ca\" class=\"menu-item-wpml_ls_menu_item-wpml-ls-36-ca menu-item wpml-ls-slot-36 wpml-ls-item wpml-ls-item-ca wpml-ls-menu-item menu-item-type-wpml_ls_menu_item menu-item-object-wpml_ls_menu_item menu-item-wpml-ls-36-ca\"><a href=\"https:\/\/ocandeeiro.org\/ca\/\" title=\"Cambiar a Catal\u00e1n\" aria-label=\"Cambiar a Catal\u00e1n\" role=\"menuitem\"><img decoding=\"async\"\n            class=\"wpml-ls-flag\"\n            src=\"https:\/\/ocandeeiro.org\/wp-content\/plugins\/sitepress-multilingual-cms\/res\/flags\/ca.svg\"\n            alt=\"Catal\u00e1n\"\n            \n            \n    \/><\/a><\/li>\n<li id=\"menu-item-wpml-ls-36-en\" class=\"menu-item-wpml_ls_menu_item-wpml-ls-36-en menu-item wpml-ls-slot-36 wpml-ls-item wpml-ls-item-en wpml-ls-menu-item menu-item-type-wpml_ls_menu_item menu-item-object-wpml_ls_menu_item menu-item-wpml-ls-36-en\"><a href=\"https:\/\/ocandeeiro.org\/en\/\" title=\"Cambiar a Ingl\u00e9s\" aria-label=\"Cambiar a Ingl\u00e9s\" role=\"menuitem\"><img decoding=\"async\"\n            class=\"wpml-ls-flag\"\n            src=\"https:\/\/ocandeeiro.org\/wp-content\/plugins\/sitepress-multilingual-cms\/res\/flags\/en.svg\"\n            alt=\"Ingl\u00e9s\"\n            \n            \n    \/><\/a><\/li>\n<li id=\"menu-item-wpml-ls-36-fr\" class=\"menu-item-wpml_ls_menu_item-wpml-ls-36-fr menu-item wpml-ls-slot-36 wpml-ls-item wpml-ls-item-fr wpml-ls-menu-item wpml-ls-last-item menu-item-type-wpml_ls_menu_item menu-item-object-wpml_ls_menu_item menu-item-wpml-ls-36-fr\"><a href=\"https:\/\/ocandeeiro.org\/fr\/\" title=\"Cambiar a Franc\u00e9s\" aria-label=\"Cambiar a Franc\u00e9s\" role=\"menuitem\"><img decoding=\"async\"\n            class=\"wpml-ls-flag\"\n            src=\"https:\/\/ocandeeiro.org\/wp-content\/plugins\/sitepress-multilingual-cms\/res\/flags\/fr.svg\"\n            alt=\"Franc\u00e9s\"\n            \n            \n    \/><\/a><\/li>\n<\/ul><\/div>        <style>\n            .mobile-menu-module[data-module=\"tb_hpy6938\"]{\n                right:-300px            }\n        <\/style>\n    <\/div>\n<!-- \/module menu -->\n        <\/div>\n                        <\/div>\n        <\/div>\n            <\/div>\n<!--\/themify_builder_content--><\/div>\n    <\/div>\n<\/div>\n<!-- \/module text -->        <\/div>\n                        <\/div>\n        <\/div>\n                        <div  data-lazy=\"1\" class=\"module_row themify_builder_row tb_xebd310 tf_w\">\n                        <div class=\"row_inner col_align_top tb_col_count_1 tf_box tf_rel\">\n                        <div  data-lazy=\"1\" class=\"module_column tb-column col-full tb_sb7b225 first\">\n                    <!-- module text -->\n<div  class=\"module module-text tb_ii59325   \" data-lazy=\"1\">\n        <div  class=\"tb_text_wrap\">\n        <h3 class=\"image-title\">\u00bfUna nueva Biocivilizaci\u00f3n con qu\u00e9 econom\u00eda y estructura econ\u00f3mica?<\/h3>    <\/div>\n<\/div>\n<!-- \/module text --><!-- module icon -->\n<div  class=\"module module-icon tb_f04e0  xlarge none icon_horizontal \" data-lazy=\"1\">\n            <div class=\"module-icon-item\">\n                                                                <em class=\"tf_box\" style=\"color:#000000\"><svg  class=\"tf_fa tf-fas-file-alt\" aria-hidden=\"true\"><use href=\"#tf-fas-file-alt\"><\/use><\/svg><\/em>\n                                                                            <span>DOCUMENTOS<\/span>\n                                                            <\/div>\n    <\/div>\n<!-- \/module icon -->\n<!-- module text -->\n<div  class=\"module module-text tb_9065411   \" data-lazy=\"1\">\n        <div  class=\"tb_text_wrap\">\n        <div class=\"module module-text tb_38nd189\"><div class=\"tb_text_wrap\"><div class=\"tb_layout_part_wrap tf_w\"><!--themify_builder_content-->\n    <div  class=\"themify_builder_content themify_builder_content-176031 themify_builder not_editable_builder in_the_loop\" data-postid=\"176031\">\n                        <div  data-lazy=\"1\" class=\"module_row themify_builder_row tb_661b848 tf_w\">\n                        <div class=\"row_inner col_align_top tb_col_count_2 tf_box tf_rel\">\n                        <div  data-lazy=\"1\" class=\"module_column tb-column col4-2 tb_pl1a848 first\">\n                    <!-- module buttons -->\n<div  class=\"module module-buttons tb_zwt2848 buttons-horizontal solid   circle buttons-fullwidth\" data-lazy=\"1\">\n        <div class=\"module-buttons-item tf_in_flx\">\n                        <a href=\"https:\/\/ocandeeiro.org\/wp-content\/uploads\/2024\/04\/Carta-de-Clara-y-Francisco-Espanhol.pdf\" class=\"ui builder_button tf_in_flx blue\" target=\"_blank\" rel=\"noopener\">\n                                    <em><svg  class=\"tf_fa tf-fas-download\" aria-hidden=\"true\"><use href=\"#tf-fas-download\"><\/use><\/svg><\/em>                                        Carta de Clara y Francisco - ESPA\u00d1OL                                        <\/a>\n                <\/div>\n            <\/div>\n<!-- \/module buttons -->\n        <\/div>\n                    <div  data-lazy=\"1\" class=\"module_column tb-column col4-2 tb_dzym848 last\">\n                            <\/div>\n                        <\/div>\n        <\/div>\n            <\/div>\n<!--\/themify_builder_content--><\/div>\n<\/div><\/div>    <\/div>\n<\/div>\n<!-- \/module text -->        <\/div>\n                        <\/div>\n        <\/div>\n                        <div  data-lazy=\"1\" class=\"module_row themify_builder_row tb_tiw9563 tf_w\">\n                        <div class=\"row_inner col_align_top tb_col_count_1 tf_box tf_rel\">\n                        <div  data-lazy=\"1\" class=\"module_column tb-column col-full tb_q99u563 first\">\n                    <!-- module text -->\n<div  class=\"module module-text tb_twe2563   \" data-lazy=\"1\">\n        <div  class=\"tb_text_wrap\">\n        <div class=\"tb_layout_part_wrap tf_w\"><!--themify_builder_content-->\n    <div  class=\"themify_builder_content themify_builder_content-176155 themify_builder not_editable_builder in_the_loop\" data-postid=\"176155\">\n                        <div  data-lazy=\"1\" class=\"module_row themify_builder_row tb_9990296 tf_w\">\n                        <div class=\"row_inner col_align_top tb_col_count_1 tf_box tf_rel\">\n                        <div  data-lazy=\"1\" class=\"module_column tb-column col-full tb_mv4d296 first\">\n                    <!-- module text -->\n<div  class=\"module module-text tb_0u2y296   \" data-lazy=\"1\">\n        <div  class=\"tb_text_wrap\">\n        <h3><span class=\"HwtZe\" lang=\"es\"><span class=\"jCAhz ChMk0b\"><span class=\"ryNqvb\">Colabora con la Biblioteca Virtual de Biocivilizaci\u00f3n<\/span><\/span><\/span><\/h3><p><span class=\"HwtZe\" lang=\"es\"><span class=\"jCAhz ChMk0b\"><span class=\"ryNqvb\"><strong>Env\u00eda contenidos<\/strong>, ya sean videos, documentos PDF o sitios web de experiencias de tu pa\u00eds o de redes presentes en varios pa\u00edses o continentes, <strong>que consideres \u201cBiocivilizatorios\u201d<\/strong> y que puedan contribuir dentro de los ejes tem\u00e1ticos en los que organizamos el c\u00edrculo.<\/span><\/span> <span class=\"jCAhz ChMk0b\"><span class=\"ryNqvb\">Ellos son:<\/span><\/span><\/span><\/p><p><span class=\"HwtZe\" lang=\"es\"><span class=\"jCAhz ChMk0b\"><span class=\"ryNqvb\">Una nueva Biocivilizaci\u00f3n con que:<br \/><\/span><\/span><\/span><\/p><p><strong>1.<\/strong> \u00c9tica (transversal)<br \/><strong>2.<\/strong> \u00bfCon qu\u00e9 econom\u00eda y estructura econ\u00f3mica?<br \/><strong>3.<\/strong>\u00a0\u00bfCon qu\u00e9 formas organizativas del poder de base\/local y de la gobernanza\u00a0global?<\/p>    <\/div>\n<\/div>\n<!-- \/module text -->        <\/div>\n                        <\/div>\n        <\/div>\n                        <div  data-lazy=\"1\" class=\"module_row themify_builder_row tb_4zz0109 tf_w\">\n                        <div class=\"row_inner col_align_top tb_col_count_3 tf_box tf_rel\">\n                        <div  data-lazy=\"1\" class=\"module_column tb-column col3-1 tb_ipq5800 first\">\n                            <\/div>\n                    <div  data-lazy=\"1\" class=\"module_column tb-column col3-1 tb_2dky044\">\n                    <!-- module buttons -->\n<div  class=\"module module-buttons tb_u8sh209 buttons-horizontal solid   circle buttons-fullwidth\" data-lazy=\"1\">\n        <div class=\"module-buttons-item tf_in_flx\">\n                        <a href=\"https:\/\/ocandeeiro.org\/es\/biblioteca\/contribuicao\" class=\"ui builder_button tf_in_flx blue\" >\n                                    <em><svg  class=\"tf_fa tf-fas-share-nodes\" aria-hidden=\"true\"><use href=\"#tf-fas-share-nodes\"><\/use><\/svg><\/em>                                        ENV\u00cdA TU CONTRIBUCI\u00d3N                                        <\/a>\n                <\/div>\n            <\/div>\n<!-- \/module buttons -->\n        <\/div>\n                    <div  data-lazy=\"1\" class=\"module_column tb-column col3-1 tb_7hce909 last\">\n                            <\/div>\n                        <\/div>\n        <\/div>\n            <\/div>\n<!--\/themify_builder_content--><\/div>\n    <\/div>\n<\/div>\n<!-- \/module text -->        <\/div>\n                        <\/div>\n        <\/div>\n        <\/div>\n<!--\/themify_builder_content-->","protected":false},"excerpt":{"rendered":"<p>\u00bfUna nueva Biocivilizaci\u00f3n con qu\u00e9 econom\u00eda y estructura econ\u00f3mica? DOCUMENTOS<\/p>\n","protected":false},"author":1,"featured_media":0,"parent":175891,"menu_order":6,"comment_status":"closed","ping_status":"closed","template":"","meta":{"_acf_changed":false,"footnotes":""},"class_list":["post-176047","page","type-page","status-publish","hentry","has-post-title","has-post-date","has-post-category","has-post-tag","has-post-comment","has-post-author",""],"acf":[],"_links":{"self":[{"href":"https:\/\/ocandeeiro.org\/es\/wp-json\/wp\/v2\/pages\/176047","targetHints":{"allow":["GET"]}}],"collection":[{"href":"https:\/\/ocandeeiro.org\/es\/wp-json\/wp\/v2\/pages"}],"about":[{"href":"https:\/\/ocandeeiro.org\/es\/wp-json\/wp\/v2\/types\/page"}],"author":[{"embeddable":true,"href":"https:\/\/ocandeeiro.org\/es\/wp-json\/wp\/v2\/users\/1"}],"replies":[{"embeddable":true,"href":"https:\/\/ocandeeiro.org\/es\/wp-json\/wp\/v2\/comments?post=176047"}],"version-history":[{"count":10,"href":"https:\/\/ocandeeiro.org\/es\/wp-json\/wp\/v2\/pages\/176047\/revisions"}],"predecessor-version":[{"id":176716,"href":"https:\/\/ocandeeiro.org\/es\/wp-json\/wp\/v2\/pages\/176047\/revisions\/176716"}],"up":[{"embeddable":true,"href":"https:\/\/ocandeeiro.org\/es\/wp-json\/wp\/v2\/pages\/175891"}],"wp:attachment":[{"href":"https:\/\/ocandeeiro.org\/es\/wp-json\/wp\/v2\/media?parent=176047"}],"curies":[{"name":"wp","href":"https:\/\/api.w.org\/{rel}","templated":true}]}}