{"id":176818,"date":"2024-10-11T09:46:46","date_gmt":"2024-10-11T12:46:46","guid":{"rendered":"https:\/\/ocandeeiro.org\/biocivilizacao\/biblioteca\/pt-modelo-economico-documentos\/"},"modified":"2024-11-05T21:49:01","modified_gmt":"2024-11-06T00:49:01","slug":"en-modelo-economico-documentos","status":"publish","type":"page","link":"https:\/\/ocandeeiro.org\/en\/biocivilizacao\/biblioteca\/en-modelo-economico-documentos\/","title":{"rendered":"P\u00e1gina Biociviliza\u00e7\u00e3o &#8211; Ingl\u00eas &#8211; Modelo Econ\u00f4mico &#8211; Documentos"},"content":{"rendered":"<!--themify_builder_content-->\n<div id=\"themify_builder_content-176818\" data-postid=\"176818\" class=\"themify_builder_content themify_builder_content-176818 themify_builder tf_clear\">\n                    <div  data-css_id=\"hq4w877\" data-lazy=\"1\" class=\"module_row themify_builder_row fullwidth tb_hq4w877 tb_first tf_w\">\n                        <div class=\"row_inner col_align_top tb_col_count_1 tf_box tf_rel\">\n                        <div  data-lazy=\"1\" class=\"module_column tb-column col-full tb_tahd877 first\">\n                    <!-- module text -->\n<div  class=\"module module-text tb_efc6877   \" data-lazy=\"1\">\n        <div  class=\"tb_text_wrap\">\n        <div class=\"tb_layout_part_wrap tf_w\"><!--themify_builder_content-->\n    <div  class=\"themify_builder_content themify_builder_content-176396 themify_builder not_editable_builder in_the_loop\" data-postid=\"176396\">\n                        <div  data-css_id=\"1qbb273\" data-lazy=\"1\" class=\"module_row themify_builder_row fullwidth_row_container tb_1qbb273 tf_w\">\n            <span  class=\"builder_row_cover tf_abs\" data-lazy=\"1\"><\/span><span class=\"tb_row_frame_wrap tf_overflow tf_abs\" data-lazy=\"1\"><span class=\"tb_row_frame tb_row_frame_bottom  tf_abs tf_hide tf_overflow tf_w\"><\/span><\/span>            <div class=\"row_inner col_align_top tb_col_count_1 tf_box tf_rel\">\n                        <div  data-lazy=\"1\" class=\"module_column tb-column col-full tb_5wzf202 first\">\n                    <!-- module fancy heading -->\n<div  class=\"module module-fancy-heading tb_6coq333 \" data-lazy=\"1\">\n        <h1 class=\"fancy-heading tf_textc\">\n    <span class=\"main-head tf_block\">\n                    Biocivilizational Virtual Library            <\/span>\n\n    \n    <span class=\"sub-head tf_block tf_rel\">\n                    Biocivilization Wheel - Mutual University            <\/span>\n    <\/h1>\n<\/div>\n<!-- \/module fancy heading -->\n        <\/div>\n                        <\/div>\n        <\/div>\n                        <div  data-lazy=\"1\" class=\"module_row themify_builder_row tb_7sl3010 tf_w\">\n                        <div class=\"row_inner col_align_top tb_col_count_1 tf_box tf_rel\">\n                        <div  data-lazy=\"1\" class=\"module_column tb-column col-full tb_zjwc312 first\">\n                    <!-- module menu -->\n<div  class=\"module module-menu tb_b5c0031  mobile-menu-slide\" data-menu-style=\"mobile-menu-slide\" data-menu-breakpoint=\"0\" data-element-id=\"tb_b5c0031\" data-lazy=\"1\">\n        \n    <div class=\"module-menu-container\"><ul id=\"menu-biocivilizacao-nova-en\" class=\"ui tf_clearfix nav tf_rel tf_scrollbar  tb_default_color\"><li id=\"menu-item-176497\" class=\"menu-item-page-176405 menu-item menu-item-type-post_type menu-item-object-page menu-item-176497\"><a href=\"https:\/\/ocandeeiro.org\/en\/biocivilizacao\/\"><em> <svg  class=\"tf_fa tf-fas-home\" aria-hidden=\"true\"><use href=\"#tf-fas-home\"><\/use><\/svg><\/em> Biocivilization<\/a><\/li>\n<li id=\"menu-item-176500\" class=\"menu-item-page-176411 menu-item menu-item-type-post_type menu-item-object-page menu-item-176500\"><a href=\"https:\/\/ocandeeiro.org\/en\/biocivilizacao\/biblioteca\/\"><em> <svg  class=\"tf_fa tf-fas-book-open\" aria-hidden=\"true\"><use href=\"#tf-fas-book-open\"><\/use><\/svg><\/em> Library<\/a><\/li>\n<li id=\"menu-item-176849\" class=\"menu-item-custom-176849 menu-item menu-item-type-custom menu-item-object-custom menu-item-has-children menu-item-176849\"><a role=\"button\" tabindex=\"0\"><em> <svg  class=\"tf_fa tf-fas-arrow-circle-down\" aria-hidden=\"true\"><use href=\"#tf-fas-arrow-circle-down\"><\/use><\/svg><\/em> Ethics (transversal)<span class=\"child-arrow closed\" tabindex=\"-1\"><\/span><\/a>\n<ul class=\"sub-menu\">\n\t<li id=\"menu-item-176854\" class=\"menu-item-page-176465 menu-item menu-item-type-post_type menu-item-object-page menu-item-176854 menu-page-176465-parent-176849\"><a href=\"https:\/\/ocandeeiro.org\/en\/biocivilizacao\/biblioteca\/en-virtudes-eticas-videos\/\"><em> <svg  class=\"tf_fa tf-fas-square-caret-right\" aria-hidden=\"true\"><use href=\"#tf-fas-square-caret-right\"><\/use><\/svg><\/em> Videos<\/a><\/li>\n\t<li id=\"menu-item-176853\" class=\"menu-item-page-176737 menu-item menu-item-type-post_type menu-item-object-page menu-item-176853 menu-page-176737-parent-176849\"><a href=\"https:\/\/ocandeeiro.org\/en\/biocivilizacao\/biblioteca\/en-virtudes-eticas-links\/\"><em> <svg  class=\"tf_fa tf-fas-link\" aria-hidden=\"true\"><use href=\"#tf-fas-link\"><\/use><\/svg><\/em> Links<\/a><\/li>\n\t<li id=\"menu-item-176852\" class=\"menu-item-page-176742 menu-item menu-item-type-post_type menu-item-object-page menu-item-176852 menu-page-176742-parent-176849\"><a href=\"https:\/\/ocandeeiro.org\/en\/biocivilizacao\/biblioteca\/en-virtudes-eticas-documentos\/\"><em> <svg  class=\"tf_fa tf-fas-file-alt\" aria-hidden=\"true\"><use href=\"#tf-fas-file-alt\"><\/use><\/svg><\/em> Documents<\/a><\/li>\n<\/ul>\n<\/li>\n<li id=\"menu-item-176850\" class=\"menu-item-custom-176850 menu-item menu-item-type-custom menu-item-object-custom menu-item-has-children menu-item-176850\"><a role=\"button\" tabindex=\"0\"><em> <svg  class=\"tf_fa tf-fas-arrow-circle-down\" aria-hidden=\"true\"><use href=\"#tf-fas-arrow-circle-down\"><\/use><\/svg><\/em> Economic Model<span class=\"child-arrow closed\" tabindex=\"-1\"><\/span><\/a>\n<ul class=\"sub-menu\">\n\t<li id=\"menu-item-176857\" class=\"menu-item-page-176755 menu-item menu-item-type-post_type menu-item-object-page menu-item-176857 menu-page-176755-parent-176850\"><a href=\"https:\/\/ocandeeiro.org\/en\/biocivilizacao\/biblioteca\/en-modelo-economico-videos\/\"><em> <svg  class=\"tf_fa tf-fas-square-caret-right\" aria-hidden=\"true\"><use href=\"#tf-fas-square-caret-right\"><\/use><\/svg><\/em> Videos<\/a><\/li>\n\t<li id=\"menu-item-176856\" class=\"menu-item-page-176804 menu-item menu-item-type-post_type menu-item-object-page menu-item-176856 menu-page-176804-parent-176850\"><a href=\"https:\/\/ocandeeiro.org\/en\/biocivilizacao\/biblioteca\/en-modelo-economico-links\/\"><em> <svg  class=\"tf_fa tf-fas-link\" aria-hidden=\"true\"><use href=\"#tf-fas-link\"><\/use><\/svg><\/em> Links<\/a><\/li>\n\t<li id=\"menu-item-176855\" class=\"menu-item-page-176818 menu-item menu-item-type-post_type menu-item-object-page menu-item-176855 menu-page-176818-parent-176850\"><a href=\"https:\/\/ocandeeiro.org\/en\/biocivilizacao\/biblioteca\/en-modelo-economico-documentos\/\"><em> <svg  class=\"tf_fa tf-fas-file-alt\" aria-hidden=\"true\"><use href=\"#tf-fas-file-alt\"><\/use><\/svg><\/em> Documents<\/a><\/li>\n<\/ul>\n<\/li>\n<li id=\"menu-item-176851\" class=\"menu-item-custom-176851 menu-item menu-item-type-custom menu-item-object-custom menu-item-has-children menu-item-176851\"><a role=\"button\" tabindex=\"0\"><em> <svg  class=\"tf_fa tf-fas-arrow-circle-down\" aria-hidden=\"true\"><use href=\"#tf-fas-arrow-circle-down\"><\/use><\/svg><\/em> Global Governance<span class=\"child-arrow closed\" tabindex=\"-1\"><\/span><\/a>\n<ul class=\"sub-menu\">\n\t<li id=\"menu-item-176860\" class=\"menu-item-page-176828 menu-item menu-item-type-post_type menu-item-object-page menu-item-176860 menu-page-176828-parent-176851\"><a href=\"https:\/\/ocandeeiro.org\/en\/biocivilizacao\/biblioteca\/en-governanca-global-videos\/\"><em> <svg  class=\"tf_fa tf-fas-square-caret-right\" aria-hidden=\"true\"><use href=\"#tf-fas-square-caret-right\"><\/use><\/svg><\/em> Videos<\/a><\/li>\n\t<li id=\"menu-item-176859\" class=\"menu-item-page-176837 menu-item menu-item-type-post_type menu-item-object-page menu-item-176859 menu-page-176837-parent-176851\"><a href=\"https:\/\/ocandeeiro.org\/en\/biocivilizacao\/biblioteca\/en-governanca-global-links\/\"><em> <svg  class=\"tf_fa tf-fas-link\" aria-hidden=\"true\"><use href=\"#tf-fas-link\"><\/use><\/svg><\/em> Links<\/a><\/li>\n\t<li id=\"menu-item-176858\" class=\"menu-item-page-176844 menu-item menu-item-type-post_type menu-item-object-page menu-item-176858 menu-page-176844-parent-176851\"><a href=\"https:\/\/ocandeeiro.org\/en\/biocivilizacao\/biblioteca\/en-governanca-global-documentos\/\"><em> <svg  class=\"tf_fa tf-fas-file-alt\" aria-hidden=\"true\"><use href=\"#tf-fas-file-alt\"><\/use><\/svg><\/em> Documents<\/a><\/li>\n<\/ul>\n<\/li>\n<li id=\"menu-item-wpml-ls-36-pt-br\" class=\"menu-item-wpml_ls_menu_item-wpml-ls-36-pt-br menu-item wpml-ls-slot-36 wpml-ls-item wpml-ls-item-pt-br wpml-ls-menu-item wpml-ls-first-item menu-item-type-wpml_ls_menu_item menu-item-object-wpml_ls_menu_item menu-item-wpml-ls-36-pt-br\"><a href=\"https:\/\/ocandeeiro.org\/\" title=\"Switch to Portuguese (Brazil)\" aria-label=\"Switch to Portuguese (Brazil)\" role=\"menuitem\"><img decoding=\"async\"\n            class=\"wpml-ls-flag\"\n            src=\"https:\/\/ocandeeiro.org\/wp-content\/plugins\/sitepress-multilingual-cms\/res\/flags\/pt-br.svg\"\n            alt=\"Portuguese (Brazil)\"\n            \n            \n    \/><\/a><\/li>\n<li id=\"menu-item-wpml-ls-36-es\" class=\"menu-item-wpml_ls_menu_item-wpml-ls-36-es menu-item wpml-ls-slot-36 wpml-ls-item wpml-ls-item-es wpml-ls-menu-item menu-item-type-wpml_ls_menu_item menu-item-object-wpml_ls_menu_item menu-item-wpml-ls-36-es\"><a href=\"https:\/\/ocandeeiro.org\/es\/\" title=\"Switch to Spanish\" aria-label=\"Switch to Spanish\" role=\"menuitem\"><img decoding=\"async\"\n            class=\"wpml-ls-flag\"\n            src=\"https:\/\/ocandeeiro.org\/wp-content\/plugins\/sitepress-multilingual-cms\/res\/flags\/es.svg\"\n            alt=\"Spanish\"\n            \n            \n    \/><\/a><\/li>\n<li id=\"menu-item-wpml-ls-36-ca\" class=\"menu-item-wpml_ls_menu_item-wpml-ls-36-ca menu-item wpml-ls-slot-36 wpml-ls-item wpml-ls-item-ca wpml-ls-menu-item menu-item-type-wpml_ls_menu_item menu-item-object-wpml_ls_menu_item menu-item-wpml-ls-36-ca\"><a href=\"https:\/\/ocandeeiro.org\/ca\/\" title=\"Switch to Catalan\" aria-label=\"Switch to Catalan\" role=\"menuitem\"><img decoding=\"async\"\n            class=\"wpml-ls-flag\"\n            src=\"https:\/\/ocandeeiro.org\/wp-content\/plugins\/sitepress-multilingual-cms\/res\/flags\/ca.svg\"\n            alt=\"Catalan\"\n            \n            \n    \/><\/a><\/li>\n<li id=\"menu-item-wpml-ls-36-en\" class=\"menu-item-wpml_ls_menu_item-wpml-ls-36-en menu-item wpml-ls-slot-36 wpml-ls-item wpml-ls-item-en wpml-ls-current-language wpml-ls-menu-item menu-item-type-wpml_ls_menu_item menu-item-object-wpml_ls_menu_item menu-item-wpml-ls-36-en\"><a href=\"https:\/\/ocandeeiro.org\/en\/\" role=\"menuitem\"><img decoding=\"async\"\n            class=\"wpml-ls-flag\"\n            src=\"https:\/\/ocandeeiro.org\/wp-content\/plugins\/sitepress-multilingual-cms\/res\/flags\/en.svg\"\n            alt=\"English\"\n            \n            \n    \/><\/a><\/li>\n<li id=\"menu-item-wpml-ls-36-fr\" class=\"menu-item-wpml_ls_menu_item-wpml-ls-36-fr menu-item wpml-ls-slot-36 wpml-ls-item wpml-ls-item-fr wpml-ls-menu-item wpml-ls-last-item menu-item-type-wpml_ls_menu_item menu-item-object-wpml_ls_menu_item menu-item-wpml-ls-36-fr\"><a href=\"https:\/\/ocandeeiro.org\/fr\/\" title=\"Switch to French\" aria-label=\"Switch to French\" role=\"menuitem\"><img decoding=\"async\"\n            class=\"wpml-ls-flag\"\n            src=\"https:\/\/ocandeeiro.org\/wp-content\/plugins\/sitepress-multilingual-cms\/res\/flags\/fr.svg\"\n            alt=\"French\"\n            \n            \n    \/><\/a><\/li>\n<\/ul><\/div>        <style>\n            .mobile-menu-module[data-module=\"tb_b5c0031\"]{\n                right:-300px            }\n        <\/style>\n    <\/div>\n<!-- \/module menu -->\n        <\/div>\n                        <\/div>\n        <\/div>\n            <\/div>\n<!--\/themify_builder_content--><\/div>\n    <\/div>\n<\/div>\n<!-- \/module text -->        <\/div>\n                        <\/div>\n        <\/div>\n                        <div  data-lazy=\"1\" class=\"module_row themify_builder_row tb_xebd310 tf_w\">\n                        <div class=\"row_inner col_align_top tb_col_count_1 tf_box tf_rel\">\n                        <div  data-lazy=\"1\" class=\"module_column tb-column col-full tb_sb7b225 first\">\n                    <!-- module text -->\n<div  class=\"module module-text tb_ii59325   \" data-lazy=\"1\">\n        <div  class=\"tb_text_wrap\">\n        <h3 style=\"text-align: left;\">A new Biocivilization with what economy and economic model?<\/h3>    <\/div>\n<\/div>\n<!-- \/module text --><!-- module icon -->\n<div  class=\"module module-icon tb_f04e0  xlarge none icon_horizontal \" data-lazy=\"1\">\n            <div class=\"module-icon-item\">\n                                                                <em class=\"tf_box\" style=\"color:#000000\"><svg  class=\"tf_fa tf-fas-file-alt\" aria-hidden=\"true\"><use href=\"#tf-fas-file-alt\"><\/use><\/svg><\/em>\n                                                                            <span>DOCUMENTS<\/span>\n                                                            <\/div>\n    <\/div>\n<!-- \/module icon -->\n<!-- module text -->\n<div  class=\"module module-text tb_9065411   \" data-lazy=\"1\">\n        <div  class=\"tb_text_wrap\">\n        <div class=\"module module-text tb_38nd189\"><div class=\"tb_text_wrap\"><div class=\"tb_layout_part_wrap tf_w\"><!--themify_builder_content-->\n    <div  class=\"themify_builder_content themify_builder_content-176783 themify_builder not_editable_builder in_the_loop\" data-postid=\"176783\">\n            <\/div>\n<!--\/themify_builder_content--><\/div>\n<\/div><\/div>    <\/div>\n<\/div>\n<!-- \/module text -->        <\/div>\n                        <\/div>\n        <\/div>\n                        <div  data-lazy=\"1\" class=\"module_row themify_builder_row tb_eu77890 tf_w\">\n                        <div class=\"row_inner col_align_top tb_col_count_1 tf_box tf_rel\">\n                        <div  data-lazy=\"1\" class=\"module_column tb-column col-full tb_a8n1890 first\">\n                    <!-- module text -->\n<div  class=\"module module-text tb_dxbo890   \" data-lazy=\"1\">\n        <div  class=\"tb_text_wrap\">\n        <div class=\"tb_layout_part_wrap tf_w\"><!--themify_builder_content-->\n    <div  class=\"themify_builder_content themify_builder_content-176454 themify_builder not_editable_builder in_the_loop\" data-postid=\"176454\">\n                        <div  data-lazy=\"1\" class=\"module_row themify_builder_row tb_7sxx201 tf_w\">\n                        <div class=\"row_inner col_align_top tb_col_count_1 tf_box tf_rel\">\n                        <div  data-lazy=\"1\" class=\"module_column tb-column col-full tb_q3nb214 first\">\n                    <!-- module text -->\n<div  class=\"module module-text tb_cpzy414   \" data-lazy=\"1\">\n        <div  class=\"tb_text_wrap\">\n        <h3><span class=\"HwtZe\" lang=\"en\"><span class=\"jCAhz ChMk0b\"><span class=\"ryNqvb\">Contribute to the Virtual Library of Biocivilization<\/span><\/span><\/span><\/h3><p><span class=\"HwtZe\" lang=\"en\"><span class=\"jCAhz ChMk0b\"><span class=\"ryNqvb\"><strong>Send content<\/strong>, whether videos, PDF documents or websites about experiences in your country or networks present in several countries or continents, <strong>that you consider to be \u201cBiocivilizational\u201d<\/strong> and that can contribute to the thematic axes around which we organize the circle.<\/span><\/span> <span class=\"jCAhz ChMk0b\"><span class=\"ryNqvb\">They are:<\/span><\/span><\/span><\/p><p><span class=\"HwtZe\" lang=\"en\"><span class=\"jCAhz ChMk0b\"><span class=\"ryNqvb\">A new Biocivilization with:<\/span><\/span><\/span><\/p><p><strong>1.<\/strong> <span class=\"HwtZe\" lang=\"en\"><span class=\"jCAhz ChMk0b\"><span class=\"ryNqvb\">Ethics (transversal)<\/span><\/span><\/span><br \/><strong>2.<\/strong> <span class=\"HwtZe\" lang=\"en\"><span class=\"jCAhz ChMk0b\"><span class=\"ryNqvb\">With what economy and economic structure?<\/span><\/span><\/span><br \/><strong>3.<\/strong> <span class=\"HwtZe\" lang=\"en\"><span class=\"jCAhz ChMk0b\"><span class=\"ryNqvb\">With what organizational forms of popular\/local power and global governance?<\/span><\/span><\/span><\/p>    <\/div>\n<\/div>\n<!-- \/module text -->        <\/div>\n                        <\/div>\n        <\/div>\n                        <div  data-lazy=\"1\" class=\"module_row themify_builder_row tb_g2p4300 tf_w\">\n                        <div class=\"row_inner col_align_top tb_col_count_3 tf_box tf_rel\">\n                        <div  data-lazy=\"1\" class=\"module_column tb-column col3-1 tb_9vwp210 first\">\n                            <\/div>\n                    <div  data-lazy=\"1\" class=\"module_column tb-column col3-1 tb_heiq142\">\n                    <!-- module buttons -->\n<div  class=\"module module-buttons tb_mdls472 buttons-horizontal solid   circle buttons-fullwidth\" data-lazy=\"1\">\n        <div class=\"module-buttons-item tf_in_flx\">\n                        <a href=\"https:\/\/ocandeeiro.org\/en\/biocivilizacao\/biblioteca\/contribuicao\/\" class=\"ui builder_button tf_in_flx blue\" >\n                                    <em><svg  class=\"tf_fa tf-fas-share-nodes\" aria-hidden=\"true\"><use href=\"#tf-fas-share-nodes\"><\/use><\/svg><\/em>                                        SEND YOUR CONTRIBUTION                                        <\/a>\n                <\/div>\n            <\/div>\n<!-- \/module buttons -->\n        <\/div>\n                    <div  data-lazy=\"1\" class=\"module_column tb-column col3-1 tb_4wl0030 last\">\n                            <\/div>\n                        <\/div>\n        <\/div>\n            <\/div>\n<!--\/themify_builder_content--><\/div>\n    <\/div>\n<\/div>\n<!-- \/module text -->        <\/div>\n                        <\/div>\n        <\/div>\n        <\/div>\n<!--\/themify_builder_content-->","protected":false},"excerpt":{"rendered":"<p>A new Biocivilization with what economy and economic model? DOCUMENTS<\/p>\n","protected":false},"author":1,"featured_media":0,"parent":176411,"menu_order":6,"comment_status":"closed","ping_status":"closed","template":"","meta":{"_acf_changed":false,"footnotes":""},"class_list":["post-176818","page","type-page","status-publish","hentry","has-post-title","has-post-date","has-post-category","has-post-tag","has-post-comment","has-post-author",""],"acf":[],"_links":{"self":[{"href":"https:\/\/ocandeeiro.org\/en\/wp-json\/wp\/v2\/pages\/176818","targetHints":{"allow":["GET"]}}],"collection":[{"href":"https:\/\/ocandeeiro.org\/en\/wp-json\/wp\/v2\/pages"}],"about":[{"href":"https:\/\/ocandeeiro.org\/en\/wp-json\/wp\/v2\/types\/page"}],"author":[{"embeddable":true,"href":"https:\/\/ocandeeiro.org\/en\/wp-json\/wp\/v2\/users\/1"}],"replies":[{"embeddable":true,"href":"https:\/\/ocandeeiro.org\/en\/wp-json\/wp\/v2\/comments?post=176818"}],"version-history":[{"count":9,"href":"https:\/\/ocandeeiro.org\/en\/wp-json\/wp\/v2\/pages\/176818\/revisions"}],"predecessor-version":[{"id":176827,"href":"https:\/\/ocandeeiro.org\/en\/wp-json\/wp\/v2\/pages\/176818\/revisions\/176827"}],"up":[{"embeddable":true,"href":"https:\/\/ocandeeiro.org\/en\/wp-json\/wp\/v2\/pages\/176411"}],"wp:attachment":[{"href":"https:\/\/ocandeeiro.org\/en\/wp-json\/wp\/v2\/media?parent=176818"}],"curies":[{"name":"wp","href":"https:\/\/api.w.org\/{rel}","templated":true}]}}