{"id":176442,"date":"2024-10-21T23:42:04","date_gmt":"2024-10-22T02:42:04","guid":{"rendered":"https:\/\/ocandeeiro.org\/biocivilizacao\/biblioteca\/contribuicao\/"},"modified":"2024-11-15T11:40:32","modified_gmt":"2024-11-15T14:40:32","slug":"contribuicao","status":"publish","type":"page","link":"https:\/\/ocandeeiro.org\/en\/biocivilizacao\/biblioteca\/contribuicao\/","title":{"rendered":"P\u00e1gina Biociviliza\u00e7\u00e3o &#8211; Ingl\u00eas &#8211; Mande sua contribui\u00e7\u00e3o"},"content":{"rendered":"<!--themify_builder_content-->\n<div id=\"themify_builder_content-176442\" data-postid=\"176442\" class=\"themify_builder_content themify_builder_content-176442 themify_builder tf_clear\">\n                    <div  data-css_id=\"5t0w889\" data-lazy=\"1\" class=\"module_row themify_builder_row fullwidth tb_5t0w889 tb_first tf_w\">\n                        <div class=\"row_inner col_align_top tb_col_count_1 tf_box tf_rel\">\n                        <div  data-lazy=\"1\" class=\"module_column tb-column col-full tb_grzo809 first\">\n                    <!-- module text -->\n<div  class=\"module module-text tb_knj6906   \" data-lazy=\"1\">\n        <div  class=\"tb_text_wrap\">\n        <div class=\"tb_layout_part_wrap tf_w\"><!--themify_builder_content-->\n    <div  class=\"themify_builder_content themify_builder_content-176396 themify_builder not_editable_builder in_the_loop\" data-postid=\"176396\">\n                        <div  data-css_id=\"1qbb273\" data-lazy=\"1\" class=\"module_row themify_builder_row fullwidth_row_container tb_1qbb273 tf_w\">\n            <span  class=\"builder_row_cover tf_abs\" data-lazy=\"1\"><\/span><span class=\"tb_row_frame_wrap tf_overflow tf_abs\" data-lazy=\"1\"><span class=\"tb_row_frame tb_row_frame_bottom  tf_abs tf_hide tf_overflow tf_w\"><\/span><\/span>            <div class=\"row_inner col_align_top tb_col_count_1 tf_box tf_rel\">\n                        <div  data-lazy=\"1\" class=\"module_column tb-column col-full tb_5wzf202 first\">\n                    <!-- module fancy heading -->\n<div  class=\"module module-fancy-heading tb_6coq333 \" data-lazy=\"1\">\n        <h1 class=\"fancy-heading tf_textc\">\n    <span class=\"main-head tf_block\">\n                    Biocivilizational Virtual Library            <\/span>\n\n    \n    <span class=\"sub-head tf_block tf_rel\">\n                    Biocivilization Wheel - Mutual University            <\/span>\n    <\/h1>\n<\/div>\n<!-- \/module fancy heading -->\n        <\/div>\n                        <\/div>\n        <\/div>\n                        <div  data-lazy=\"1\" class=\"module_row themify_builder_row tb_7sl3010 tf_w\">\n                        <div class=\"row_inner col_align_top tb_col_count_1 tf_box tf_rel\">\n                        <div  data-lazy=\"1\" class=\"module_column tb-column col-full tb_zjwc312 first\">\n                    <!-- module menu -->\n<div  class=\"module module-menu tb_b5c0031  mobile-menu-slide\" data-menu-style=\"mobile-menu-slide\" data-menu-breakpoint=\"0\" data-element-id=\"tb_b5c0031\" data-lazy=\"1\">\n        \n    <div class=\"module-menu-container\"><ul id=\"menu-biocivilizacao-nova-en\" class=\"ui tf_clearfix nav tf_rel tf_scrollbar  tb_default_color\"><li id=\"menu-item-176497\" class=\"menu-item-page-176405 menu-item menu-item-type-post_type menu-item-object-page menu-item-176497\"><a href=\"https:\/\/ocandeeiro.org\/en\/biocivilizacao\/\"><em> <svg  class=\"tf_fa tf-fas-home\" aria-hidden=\"true\"><use href=\"#tf-fas-home\"><\/use><\/svg><\/em> Biocivilization<\/a><\/li>\n<li id=\"menu-item-176500\" class=\"menu-item-page-176411 menu-item menu-item-type-post_type menu-item-object-page menu-item-176500\"><a href=\"https:\/\/ocandeeiro.org\/en\/biocivilizacao\/biblioteca\/\"><em> <svg  class=\"tf_fa tf-fas-book-open\" aria-hidden=\"true\"><use href=\"#tf-fas-book-open\"><\/use><\/svg><\/em> Library<\/a><\/li>\n<li id=\"menu-item-176849\" class=\"menu-item-custom-176849 menu-item menu-item-type-custom menu-item-object-custom menu-item-has-children menu-item-176849\"><a role=\"button\" tabindex=\"0\"><em> <svg  class=\"tf_fa tf-fas-arrow-circle-down\" aria-hidden=\"true\"><use href=\"#tf-fas-arrow-circle-down\"><\/use><\/svg><\/em> Ethics (transversal)<span class=\"child-arrow closed\" tabindex=\"-1\"><\/span><\/a>\n<ul class=\"sub-menu\">\n\t<li id=\"menu-item-176854\" class=\"menu-item-page-176465 menu-item menu-item-type-post_type menu-item-object-page menu-item-176854 menu-page-176465-parent-176849\"><a href=\"https:\/\/ocandeeiro.org\/en\/biocivilizacao\/biblioteca\/en-virtudes-eticas-videos\/\"><em> <svg  class=\"tf_fa tf-fas-square-caret-right\" aria-hidden=\"true\"><use href=\"#tf-fas-square-caret-right\"><\/use><\/svg><\/em> Videos<\/a><\/li>\n\t<li id=\"menu-item-176853\" class=\"menu-item-page-176737 menu-item menu-item-type-post_type menu-item-object-page menu-item-176853 menu-page-176737-parent-176849\"><a href=\"https:\/\/ocandeeiro.org\/en\/biocivilizacao\/biblioteca\/en-virtudes-eticas-links\/\"><em> <svg  class=\"tf_fa tf-fas-link\" aria-hidden=\"true\"><use href=\"#tf-fas-link\"><\/use><\/svg><\/em> Links<\/a><\/li>\n\t<li id=\"menu-item-176852\" class=\"menu-item-page-176742 menu-item menu-item-type-post_type menu-item-object-page menu-item-176852 menu-page-176742-parent-176849\"><a href=\"https:\/\/ocandeeiro.org\/en\/biocivilizacao\/biblioteca\/en-virtudes-eticas-documentos\/\"><em> <svg  class=\"tf_fa tf-fas-file-alt\" aria-hidden=\"true\"><use href=\"#tf-fas-file-alt\"><\/use><\/svg><\/em> Documents<\/a><\/li>\n<\/ul>\n<\/li>\n<li id=\"menu-item-176850\" class=\"menu-item-custom-176850 menu-item menu-item-type-custom menu-item-object-custom menu-item-has-children menu-item-176850\"><a role=\"button\" tabindex=\"0\"><em> <svg  class=\"tf_fa tf-fas-arrow-circle-down\" aria-hidden=\"true\"><use href=\"#tf-fas-arrow-circle-down\"><\/use><\/svg><\/em> Economic Model<span class=\"child-arrow closed\" tabindex=\"-1\"><\/span><\/a>\n<ul class=\"sub-menu\">\n\t<li id=\"menu-item-176857\" class=\"menu-item-page-176755 menu-item menu-item-type-post_type menu-item-object-page menu-item-176857 menu-page-176755-parent-176850\"><a href=\"https:\/\/ocandeeiro.org\/en\/biocivilizacao\/biblioteca\/en-modelo-economico-videos\/\"><em> <svg  class=\"tf_fa tf-fas-square-caret-right\" aria-hidden=\"true\"><use href=\"#tf-fas-square-caret-right\"><\/use><\/svg><\/em> Videos<\/a><\/li>\n\t<li id=\"menu-item-176856\" class=\"menu-item-page-176804 menu-item menu-item-type-post_type menu-item-object-page menu-item-176856 menu-page-176804-parent-176850\"><a href=\"https:\/\/ocandeeiro.org\/en\/biocivilizacao\/biblioteca\/en-modelo-economico-links\/\"><em> <svg  class=\"tf_fa tf-fas-link\" aria-hidden=\"true\"><use href=\"#tf-fas-link\"><\/use><\/svg><\/em> Links<\/a><\/li>\n\t<li id=\"menu-item-176855\" class=\"menu-item-page-176818 menu-item menu-item-type-post_type menu-item-object-page menu-item-176855 menu-page-176818-parent-176850\"><a href=\"https:\/\/ocandeeiro.org\/en\/biocivilizacao\/biblioteca\/en-modelo-economico-documentos\/\"><em> <svg  class=\"tf_fa tf-fas-file-alt\" aria-hidden=\"true\"><use href=\"#tf-fas-file-alt\"><\/use><\/svg><\/em> Documents<\/a><\/li>\n<\/ul>\n<\/li>\n<li id=\"menu-item-176851\" class=\"menu-item-custom-176851 menu-item menu-item-type-custom menu-item-object-custom menu-item-has-children menu-item-176851\"><a role=\"button\" tabindex=\"0\"><em> <svg  class=\"tf_fa tf-fas-arrow-circle-down\" aria-hidden=\"true\"><use href=\"#tf-fas-arrow-circle-down\"><\/use><\/svg><\/em> Global Governance<span class=\"child-arrow closed\" tabindex=\"-1\"><\/span><\/a>\n<ul class=\"sub-menu\">\n\t<li id=\"menu-item-176860\" class=\"menu-item-page-176828 menu-item menu-item-type-post_type menu-item-object-page menu-item-176860 menu-page-176828-parent-176851\"><a href=\"https:\/\/ocandeeiro.org\/en\/biocivilizacao\/biblioteca\/en-governanca-global-videos\/\"><em> <svg  class=\"tf_fa tf-fas-square-caret-right\" aria-hidden=\"true\"><use href=\"#tf-fas-square-caret-right\"><\/use><\/svg><\/em> Videos<\/a><\/li>\n\t<li id=\"menu-item-176859\" class=\"menu-item-page-176837 menu-item menu-item-type-post_type menu-item-object-page menu-item-176859 menu-page-176837-parent-176851\"><a href=\"https:\/\/ocandeeiro.org\/en\/biocivilizacao\/biblioteca\/en-governanca-global-links\/\"><em> <svg  class=\"tf_fa tf-fas-link\" aria-hidden=\"true\"><use href=\"#tf-fas-link\"><\/use><\/svg><\/em> Links<\/a><\/li>\n\t<li id=\"menu-item-176858\" class=\"menu-item-page-176844 menu-item menu-item-type-post_type menu-item-object-page menu-item-176858 menu-page-176844-parent-176851\"><a href=\"https:\/\/ocandeeiro.org\/en\/biocivilizacao\/biblioteca\/en-governanca-global-documentos\/\"><em> <svg  class=\"tf_fa tf-fas-file-alt\" aria-hidden=\"true\"><use href=\"#tf-fas-file-alt\"><\/use><\/svg><\/em> Documents<\/a><\/li>\n<\/ul>\n<\/li>\n<li id=\"menu-item-wpml-ls-36-pt-br\" class=\"menu-item-wpml_ls_menu_item-wpml-ls-36-pt-br menu-item wpml-ls-slot-36 wpml-ls-item wpml-ls-item-pt-br wpml-ls-menu-item wpml-ls-first-item menu-item-type-wpml_ls_menu_item menu-item-object-wpml_ls_menu_item menu-item-wpml-ls-36-pt-br\"><a href=\"https:\/\/ocandeeiro.org\/\" title=\"Switch to Portuguese (Brazil)\" aria-label=\"Switch to Portuguese (Brazil)\" role=\"menuitem\"><img decoding=\"async\"\n            class=\"wpml-ls-flag\"\n            src=\"https:\/\/ocandeeiro.org\/wp-content\/plugins\/sitepress-multilingual-cms\/res\/flags\/pt-br.svg\"\n            alt=\"Portuguese (Brazil)\"\n            \n            \n    \/><\/a><\/li>\n<li id=\"menu-item-wpml-ls-36-es\" class=\"menu-item-wpml_ls_menu_item-wpml-ls-36-es menu-item wpml-ls-slot-36 wpml-ls-item wpml-ls-item-es wpml-ls-menu-item menu-item-type-wpml_ls_menu_item menu-item-object-wpml_ls_menu_item menu-item-wpml-ls-36-es\"><a href=\"https:\/\/ocandeeiro.org\/es\/\" title=\"Switch to Spanish\" aria-label=\"Switch to Spanish\" role=\"menuitem\"><img decoding=\"async\"\n            class=\"wpml-ls-flag\"\n            src=\"https:\/\/ocandeeiro.org\/wp-content\/plugins\/sitepress-multilingual-cms\/res\/flags\/es.svg\"\n            alt=\"Spanish\"\n            \n            \n    \/><\/a><\/li>\n<li id=\"menu-item-wpml-ls-36-ca\" class=\"menu-item-wpml_ls_menu_item-wpml-ls-36-ca menu-item wpml-ls-slot-36 wpml-ls-item wpml-ls-item-ca wpml-ls-menu-item menu-item-type-wpml_ls_menu_item menu-item-object-wpml_ls_menu_item menu-item-wpml-ls-36-ca\"><a href=\"https:\/\/ocandeeiro.org\/ca\/\" title=\"Switch to Catalan\" aria-label=\"Switch to Catalan\" role=\"menuitem\"><img decoding=\"async\"\n            class=\"wpml-ls-flag\"\n            src=\"https:\/\/ocandeeiro.org\/wp-content\/plugins\/sitepress-multilingual-cms\/res\/flags\/ca.svg\"\n            alt=\"Catalan\"\n            \n            \n    \/><\/a><\/li>\n<li id=\"menu-item-wpml-ls-36-en\" class=\"menu-item-wpml_ls_menu_item-wpml-ls-36-en menu-item wpml-ls-slot-36 wpml-ls-item wpml-ls-item-en wpml-ls-current-language wpml-ls-menu-item menu-item-type-wpml_ls_menu_item menu-item-object-wpml_ls_menu_item menu-item-wpml-ls-36-en\"><a href=\"https:\/\/ocandeeiro.org\/en\/\" role=\"menuitem\"><img decoding=\"async\"\n            class=\"wpml-ls-flag\"\n            src=\"https:\/\/ocandeeiro.org\/wp-content\/plugins\/sitepress-multilingual-cms\/res\/flags\/en.svg\"\n            alt=\"English\"\n            \n            \n    \/><\/a><\/li>\n<li id=\"menu-item-wpml-ls-36-fr\" class=\"menu-item-wpml_ls_menu_item-wpml-ls-36-fr menu-item wpml-ls-slot-36 wpml-ls-item wpml-ls-item-fr wpml-ls-menu-item wpml-ls-last-item menu-item-type-wpml_ls_menu_item menu-item-object-wpml_ls_menu_item menu-item-wpml-ls-36-fr\"><a href=\"https:\/\/ocandeeiro.org\/fr\/\" title=\"Switch to French\" aria-label=\"Switch to French\" role=\"menuitem\"><img decoding=\"async\"\n            class=\"wpml-ls-flag\"\n            src=\"https:\/\/ocandeeiro.org\/wp-content\/plugins\/sitepress-multilingual-cms\/res\/flags\/fr.svg\"\n            alt=\"French\"\n            \n            \n    \/><\/a><\/li>\n<\/ul><\/div>        <style>\n            .mobile-menu-module[data-module=\"tb_b5c0031\"]{\n                right:-300px            }\n        <\/style>\n    <\/div>\n<!-- \/module menu -->\n        <\/div>\n                        <\/div>\n        <\/div>\n            <\/div>\n<!--\/themify_builder_content--><\/div>\n    <\/div>\n<\/div>\n<!-- \/module text -->        <\/div>\n                        <\/div>\n        <\/div>\n                        <div  data-lazy=\"1\" class=\"module_row themify_builder_row tb_gnw3888 tf_w\">\n                        <div class=\"row_inner col_align_top tb_col_count_1 tf_box tf_rel\">\n                        <div  data-lazy=\"1\" class=\"module_column tb-column col-full tb_gzuf000 first\">\n                    <!-- module text -->\n<div  class=\"module module-text tb_sj7b779   \" data-lazy=\"1\">\n        <div  class=\"tb_text_wrap\">\n        <h3><span class=\"HwtZe\" lang=\"en\"><span class=\"jCAhz ChMk0b\"><span class=\"ryNqvb\">Send your contribution<\/span><\/span><\/span><\/h3><p><strong><span class=\"HwtZe\" lang=\"en\"><span class=\"jCAhz ChMk0b\"><span class=\"ryNqvb\">Thematic axes<\/span><\/span><\/span><\/strong><\/p><p><span class=\"HwtZe\" lang=\"en\"><span class=\"jCAhz ChMk0b\"><span class=\"ryNqvb\">A new Biocivilization with:<\/span><\/span><\/span>:<\/p><p>1. <span class=\"HwtZe\" lang=\"en\"><span class=\"jCAhz ChMk0b\"><span class=\"ryNqvb\">Ethics (transversal)<\/span><\/span><\/span><br \/>2. <span class=\"HwtZe\" lang=\"en\"><span class=\"jCAhz ChMk0b\"><span class=\"ryNqvb\">With what economy and economic structure?<\/span><\/span><\/span><br \/>3. <span class=\"HwtZe\" lang=\"en\"><span class=\"jCAhz ChMk0b\"><span class=\"ryNqvb\">With what organizational forms of popular\/local power and global governance?<\/span><\/span><\/span><\/p>    <\/div>\n<\/div>\n<!-- \/module text --><!-- module text -->\n<div  class=\"module module-text tb_thn2808   \" data-lazy=\"1\">\n        <div  class=\"tb_text_wrap\">\n        <div class=\"module module-text tb_38nd189\"><div class=\"tb_text_wrap\">\n<div class=\"wpcf7 no-js\" id=\"wpcf7-f176441-o1\" lang=\"en-US\" dir=\"ltr\" data-wpcf7-id=\"176441\">\n<div class=\"screen-reader-response\"><p role=\"status\" aria-live=\"polite\" aria-atomic=\"true\"><\/p> <ul><\/ul><\/div>\n<form action=\"\/en\/wp-json\/wp\/v2\/pages\/176442#wpcf7-f176441-o1\" method=\"post\" class=\"wpcf7-form init\" aria-label=\"Contact form\" enctype=\"multipart\/form-data\" novalidate=\"novalidate\" data-status=\"init\">\n<fieldset class=\"hidden-fields-container\"><input type=\"hidden\" name=\"_wpcf7\" value=\"176441\" \/><input type=\"hidden\" name=\"_wpcf7_version\" value=\"6.1.5\" \/><input type=\"hidden\" name=\"_wpcf7_locale\" value=\"en_US\" \/><input type=\"hidden\" name=\"_wpcf7_unit_tag\" value=\"wpcf7-f176441-o1\" \/><input type=\"hidden\" name=\"_wpcf7_container_post\" value=\"0\" \/><input type=\"hidden\" name=\"_wpcf7_posted_data_hash\" value=\"\" \/><input type=\"hidden\" name=\"_wpcf7cf_hidden_group_fields\" value=\"[]\" \/><input type=\"hidden\" name=\"_wpcf7cf_hidden_groups\" value=\"[]\" \/><input type=\"hidden\" name=\"_wpcf7cf_visible_groups\" value=\"[]\" \/><input type=\"hidden\" name=\"_wpcf7cf_repeaters\" value=\"[]\" \/><input type=\"hidden\" name=\"_wpcf7cf_steps\" value=\"{}\" \/><input type=\"hidden\" name=\"_wpcf7cf_options\" value=\"{&quot;form_id&quot;:176441,&quot;conditions&quot;:[],&quot;settings&quot;:{&quot;animation&quot;:&quot;yes&quot;,&quot;animation_intime&quot;:200,&quot;animation_outtime&quot;:200,&quot;conditions_ui&quot;:&quot;normal&quot;,&quot;notice_dismissed&quot;:false,&quot;notice_dismissed_update-cf7-5.4.1&quot;:true,&quot;notice_dismissed_update-cf7-5.5.6&quot;:true,&quot;notice_dismissed_update-cf7-5.7.4&quot;:true,&quot;notice_dismissed_update-cf7-5.7.7&quot;:true,&quot;notice_dismissed_update-cf7-5.8.5&quot;:true,&quot;notice_dismissed_update-cf7-5.8.6&quot;:true,&quot;notice_dismissed_update-cf7-5.8.7&quot;:true,&quot;notice_dismissed_update-cf7-6.1&quot;:true}}\" \/>\n<\/fieldset>\n<p><em>(We ask that you fill in all fields, especially those marked with *)<\/em>\n<\/p>\n<p>Name:* <span class=\"wpcf7-form-control-wrap\" data-name=\"nome\"><input size=\"40\" maxlength=\"400\" class=\"wpcf7-form-control wpcf7-text wpcf7-validates-as-required\" aria-required=\"true\" aria-invalid=\"false\" value=\"\" type=\"text\" name=\"nome\" \/><\/span>\n<\/p>\n<p>E-mail:* <span class=\"wpcf7-form-control-wrap\" data-name=\"email\"><input size=\"40\" maxlength=\"400\" class=\"wpcf7-form-control wpcf7-email wpcf7-validates-as-required wpcf7-text wpcf7-validates-as-email\" aria-required=\"true\" aria-invalid=\"false\" value=\"\" type=\"email\" name=\"email\" \/><\/span>\n<\/p>\n<p>Telephone: <span class=\"wpcf7-form-control-wrap\" data-name=\"telefone\"><input size=\"40\" maxlength=\"400\" class=\"wpcf7-form-control wpcf7-text\" aria-invalid=\"false\" value=\"\" type=\"text\" name=\"telefone\" \/><\/span>\n<\/p>\n<p>City:* <span class=\"wpcf7-form-control-wrap\" data-name=\"cidade\"><input size=\"40\" maxlength=\"400\" class=\"wpcf7-form-control wpcf7-text wpcf7-validates-as-required\" aria-required=\"true\" aria-invalid=\"false\" value=\"\" type=\"text\" name=\"cidade\" \/><\/span>\n<\/p>\n<p>Country:* <span class=\"wpcf7-form-control-wrap\" data-name=\"pais\"><input size=\"40\" maxlength=\"400\" class=\"wpcf7-form-control wpcf7-text wpcf7-validates-as-required\" aria-required=\"true\" aria-invalid=\"false\" value=\"\" type=\"text\" name=\"pais\" \/><\/span>\n<\/p>\n<p>Contribution title:* <span class=\"wpcf7-form-control-wrap\" data-name=\"titulo\"><input size=\"40\" maxlength=\"400\" class=\"wpcf7-form-control wpcf7-text wpcf7-validates-as-required\" aria-required=\"true\" aria-invalid=\"false\" value=\"\" type=\"text\" name=\"titulo\" \/><\/span>\n<\/p>\n<p>Author: <span class=\"wpcf7-form-control-wrap\" data-name=\"autor\"><input size=\"40\" maxlength=\"400\" class=\"wpcf7-form-control wpcf7-text\" aria-invalid=\"false\" value=\"\" type=\"text\" name=\"autor\" \/><\/span>\n<\/p>\n<p>Observation:<br \/>\n<span class=\"wpcf7-form-control-wrap\" data-name=\"descricao\"><textarea cols=\"40\" rows=\"10\" maxlength=\"2000\" class=\"wpcf7-form-control wpcf7-textarea\" aria-invalid=\"false\" name=\"descricao\"><\/textarea><\/span>\n<\/p>\n<p>Attach document(s):<br \/>\n<em>(file types: pdf \/ file size: up to 5 MB)<\/em><br \/>\n<em><span style=\"color:#991896;\">(Indicate the thematic axis of each content in the document)<\/span><br \/>\n<span class=\"wpcf7-form-control-wrap\" data-name=\"documento\"><input size=\"40\" class=\"wpcf7-form-control wpcf7-file\" accept=\".pdf\" aria-invalid=\"false\" type=\"file\" name=\"documento\" \/><\/span><\/em>\n<\/p>\n<p>Video link(s):<br \/>\n<span class=\"wpcf7-form-control-wrap\" data-name=\"videos\"><textarea cols=\"40\" rows=\"6\" maxlength=\"2000\" class=\"wpcf7-form-control wpcf7-textarea\" aria-invalid=\"false\" name=\"videos\"><\/textarea><\/span><br \/>\n<em><span style=\"color:#991896;\">(Indicate the thematic axis of each content in the document)<\/span><\/em>\n<\/p>\n<p>Website(s)\/blog(s) link(s):<br \/>\n<span class=\"wpcf7-form-control-wrap\" data-name=\"sites\"><textarea cols=\"40\" rows=\"6\" maxlength=\"2000\" class=\"wpcf7-form-control wpcf7-textarea\" aria-invalid=\"false\" name=\"sites\"><\/textarea><\/span><br \/>\n<em><span style=\"color:#991896;\">(Indicate the thematic axis of each content in the document)<\/span><\/em>\n<\/p>\n<p><span class=\"wpcf7-form-control-wrap\" data-name=\"your-consent\"><span class=\"wpcf7-form-control wpcf7-acceptance\"><span class=\"wpcf7-list-item\"><label><input type=\"checkbox\" name=\"your-consent\" value=\"1\" aria-invalid=\"false\" \/><span class=\"wpcf7-list-item-label\">I have read and agree to <a href=\"\/politica-de-privacidade\" target=\"_blank\">the terms of use<\/a>*.<\/span><\/label><\/span><\/span><\/span>\n<\/p>\n<p><div class=\"cf7-cf-turnstile\" style=\"margin-top: 0px; margin-bottom: -15px;\"> <div id=\"cf-turnstile-cf7-102704129\" class=\"cf-turnstile\" data-sitekey=\"0x4AAAAAAADYyHEQMuNvKWmd\" data-theme=\"auto\" data-language=\"pt-br\" data-size=\"\" data-retry=\"auto\" data-retry-interval=\"1000\" data-refresh-expired=\"auto\" data-action=\"contact-form-7\" data-appearance=\"always\"><\/div> <script>document.addEventListener(\"DOMContentLoaded\", function() { setTimeout(function(){ var e=document.getElementById(\"cf-turnstile-cf7-102704129\"); e&&!e.innerHTML.trim()&&(turnstile.remove(\"#cf-turnstile-cf7-102704129\"), turnstile.render(\"#cf-turnstile-cf7-102704129\", {sitekey:\"0x4AAAAAAADYyHEQMuNvKWmd\"})); }, 100); });<\/script> <br class=\"cf-turnstile-br cf-turnstile-br-cf7-102704129\"> <style>#cf-turnstile-cf7-102704129 { margin-left: -15px; }<\/style> <script>document.addEventListener(\"DOMContentLoaded\",function(){document.querySelectorAll('.wpcf7-form').forEach(function(e){e.addEventListener('submit',function(){if(document.getElementById('cf-turnstile-cf7-102704129')){setTimeout(function(){turnstile.reset('#cf-turnstile-cf7-102704129');},1000)}})})});<\/script> <\/div><br\/><input class=\"wpcf7-form-control wpcf7-submit has-spinner\" type=\"submit\" value=\"Send\" \/>\n<\/p><input type='hidden' class='wpcf7-pum' value='{\"closepopup\":false,\"closedelay\":0,\"openpopup\":false,\"openpopup_id\":0}' \/><div class=\"wpcf7-response-output\" aria-hidden=\"true\"><\/div>\n<\/form>\n<\/div>\n<\/div><\/div>    <\/div>\n<\/div>\n<!-- \/module text -->        <\/div>\n                        <\/div>\n        <\/div>\n        <\/div>\n<!--\/themify_builder_content-->","protected":false},"excerpt":{"rendered":"<p>Send your contribution Thematic axes A new Biocivilization with:: 1. Ethics (transversal) 2. With what economy and economic structure? 3. With what organizational forms of popular\/local power and global governance?<\/p>\n","protected":false},"author":1,"featured_media":0,"parent":176411,"menu_order":0,"comment_status":"closed","ping_status":"closed","template":"","meta":{"_acf_changed":false,"footnotes":""},"class_list":["post-176442","page","type-page","status-publish","hentry","has-post-title","has-post-date","has-post-category","has-post-tag","has-post-comment","has-post-author",""],"acf":[],"_links":{"self":[{"href":"https:\/\/ocandeeiro.org\/en\/wp-json\/wp\/v2\/pages\/176442","targetHints":{"allow":["GET"]}}],"collection":[{"href":"https:\/\/ocandeeiro.org\/en\/wp-json\/wp\/v2\/pages"}],"about":[{"href":"https:\/\/ocandeeiro.org\/en\/wp-json\/wp\/v2\/types\/page"}],"author":[{"embeddable":true,"href":"https:\/\/ocandeeiro.org\/en\/wp-json\/wp\/v2\/users\/1"}],"replies":[{"embeddable":true,"href":"https:\/\/ocandeeiro.org\/en\/wp-json\/wp\/v2\/comments?post=176442"}],"version-history":[{"count":12,"href":"https:\/\/ocandeeiro.org\/en\/wp-json\/wp\/v2\/pages\/176442\/revisions"}],"predecessor-version":[{"id":177019,"href":"https:\/\/ocandeeiro.org\/en\/wp-json\/wp\/v2\/pages\/176442\/revisions\/177019"}],"up":[{"embeddable":true,"href":"https:\/\/ocandeeiro.org\/en\/wp-json\/wp\/v2\/pages\/176411"}],"wp:attachment":[{"href":"https:\/\/ocandeeiro.org\/en\/wp-json\/wp\/v2\/media?parent=176442"}],"curies":[{"name":"wp","href":"https:\/\/api.w.org\/{rel}","templated":true}]}}