{"id":176605,"date":"2024-10-11T09:28:10","date_gmt":"2024-10-11T12:28:10","guid":{"rendered":"https:\/\/ocandeeiro.org\/biocivilizacao\/biblioteca\/pt-modelo-economico-links\/"},"modified":"2024-11-05T18:25:01","modified_gmt":"2024-11-05T21:25:01","slug":"ca-modelo-economico-links","status":"publish","type":"page","link":"https:\/\/ocandeeiro.org\/ca\/biocivilizacao\/biblioteca\/ca-modelo-economico-links\/","title":{"rendered":"P\u00e1gina Biociviliza\u00e7\u00e3o &#8211; Catal\u00e3o &#8211; Modelo Econ\u00f4mico &#8211; Links"},"content":{"rendered":"<!--themify_builder_content-->\n<div id=\"themify_builder_content-176605\" data-postid=\"176605\" class=\"themify_builder_content themify_builder_content-176605 themify_builder tf_clear\">\n                    <div  data-css_id=\"tqzj76\" data-lazy=\"1\" class=\"module_row themify_builder_row fullwidth tb_tqzj76 tb_first tf_w\">\n                        <div class=\"row_inner col_align_top tb_col_count_1 tf_box tf_rel\">\n                        <div  data-lazy=\"1\" class=\"module_column tb-column col-full tb_6kvp76 first\">\n                    <!-- module text -->\n<div  class=\"module module-text tb_qo8176   \" data-lazy=\"1\">\n        <div  class=\"tb_text_wrap\">\n        <div class=\"tb_layout_part_wrap tf_w\"><!--themify_builder_content-->\n    <div  class=\"themify_builder_content themify_builder_content-176368 themify_builder not_editable_builder in_the_loop\" data-postid=\"176368\">\n                        <div  data-css_id=\"410o260\" data-lazy=\"1\" class=\"module_row themify_builder_row fullwidth_row_container tb_410o260 tf_w\">\n            <span  class=\"builder_row_cover tf_abs\" data-lazy=\"1\"><\/span><span class=\"tb_row_frame_wrap tf_overflow tf_abs\" data-lazy=\"1\"><span class=\"tb_row_frame tb_row_frame_bottom  tf_abs tf_hide tf_overflow tf_w\"><\/span><\/span>            <div class=\"row_inner col_align_top tb_col_count_1 tf_box tf_rel\">\n                        <div  data-lazy=\"1\" class=\"module_column tb-column col-full tb_30ia740 first\">\n                    <!-- module fancy heading -->\n<div  class=\"module module-fancy-heading tb_h19l420 \" data-lazy=\"1\">\n        <h1 class=\"fancy-heading tf_textc\">\n    <span class=\"main-head tf_block\">\n                    Biblioteca Virtual de Biocivilitzaci\u00f3            <\/span>\n\n    \n    <span class=\"sub-head tf_block tf_rel\">\n                    Biocivilitzaci\u00f3 Rueda - Universidad M\u00fatua            <\/span>\n    <\/h1>\n<\/div>\n<!-- \/module fancy heading -->\n        <\/div>\n                        <\/div>\n        <\/div>\n                        <div  data-lazy=\"1\" class=\"module_row themify_builder_row tb_jxw7010 tf_w\">\n                        <div class=\"row_inner col_align_top tb_col_count_1 tf_box tf_rel\">\n                        <div  data-lazy=\"1\" class=\"module_column tb-column col-full tb_91qe099 first\">\n                    <!-- module menu -->\n<div  class=\"module module-menu tb_bm2m900  mobile-menu-slide\" data-menu-style=\"mobile-menu-slide\" data-menu-breakpoint=\"0\" data-element-id=\"tb_bm2m900\" data-lazy=\"1\">\n        \n    <div class=\"module-menu-container\"><ul id=\"menu-biocivilizacao-nova-ca\" class=\"ui tf_clearfix nav tf_rel tf_scrollbar  tb_default_color\"><li id=\"menu-item-176394\" class=\"menu-item-page-176327 menu-item menu-item-type-post_type menu-item-object-page menu-item-176394\"><a href=\"https:\/\/ocandeeiro.org\/ca\/biocivilizacao\/\"><em> <svg  class=\"tf_fa tf-fas-home\" aria-hidden=\"true\"><use href=\"#tf-fas-home\"><\/use><\/svg><\/em> Biocivilitzaci\u00f3<\/a><\/li>\n<li id=\"menu-item-176395\" class=\"menu-item-page-176337 menu-item menu-item-type-post_type menu-item-object-page menu-item-176395\"><a href=\"https:\/\/ocandeeiro.org\/ca\/biocivilizacao\/biblioteca\/\"><em> <svg  class=\"tf_fa tf-fas-book-open\" aria-hidden=\"true\"><use href=\"#tf-fas-book-open\"><\/use><\/svg><\/em> Biblioteca<\/a><\/li>\n<li id=\"menu-item-176696\" class=\"menu-item-custom-176696 menu-item menu-item-type-custom menu-item-object-custom menu-item-has-children menu-item-176696\"><a role=\"button\" tabindex=\"0\"><em> <svg  class=\"tf_fa tf-fas-arrow-circle-down\" aria-hidden=\"true\"><use href=\"#tf-fas-arrow-circle-down\"><\/use><\/svg><\/em> \u00c8tica (transversal)<span class=\"child-arrow closed\" tabindex=\"-1\"><\/span><\/a>\n<ul class=\"sub-menu\">\n\t<li id=\"menu-item-176701\" class=\"menu-item-page-176464 menu-item menu-item-type-post_type menu-item-object-page menu-item-176701 menu-page-176464-parent-176696\"><a href=\"https:\/\/ocandeeiro.org\/ca\/biocivilizacao\/biblioteca\/ca-virtudes-eticas-videos\/\"><em> <svg  class=\"tf_fa tf-fas-square-caret-right\" aria-hidden=\"true\"><use href=\"#tf-fas-square-caret-right\"><\/use><\/svg><\/em> Videos<\/a><\/li>\n\t<li id=\"menu-item-176700\" class=\"menu-item-page-176556 menu-item menu-item-type-post_type menu-item-object-page menu-item-176700 menu-page-176556-parent-176696\"><a href=\"https:\/\/ocandeeiro.org\/ca\/biocivilizacao\/biblioteca\/ca-virtudes-eticas-links\/\"><em> <svg  class=\"tf_fa tf-fas-link\" aria-hidden=\"true\"><use href=\"#tf-fas-link\"><\/use><\/svg><\/em> Enlla\u00e7os<\/a><\/li>\n\t<li id=\"menu-item-176699\" class=\"menu-item-page-176578 menu-item menu-item-type-post_type menu-item-object-page menu-item-176699 menu-page-176578-parent-176696\"><a href=\"https:\/\/ocandeeiro.org\/ca\/biocivilizacao\/biblioteca\/ca-virtudes-eticas-documentos\/\"><em> <svg  class=\"tf_fa tf-fas-file-alt\" aria-hidden=\"true\"><use href=\"#tf-fas-file-alt\"><\/use><\/svg><\/em> Documents<\/a><\/li>\n<\/ul>\n<\/li>\n<li id=\"menu-item-176697\" class=\"menu-item-custom-176697 menu-item menu-item-type-custom menu-item-object-custom menu-item-has-children menu-item-176697\"><a role=\"button\" tabindex=\"0\"><em> <svg  class=\"tf_fa tf-fas-arrow-circle-down\" aria-hidden=\"true\"><use href=\"#tf-fas-arrow-circle-down\"><\/use><\/svg><\/em> Model Econ\u00f2mic<span class=\"child-arrow closed\" tabindex=\"-1\"><\/span><\/a>\n<ul class=\"sub-menu\">\n\t<li id=\"menu-item-176704\" class=\"menu-item-page-176590 menu-item menu-item-type-post_type menu-item-object-page menu-item-176704 menu-page-176590-parent-176697\"><a href=\"https:\/\/ocandeeiro.org\/ca\/biocivilizacao\/biblioteca\/ca-modelo-economico-videos\/\"><em> <svg  class=\"tf_fa tf-fas-square-caret-right\" aria-hidden=\"true\"><use href=\"#tf-fas-square-caret-right\"><\/use><\/svg><\/em> Videos<\/a><\/li>\n\t<li id=\"menu-item-176703\" class=\"menu-item-page-176605 menu-item menu-item-type-post_type menu-item-object-page menu-item-176703 menu-page-176605-parent-176697\"><a href=\"https:\/\/ocandeeiro.org\/ca\/biocivilizacao\/biblioteca\/ca-modelo-economico-links\/\"><em> <svg  class=\"tf_fa tf-fas-link\" aria-hidden=\"true\"><use href=\"#tf-fas-link\"><\/use><\/svg><\/em> Enlla\u00e7os<\/a><\/li>\n\t<li id=\"menu-item-176702\" class=\"menu-item-page-176622 menu-item menu-item-type-post_type menu-item-object-page menu-item-176702 menu-page-176622-parent-176697\"><a href=\"https:\/\/ocandeeiro.org\/ca\/biocivilizacao\/biblioteca\/ca-modelo-economico-documentos\/\"><em> <svg  class=\"tf_fa tf-fas-file-alt\" aria-hidden=\"true\"><use href=\"#tf-fas-file-alt\"><\/use><\/svg><\/em> Documents<\/a><\/li>\n<\/ul>\n<\/li>\n<li id=\"menu-item-176698\" class=\"menu-item-custom-176698 menu-item menu-item-type-custom menu-item-object-custom menu-item-has-children menu-item-176698\"><a role=\"button\" tabindex=\"0\"><em> <svg  class=\"tf_fa tf-fas-arrow-circle-down\" aria-hidden=\"true\"><use href=\"#tf-fas-arrow-circle-down\"><\/use><\/svg><\/em> Govern Global<span class=\"child-arrow closed\" tabindex=\"-1\"><\/span><\/a>\n<ul class=\"sub-menu\">\n\t<li id=\"menu-item-176708\" class=\"menu-item-page-176643 menu-item menu-item-type-post_type menu-item-object-page menu-item-176708 menu-page-176643-parent-176698\"><a href=\"https:\/\/ocandeeiro.org\/ca\/biocivilizacao\/biblioteca\/ca-governanca-global-videos\/\"><em> <svg  class=\"tf_fa tf-fas-square-caret-right\" aria-hidden=\"true\"><use href=\"#tf-fas-square-caret-right\"><\/use><\/svg><\/em> Videos<\/a><\/li>\n\t<li id=\"menu-item-176706\" class=\"menu-item-page-176659 menu-item menu-item-type-post_type menu-item-object-page menu-item-176706 menu-page-176659-parent-176698\"><a href=\"https:\/\/ocandeeiro.org\/ca\/biocivilizacao\/biblioteca\/ca-governanca-global-links\/\"><em> <svg  class=\"tf_fa tf-fas-link\" aria-hidden=\"true\"><use href=\"#tf-fas-link\"><\/use><\/svg><\/em> Enlla\u00e7os<\/a><\/li>\n\t<li id=\"menu-item-176705\" class=\"menu-item-page-176674 menu-item menu-item-type-post_type menu-item-object-page menu-item-176705 menu-page-176674-parent-176698\"><a href=\"https:\/\/ocandeeiro.org\/ca\/biocivilizacao\/biblioteca\/ca-governanca-global-documentos\/\"><em> <svg  class=\"tf_fa tf-fas-file-alt\" aria-hidden=\"true\"><use href=\"#tf-fas-file-alt\"><\/use><\/svg><\/em> Documents<\/a><\/li>\n<\/ul>\n<\/li>\n<li id=\"menu-item-wpml-ls-36-pt-br\" class=\"menu-item-wpml_ls_menu_item-wpml-ls-36-pt-br menu-item wpml-ls-slot-36 wpml-ls-item wpml-ls-item-pt-br wpml-ls-menu-item wpml-ls-first-item menu-item-type-wpml_ls_menu_item menu-item-object-wpml_ls_menu_item menu-item-wpml-ls-36-pt-br\"><a href=\"https:\/\/ocandeeiro.org\/\" title=\"Switch to Portuguese, Brazil\" aria-label=\"Switch to Portuguese, Brazil\" role=\"menuitem\"><img decoding=\"async\"\n            class=\"wpml-ls-flag\"\n            src=\"https:\/\/ocandeeiro.org\/wp-content\/plugins\/sitepress-multilingual-cms\/res\/flags\/pt-br.svg\"\n            alt=\"Portuguese, Brazil\"\n            \n            \n    \/><\/a><\/li>\n<li id=\"menu-item-wpml-ls-36-es\" class=\"menu-item-wpml_ls_menu_item-wpml-ls-36-es menu-item wpml-ls-slot-36 wpml-ls-item wpml-ls-item-es wpml-ls-menu-item menu-item-type-wpml_ls_menu_item menu-item-object-wpml_ls_menu_item menu-item-wpml-ls-36-es\"><a href=\"https:\/\/ocandeeiro.org\/es\/\" title=\"Switch to Spanish\" aria-label=\"Switch to Spanish\" role=\"menuitem\"><img decoding=\"async\"\n            class=\"wpml-ls-flag\"\n            src=\"https:\/\/ocandeeiro.org\/wp-content\/plugins\/sitepress-multilingual-cms\/res\/flags\/es.svg\"\n            alt=\"Spanish\"\n            \n            \n    \/><\/a><\/li>\n<li id=\"menu-item-wpml-ls-36-ca\" class=\"menu-item-wpml_ls_menu_item-wpml-ls-36-ca menu-item wpml-ls-slot-36 wpml-ls-item wpml-ls-item-ca wpml-ls-current-language wpml-ls-menu-item menu-item-type-wpml_ls_menu_item menu-item-object-wpml_ls_menu_item menu-item-wpml-ls-36-ca\"><a href=\"https:\/\/ocandeeiro.org\/ca\/\" role=\"menuitem\"><img decoding=\"async\"\n            class=\"wpml-ls-flag\"\n            src=\"https:\/\/ocandeeiro.org\/wp-content\/plugins\/sitepress-multilingual-cms\/res\/flags\/ca.svg\"\n            alt=\"Catal\u00e0\"\n            \n            \n    \/><\/a><\/li>\n<li id=\"menu-item-wpml-ls-36-en\" class=\"menu-item-wpml_ls_menu_item-wpml-ls-36-en menu-item wpml-ls-slot-36 wpml-ls-item wpml-ls-item-en wpml-ls-menu-item menu-item-type-wpml_ls_menu_item menu-item-object-wpml_ls_menu_item menu-item-wpml-ls-36-en\"><a href=\"https:\/\/ocandeeiro.org\/en\/\" title=\"Switch to English\" aria-label=\"Switch to English\" role=\"menuitem\"><img decoding=\"async\"\n            class=\"wpml-ls-flag\"\n            src=\"https:\/\/ocandeeiro.org\/wp-content\/plugins\/sitepress-multilingual-cms\/res\/flags\/en.svg\"\n            alt=\"English\"\n            \n            \n    \/><\/a><\/li>\n<li id=\"menu-item-wpml-ls-36-fr\" class=\"menu-item-wpml_ls_menu_item-wpml-ls-36-fr menu-item wpml-ls-slot-36 wpml-ls-item wpml-ls-item-fr wpml-ls-menu-item wpml-ls-last-item menu-item-type-wpml_ls_menu_item menu-item-object-wpml_ls_menu_item menu-item-wpml-ls-36-fr\"><a href=\"https:\/\/ocandeeiro.org\/fr\/\" title=\"Switch to French\" aria-label=\"Switch to French\" role=\"menuitem\"><img decoding=\"async\"\n            class=\"wpml-ls-flag\"\n            src=\"https:\/\/ocandeeiro.org\/wp-content\/plugins\/sitepress-multilingual-cms\/res\/flags\/fr.svg\"\n            alt=\"French\"\n            \n            \n    \/><\/a><\/li>\n<\/ul><\/div>        <style>\n            .mobile-menu-module[data-module=\"tb_bm2m900\"]{\n                right:-300px            }\n        <\/style>\n    <\/div>\n<!-- \/module menu -->\n        <\/div>\n                        <\/div>\n        <\/div>\n            <\/div>\n<!--\/themify_builder_content--><\/div>\n    <\/div>\n<\/div>\n<!-- \/module text -->        <\/div>\n                        <\/div>\n        <\/div>\n                        <div  data-lazy=\"1\" class=\"module_row themify_builder_row tb_utpj302 tf_w\">\n                        <div class=\"row_inner col_align_top tb_col_count_1 tf_box tf_rel\">\n                        <div  data-lazy=\"1\" class=\"module_column tb-column col-full tb_d3wb440 first\">\n                    <!-- module text -->\n<div  class=\"module module-text tb_yuek206   \" data-lazy=\"1\">\n        <div  class=\"tb_text_wrap\">\n        <h3><span class=\"HwtZe\" lang=\"ca\"><span class=\"jCAhz ChMk0b\"><span class=\"ryNqvb\">Una nova Biocivilitzaci\u00f3 amb quina economia i model econ\u00f2mic?<\/span><\/span><\/span><\/h3>    <\/div>\n<\/div>\n<!-- \/module text --><!-- module icon -->\n<div  class=\"module module-icon tb_uvyj283  xlarge none icon_horizontal \" data-lazy=\"1\">\n            <div class=\"module-icon-item\">\n                                                                <em class=\"tf_box\" style=\"color:#000000\"><svg  class=\"tf_fa tf-fas-link\" aria-hidden=\"true\"><use href=\"#tf-fas-link\"><\/use><\/svg><\/em>\n                                                                            <span>ENLLA\u00c7OS<\/span>\n                                                            <\/div>\n    <\/div>\n<!-- \/module icon -->\n<!-- module text -->\n<div  class=\"module module-text tb_k4fm226   \" data-lazy=\"1\">\n        <div  class=\"tb_text_wrap\">\n        <div class=\"module module-text tb_38nd189\"><div class=\"tb_text_wrap\"><div class=\"tb_layout_part_wrap tf_w\"><!--themify_builder_content-->\n    <div  class=\"themify_builder_content themify_builder_content-176613 themify_builder not_editable_builder in_the_loop\" data-postid=\"176613\">\n                        <div  data-lazy=\"1\" class=\"module_row themify_builder_row tb_2pba508 tf_w\">\n                        <div class=\"row_inner col_align_top tb_col_count_2 tf_box tf_rel\">\n                        <div  data-lazy=\"1\" class=\"module_column tb-column col4-2 tb_b2ry000 first\">\n                    <!-- module buttons -->\n<div  class=\"module module-buttons tb_ihff090 buttons-horizontal solid   circle buttons-fullwidth\" data-lazy=\"1\">\n        <div class=\"module-buttons-item tf_in_flx\">\n                        <a href=\"https:\/\/nosotros.lacolmenaquedicesi.es\/trabajo\/\" class=\"ui builder_button tf_in_flx blue\" target=\"_blank\" rel=\"noopener\">\n                                    <em><svg  class=\"tf_fa tf-fas-link\" aria-hidden=\"true\"><use href=\"#tf-fas-link\"><\/use><\/svg><\/em>                                         \u00a1La Colmena Que Dice S\u00ed!? - CATAL\u00c1N                                        <\/a>\n                <\/div>\n            <\/div>\n<!-- \/module buttons -->\n        <\/div>\n                    <div  data-lazy=\"1\" class=\"module_column tb-column col4-2 tb_xyl0708 last\">\n                            <\/div>\n                        <\/div>\n        <\/div>\n            <\/div>\n<!--\/themify_builder_content--><\/div>\n<\/div><\/div>    <\/div>\n<\/div>\n<!-- \/module text -->        <\/div>\n                        <\/div>\n        <\/div>\n                        <div  data-lazy=\"1\" class=\"module_row themify_builder_row tb_3yex779 tf_w\">\n                        <div class=\"row_inner col_align_top tb_col_count_1 tf_box tf_rel\">\n                        <div  data-lazy=\"1\" class=\"module_column tb-column col-full tb_xh6w779 first\">\n                    <!-- module text -->\n<div  class=\"module module-text tb_fan4779   \" data-lazy=\"1\">\n        <div  class=\"tb_text_wrap\">\n        <div class=\"tb_layout_part_wrap tf_w\"><!--themify_builder_content-->\n    <div  class=\"themify_builder_content themify_builder_content-176351 themify_builder not_editable_builder in_the_loop\" data-postid=\"176351\">\n                        <div  data-lazy=\"1\" class=\"module_row themify_builder_row tb_1nus407 tf_w\">\n                        <div class=\"row_inner col_align_top tb_col_count_1 tf_box tf_rel\">\n                        <div  data-lazy=\"1\" class=\"module_column tb-column col-full tb_6dy6422 first\">\n                    <!-- module text -->\n<div  class=\"module module-text tb_kyoy100   \" data-lazy=\"1\">\n        <div  class=\"tb_text_wrap\">\n        <h3><span class=\"HwtZe\" lang=\"ca\"><span class=\"jCAhz ChMk0b\"><span class=\"ryNqvb\">Col\u00b7labora amb la Biblioteca Virtual de Biocivilitzaci\u00f3<\/span><\/span><\/span><\/h3><p><strong>Envieu continguts<\/strong>, siguin v\u00eddeos, documents PDF o webs d&#8217;experi\u00e8ncies del vostre pa\u00eds o de xarxes presents a diversos pa\u00efsos o continents, <strong>que considereu \u201cBiocivilitzadors\u201d<\/strong> i que puguin aportar dins dels eixos tem\u00e0tics en qu\u00e8 organitzem el cercle. S\u00f3n:<\/p><p>Una nova Biocivilitzaci\u00f3 amb la qual:<\/p><p><strong>1.<\/strong> \u00c8tica (transversal)<br \/><strong>2.<\/strong> Amb quina economia i estructura econ\u00f2mica?<br \/><strong>3.<\/strong> Amb quines formes organitzatives de poder popular\/local i de govern global?<\/p>    <\/div>\n<\/div>\n<!-- \/module text -->        <\/div>\n                        <\/div>\n        <\/div>\n                        <div  data-lazy=\"1\" class=\"module_row themify_builder_row tb_mz1h077 tf_w\">\n                        <div class=\"row_inner col_align_top tb_col_count_3 tf_box tf_rel\">\n                        <div  data-lazy=\"1\" class=\"module_column tb-column col3-1 tb_ssen941 first\">\n                            <\/div>\n                    <div  data-lazy=\"1\" class=\"module_column tb-column col3-1 tb_f953090\">\n                    <!-- module buttons -->\n<div  class=\"module module-buttons tb_w5e8474 buttons-horizontal solid   circle buttons-fullwidth\" data-lazy=\"1\">\n        <div class=\"module-buttons-item tf_in_flx\">\n                        <a href=\"https:\/\/ocandeeiro.org\/ca\/biocivilizacao\/biblioteca\/contribuicao\/\" class=\"ui builder_button tf_in_flx blue\" >\n                                    <em><svg  class=\"tf_fa tf-fas-share-nodes\" aria-hidden=\"true\"><use href=\"#tf-fas-share-nodes\"><\/use><\/svg><\/em>                                        ENVIA LA TEVA APORTACI\u00d3                                        <\/a>\n                <\/div>\n            <\/div>\n<!-- \/module buttons -->\n        <\/div>\n                    <div  data-lazy=\"1\" class=\"module_column tb-column col3-1 tb_bdxy044 last\">\n                            <\/div>\n                        <\/div>\n        <\/div>\n            <\/div>\n<!--\/themify_builder_content--><\/div>\n    <\/div>\n<\/div>\n<!-- \/module text -->        <\/div>\n                        <\/div>\n        <\/div>\n        <\/div>\n<!--\/themify_builder_content-->","protected":false},"excerpt":{"rendered":"<p>Una nova Biocivilitzaci\u00f3 amb quina economia i model econ\u00f2mic? ENLLA\u00c7OS<\/p>\n","protected":false},"author":1,"featured_media":0,"parent":176337,"menu_order":5,"comment_status":"closed","ping_status":"closed","template":"","meta":{"_acf_changed":false,"footnotes":""},"class_list":["post-176605","page","type-page","status-publish","hentry","has-post-title","has-post-date","has-post-category","has-post-tag","has-post-comment","has-post-author",""],"acf":[],"_links":{"self":[{"href":"https:\/\/ocandeeiro.org\/ca\/wp-json\/wp\/v2\/pages\/176605","targetHints":{"allow":["GET"]}}],"collection":[{"href":"https:\/\/ocandeeiro.org\/ca\/wp-json\/wp\/v2\/pages"}],"about":[{"href":"https:\/\/ocandeeiro.org\/ca\/wp-json\/wp\/v2\/types\/page"}],"author":[{"embeddable":true,"href":"https:\/\/ocandeeiro.org\/ca\/wp-json\/wp\/v2\/users\/1"}],"replies":[{"embeddable":true,"href":"https:\/\/ocandeeiro.org\/ca\/wp-json\/wp\/v2\/comments?post=176605"}],"version-history":[{"count":8,"href":"https:\/\/ocandeeiro.org\/ca\/wp-json\/wp\/v2\/pages\/176605\/revisions"}],"predecessor-version":[{"id":176618,"href":"https:\/\/ocandeeiro.org\/ca\/wp-json\/wp\/v2\/pages\/176605\/revisions\/176618"}],"up":[{"embeddable":true,"href":"https:\/\/ocandeeiro.org\/ca\/wp-json\/wp\/v2\/pages\/176337"}],"wp:attachment":[{"href":"https:\/\/ocandeeiro.org\/ca\/wp-json\/wp\/v2\/media?parent=176605"}],"curies":[{"name":"wp","href":"https:\/\/api.w.org\/{rel}","templated":true}]}}