{"id":176346,"date":"2024-10-21T23:42:04","date_gmt":"2024-10-22T02:42:04","guid":{"rendered":"https:\/\/ocandeeiro.org\/biocivilizacao\/biblioteca\/contribuicao\/"},"modified":"2024-11-05T17:40:19","modified_gmt":"2024-11-05T20:40:19","slug":"contribuicao","status":"publish","type":"page","link":"https:\/\/ocandeeiro.org\/ca\/biocivilizacao\/biblioteca\/contribuicao\/","title":{"rendered":"P\u00e1gina Biociviliza\u00e7\u00e3o &#8211; Catal\u00e3o &#8211; Contribui\u00e7\u00e3o"},"content":{"rendered":"<!--themify_builder_content-->\n<div id=\"themify_builder_content-176346\" data-postid=\"176346\" class=\"themify_builder_content themify_builder_content-176346 themify_builder tf_clear\">\n                    <div  data-css_id=\"5t0w889\" data-lazy=\"1\" class=\"module_row themify_builder_row fullwidth tb_5t0w889 tb_first tf_w\">\n                        <div class=\"row_inner col_align_top tb_col_count_1 tf_box tf_rel\">\n                        <div  data-lazy=\"1\" class=\"module_column tb-column col-full tb_grzo809 first\">\n                    <!-- module text -->\n<div  class=\"module module-text tb_knj6906   \" data-lazy=\"1\">\n        <div  class=\"tb_text_wrap\">\n        <div class=\"tb_layout_part_wrap tf_w\"><!--themify_builder_content-->\n    <div  class=\"themify_builder_content themify_builder_content-176368 themify_builder not_editable_builder in_the_loop\" data-postid=\"176368\">\n                        <div  data-css_id=\"410o260\" data-lazy=\"1\" class=\"module_row themify_builder_row fullwidth_row_container tb_410o260 tf_w\">\n            <span  class=\"builder_row_cover tf_abs\" data-lazy=\"1\"><\/span><span class=\"tb_row_frame_wrap tf_overflow tf_abs\" data-lazy=\"1\"><span class=\"tb_row_frame tb_row_frame_bottom  tf_abs tf_hide tf_overflow tf_w\"><\/span><\/span>            <div class=\"row_inner col_align_top tb_col_count_1 tf_box tf_rel\">\n                        <div  data-lazy=\"1\" class=\"module_column tb-column col-full tb_30ia740 first\">\n                    <!-- module fancy heading -->\n<div  class=\"module module-fancy-heading tb_h19l420 \" data-lazy=\"1\">\n        <h1 class=\"fancy-heading tf_textc\">\n    <span class=\"main-head tf_block\">\n                    Biblioteca Virtual de Biocivilitzaci\u00f3            <\/span>\n\n    \n    <span class=\"sub-head tf_block tf_rel\">\n                    Biocivilitzaci\u00f3 Rueda - Universidad M\u00fatua            <\/span>\n    <\/h1>\n<\/div>\n<!-- \/module fancy heading -->\n        <\/div>\n                        <\/div>\n        <\/div>\n                        <div  data-lazy=\"1\" class=\"module_row themify_builder_row tb_jxw7010 tf_w\">\n                        <div class=\"row_inner col_align_top tb_col_count_1 tf_box tf_rel\">\n                        <div  data-lazy=\"1\" class=\"module_column tb-column col-full tb_91qe099 first\">\n                    <!-- module menu -->\n<div  class=\"module module-menu tb_bm2m900  mobile-menu-slide\" data-menu-style=\"mobile-menu-slide\" data-menu-breakpoint=\"0\" data-element-id=\"tb_bm2m900\" data-lazy=\"1\">\n        \n    <div class=\"module-menu-container\"><ul id=\"menu-biocivilizacao-nova-ca\" class=\"ui tf_clearfix nav tf_rel tf_scrollbar  tb_default_color\"><li id=\"menu-item-176394\" class=\"menu-item-page-176327 menu-item menu-item-type-post_type menu-item-object-page menu-item-176394\"><a href=\"https:\/\/ocandeeiro.org\/ca\/biocivilizacao\/\"><em> <svg  class=\"tf_fa tf-fas-home\" aria-hidden=\"true\"><use href=\"#tf-fas-home\"><\/use><\/svg><\/em> Biocivilitzaci\u00f3<\/a><\/li>\n<li id=\"menu-item-176395\" class=\"menu-item-page-176337 menu-item menu-item-type-post_type menu-item-object-page menu-item-176395\"><a href=\"https:\/\/ocandeeiro.org\/ca\/biocivilizacao\/biblioteca\/\"><em> <svg  class=\"tf_fa tf-fas-book-open\" aria-hidden=\"true\"><use href=\"#tf-fas-book-open\"><\/use><\/svg><\/em> Biblioteca<\/a><\/li>\n<li id=\"menu-item-176696\" class=\"menu-item-custom-176696 menu-item menu-item-type-custom menu-item-object-custom menu-item-has-children menu-item-176696\"><a role=\"button\" tabindex=\"0\"><em> <svg  class=\"tf_fa tf-fas-arrow-circle-down\" aria-hidden=\"true\"><use href=\"#tf-fas-arrow-circle-down\"><\/use><\/svg><\/em> \u00c8tica (transversal)<span class=\"child-arrow closed\" tabindex=\"-1\"><\/span><\/a>\n<ul class=\"sub-menu\">\n\t<li id=\"menu-item-176701\" class=\"menu-item-page-176464 menu-item menu-item-type-post_type menu-item-object-page menu-item-176701 menu-page-176464-parent-176696\"><a href=\"https:\/\/ocandeeiro.org\/ca\/biocivilizacao\/biblioteca\/ca-virtudes-eticas-videos\/\"><em> <svg  class=\"tf_fa tf-fas-square-caret-right\" aria-hidden=\"true\"><use href=\"#tf-fas-square-caret-right\"><\/use><\/svg><\/em> Videos<\/a><\/li>\n\t<li id=\"menu-item-176700\" class=\"menu-item-page-176556 menu-item menu-item-type-post_type menu-item-object-page menu-item-176700 menu-page-176556-parent-176696\"><a href=\"https:\/\/ocandeeiro.org\/ca\/biocivilizacao\/biblioteca\/ca-virtudes-eticas-links\/\"><em> <svg  class=\"tf_fa tf-fas-link\" aria-hidden=\"true\"><use href=\"#tf-fas-link\"><\/use><\/svg><\/em> Enlla\u00e7os<\/a><\/li>\n\t<li id=\"menu-item-176699\" class=\"menu-item-page-176578 menu-item menu-item-type-post_type menu-item-object-page menu-item-176699 menu-page-176578-parent-176696\"><a href=\"https:\/\/ocandeeiro.org\/ca\/biocivilizacao\/biblioteca\/ca-virtudes-eticas-documentos\/\"><em> <svg  class=\"tf_fa tf-fas-file-alt\" aria-hidden=\"true\"><use href=\"#tf-fas-file-alt\"><\/use><\/svg><\/em> Documents<\/a><\/li>\n<\/ul>\n<\/li>\n<li id=\"menu-item-176697\" class=\"menu-item-custom-176697 menu-item menu-item-type-custom menu-item-object-custom menu-item-has-children menu-item-176697\"><a role=\"button\" tabindex=\"0\"><em> <svg  class=\"tf_fa tf-fas-arrow-circle-down\" aria-hidden=\"true\"><use href=\"#tf-fas-arrow-circle-down\"><\/use><\/svg><\/em> Model Econ\u00f2mic<span class=\"child-arrow closed\" tabindex=\"-1\"><\/span><\/a>\n<ul class=\"sub-menu\">\n\t<li id=\"menu-item-176704\" class=\"menu-item-page-176590 menu-item menu-item-type-post_type menu-item-object-page menu-item-176704 menu-page-176590-parent-176697\"><a href=\"https:\/\/ocandeeiro.org\/ca\/biocivilizacao\/biblioteca\/ca-modelo-economico-videos\/\"><em> <svg  class=\"tf_fa tf-fas-square-caret-right\" aria-hidden=\"true\"><use href=\"#tf-fas-square-caret-right\"><\/use><\/svg><\/em> Videos<\/a><\/li>\n\t<li id=\"menu-item-176703\" class=\"menu-item-page-176605 menu-item menu-item-type-post_type menu-item-object-page menu-item-176703 menu-page-176605-parent-176697\"><a href=\"https:\/\/ocandeeiro.org\/ca\/biocivilizacao\/biblioteca\/ca-modelo-economico-links\/\"><em> <svg  class=\"tf_fa tf-fas-link\" aria-hidden=\"true\"><use href=\"#tf-fas-link\"><\/use><\/svg><\/em> Enlla\u00e7os<\/a><\/li>\n\t<li id=\"menu-item-176702\" class=\"menu-item-page-176622 menu-item menu-item-type-post_type menu-item-object-page menu-item-176702 menu-page-176622-parent-176697\"><a href=\"https:\/\/ocandeeiro.org\/ca\/biocivilizacao\/biblioteca\/ca-modelo-economico-documentos\/\"><em> <svg  class=\"tf_fa tf-fas-file-alt\" aria-hidden=\"true\"><use href=\"#tf-fas-file-alt\"><\/use><\/svg><\/em> Documents<\/a><\/li>\n<\/ul>\n<\/li>\n<li id=\"menu-item-176698\" class=\"menu-item-custom-176698 menu-item menu-item-type-custom menu-item-object-custom menu-item-has-children menu-item-176698\"><a role=\"button\" tabindex=\"0\"><em> <svg  class=\"tf_fa tf-fas-arrow-circle-down\" aria-hidden=\"true\"><use href=\"#tf-fas-arrow-circle-down\"><\/use><\/svg><\/em> Govern Global<span class=\"child-arrow closed\" tabindex=\"-1\"><\/span><\/a>\n<ul class=\"sub-menu\">\n\t<li id=\"menu-item-176708\" class=\"menu-item-page-176643 menu-item menu-item-type-post_type menu-item-object-page menu-item-176708 menu-page-176643-parent-176698\"><a href=\"https:\/\/ocandeeiro.org\/ca\/biocivilizacao\/biblioteca\/ca-governanca-global-videos\/\"><em> <svg  class=\"tf_fa tf-fas-square-caret-right\" aria-hidden=\"true\"><use href=\"#tf-fas-square-caret-right\"><\/use><\/svg><\/em> Videos<\/a><\/li>\n\t<li id=\"menu-item-176706\" class=\"menu-item-page-176659 menu-item menu-item-type-post_type menu-item-object-page menu-item-176706 menu-page-176659-parent-176698\"><a href=\"https:\/\/ocandeeiro.org\/ca\/biocivilizacao\/biblioteca\/ca-governanca-global-links\/\"><em> <svg  class=\"tf_fa tf-fas-link\" aria-hidden=\"true\"><use href=\"#tf-fas-link\"><\/use><\/svg><\/em> Enlla\u00e7os<\/a><\/li>\n\t<li id=\"menu-item-176705\" class=\"menu-item-page-176674 menu-item menu-item-type-post_type menu-item-object-page menu-item-176705 menu-page-176674-parent-176698\"><a href=\"https:\/\/ocandeeiro.org\/ca\/biocivilizacao\/biblioteca\/ca-governanca-global-documentos\/\"><em> <svg  class=\"tf_fa tf-fas-file-alt\" aria-hidden=\"true\"><use href=\"#tf-fas-file-alt\"><\/use><\/svg><\/em> Documents<\/a><\/li>\n<\/ul>\n<\/li>\n<li id=\"menu-item-wpml-ls-36-pt-br\" class=\"menu-item-wpml_ls_menu_item-wpml-ls-36-pt-br menu-item wpml-ls-slot-36 wpml-ls-item wpml-ls-item-pt-br wpml-ls-menu-item wpml-ls-first-item menu-item-type-wpml_ls_menu_item menu-item-object-wpml_ls_menu_item menu-item-wpml-ls-36-pt-br\"><a href=\"https:\/\/ocandeeiro.org\/\" title=\"Switch to Portuguese, Brazil\" aria-label=\"Switch to Portuguese, Brazil\" role=\"menuitem\"><img decoding=\"async\"\n            class=\"wpml-ls-flag\"\n            src=\"https:\/\/ocandeeiro.org\/wp-content\/plugins\/sitepress-multilingual-cms\/res\/flags\/pt-br.svg\"\n            alt=\"Portuguese, Brazil\"\n            \n            \n    \/><\/a><\/li>\n<li id=\"menu-item-wpml-ls-36-es\" class=\"menu-item-wpml_ls_menu_item-wpml-ls-36-es menu-item wpml-ls-slot-36 wpml-ls-item wpml-ls-item-es wpml-ls-menu-item menu-item-type-wpml_ls_menu_item menu-item-object-wpml_ls_menu_item menu-item-wpml-ls-36-es\"><a href=\"https:\/\/ocandeeiro.org\/es\/\" title=\"Switch to Spanish\" aria-label=\"Switch to Spanish\" role=\"menuitem\"><img decoding=\"async\"\n            class=\"wpml-ls-flag\"\n            src=\"https:\/\/ocandeeiro.org\/wp-content\/plugins\/sitepress-multilingual-cms\/res\/flags\/es.svg\"\n            alt=\"Spanish\"\n            \n            \n    \/><\/a><\/li>\n<li id=\"menu-item-wpml-ls-36-ca\" class=\"menu-item-wpml_ls_menu_item-wpml-ls-36-ca menu-item wpml-ls-slot-36 wpml-ls-item wpml-ls-item-ca wpml-ls-current-language wpml-ls-menu-item menu-item-type-wpml_ls_menu_item menu-item-object-wpml_ls_menu_item menu-item-wpml-ls-36-ca\"><a href=\"https:\/\/ocandeeiro.org\/ca\/\" role=\"menuitem\"><img decoding=\"async\"\n            class=\"wpml-ls-flag\"\n            src=\"https:\/\/ocandeeiro.org\/wp-content\/plugins\/sitepress-multilingual-cms\/res\/flags\/ca.svg\"\n            alt=\"Catal\u00e0\"\n            \n            \n    \/><\/a><\/li>\n<li id=\"menu-item-wpml-ls-36-en\" class=\"menu-item-wpml_ls_menu_item-wpml-ls-36-en menu-item wpml-ls-slot-36 wpml-ls-item wpml-ls-item-en wpml-ls-menu-item menu-item-type-wpml_ls_menu_item menu-item-object-wpml_ls_menu_item menu-item-wpml-ls-36-en\"><a href=\"https:\/\/ocandeeiro.org\/en\/\" title=\"Switch to English\" aria-label=\"Switch to English\" role=\"menuitem\"><img decoding=\"async\"\n            class=\"wpml-ls-flag\"\n            src=\"https:\/\/ocandeeiro.org\/wp-content\/plugins\/sitepress-multilingual-cms\/res\/flags\/en.svg\"\n            alt=\"English\"\n            \n            \n    \/><\/a><\/li>\n<li id=\"menu-item-wpml-ls-36-fr\" class=\"menu-item-wpml_ls_menu_item-wpml-ls-36-fr menu-item wpml-ls-slot-36 wpml-ls-item wpml-ls-item-fr wpml-ls-menu-item wpml-ls-last-item menu-item-type-wpml_ls_menu_item menu-item-object-wpml_ls_menu_item menu-item-wpml-ls-36-fr\"><a href=\"https:\/\/ocandeeiro.org\/fr\/\" title=\"Switch to French\" aria-label=\"Switch to French\" role=\"menuitem\"><img decoding=\"async\"\n            class=\"wpml-ls-flag\"\n            src=\"https:\/\/ocandeeiro.org\/wp-content\/plugins\/sitepress-multilingual-cms\/res\/flags\/fr.svg\"\n            alt=\"French\"\n            \n            \n    \/><\/a><\/li>\n<\/ul><\/div>        <style>\n            .mobile-menu-module[data-module=\"tb_bm2m900\"]{\n                right:-300px            }\n        <\/style>\n    <\/div>\n<!-- \/module menu -->\n        <\/div>\n                        <\/div>\n        <\/div>\n            <\/div>\n<!--\/themify_builder_content--><\/div>\n    <\/div>\n<\/div>\n<!-- \/module text -->        <\/div>\n                        <\/div>\n        <\/div>\n                        <div  data-lazy=\"1\" class=\"module_row themify_builder_row tb_gnw3888 tf_w\">\n                        <div class=\"row_inner col_align_top tb_col_count_1 tf_box tf_rel\">\n                        <div  data-lazy=\"1\" class=\"module_column tb-column col-full tb_gzuf000 first\">\n                    <!-- module text -->\n<div  class=\"module module-text tb_sj7b779   \" data-lazy=\"1\">\n        <div  class=\"tb_text_wrap\">\n        <h3><span class=\"HwtZe\" lang=\"ca\"><span class=\"jCAhz ChMk0b\"><span class=\"ryNqvb\">Envia la teva aportaci\u00f3<\/span><\/span><\/span><\/h3><p><strong><span class=\"HwtZe\" lang=\"ca\"><span class=\"jCAhz ChMk0b\"><span class=\"ryNqvb\">Eixos tem\u00e0tics<\/span><\/span><\/span><\/strong><\/p><p><span class=\"HwtZe\" lang=\"ca\"><span class=\"jCAhz ChMk0b\"><span class=\"ryNqvb\">Una nova Biocivilitzaci\u00f3 amb la qual:<\/span><\/span><\/span><\/p><p><span class=\"HwtZe\" lang=\"ca\"><span class=\"jCAhz ChMk0b\"><span class=\"ryNqvb\">1. \u00c8tica (transversal)<br \/><\/span><\/span><\/span><span class=\"HwtZe\" lang=\"ca\"><span class=\"jCAhz ChMk0b\"><span class=\"ryNqvb\">2. Amb quina economia i estructura econ\u00f2mica?<br \/><\/span><\/span><span class=\"jCAhz ChMk0b\"><span class=\"ryNqvb\">3. Amb quines formes organitzatives de poder popular\/local i de govern global?<\/span><\/span><\/span><\/p>    <\/div>\n<\/div>\n<!-- \/module text --><!-- module text -->\n<div  class=\"module module-text tb_thn2808   \" data-lazy=\"1\">\n        <div  class=\"tb_text_wrap\">\n        <div class=\"module module-text tb_38nd189\"><div class=\"tb_text_wrap\">\n<div class=\"wpcf7 no-js\" id=\"wpcf7-f176345-o1\" lang=\"ca\" dir=\"ltr\" data-wpcf7-id=\"176345\">\n<div class=\"screen-reader-response\"><p role=\"status\" aria-live=\"polite\" aria-atomic=\"true\"><\/p> <ul><\/ul><\/div>\n<form action=\"\/ca\/wp-json\/wp\/v2\/pages\/176346#wpcf7-f176345-o1\" method=\"post\" class=\"wpcf7-form init\" aria-label=\"Formulari de contacte\" enctype=\"multipart\/form-data\" novalidate=\"novalidate\" data-status=\"init\">\n<fieldset class=\"hidden-fields-container\"><input type=\"hidden\" name=\"_wpcf7\" value=\"176345\" \/><input type=\"hidden\" name=\"_wpcf7_version\" value=\"6.1.5\" \/><input type=\"hidden\" name=\"_wpcf7_locale\" value=\"ca\" \/><input type=\"hidden\" name=\"_wpcf7_unit_tag\" value=\"wpcf7-f176345-o1\" \/><input type=\"hidden\" name=\"_wpcf7_container_post\" value=\"0\" \/><input type=\"hidden\" name=\"_wpcf7_posted_data_hash\" value=\"\" \/><input type=\"hidden\" name=\"_wpcf7cf_hidden_group_fields\" value=\"[]\" \/><input type=\"hidden\" name=\"_wpcf7cf_hidden_groups\" value=\"[]\" \/><input type=\"hidden\" name=\"_wpcf7cf_visible_groups\" value=\"[]\" \/><input type=\"hidden\" name=\"_wpcf7cf_repeaters\" value=\"[]\" \/><input type=\"hidden\" name=\"_wpcf7cf_steps\" value=\"{}\" \/><input type=\"hidden\" name=\"_wpcf7cf_options\" value=\"{&quot;form_id&quot;:176345,&quot;conditions&quot;:[],&quot;settings&quot;:{&quot;animation&quot;:&quot;yes&quot;,&quot;animation_intime&quot;:200,&quot;animation_outtime&quot;:200,&quot;conditions_ui&quot;:&quot;normal&quot;,&quot;notice_dismissed&quot;:false,&quot;notice_dismissed_update-cf7-5.4.1&quot;:true,&quot;notice_dismissed_update-cf7-5.5.6&quot;:true,&quot;notice_dismissed_update-cf7-5.7.4&quot;:true,&quot;notice_dismissed_update-cf7-5.7.7&quot;:true,&quot;notice_dismissed_update-cf7-5.8.5&quot;:true,&quot;notice_dismissed_update-cf7-5.8.6&quot;:true,&quot;notice_dismissed_update-cf7-5.8.7&quot;:true,&quot;notice_dismissed_update-cf7-6.1&quot;:true}}\" \/>\n<\/fieldset>\n<p><em>(Demanem que ompliu tots els camps, especialment els marcats amb *)<\/em>\n<\/p>\n<p>Nom:* <span class=\"wpcf7-form-control-wrap\" data-name=\"nome\"><input size=\"40\" maxlength=\"400\" class=\"wpcf7-form-control wpcf7-text wpcf7-validates-as-required\" aria-required=\"true\" aria-invalid=\"false\" value=\"\" type=\"text\" name=\"nome\" \/><\/span>\n<\/p>\n<p>Correu electr\u00f2nic:* <span class=\"wpcf7-form-control-wrap\" data-name=\"email\"><input size=\"40\" maxlength=\"400\" class=\"wpcf7-form-control wpcf7-email wpcf7-validates-as-required wpcf7-text wpcf7-validates-as-email\" aria-required=\"true\" aria-invalid=\"false\" value=\"\" type=\"email\" name=\"email\" \/><\/span>\n<\/p>\n<p>Tel\u00e8fon: <span class=\"wpcf7-form-control-wrap\" data-name=\"telefone\"><input size=\"40\" maxlength=\"400\" class=\"wpcf7-form-control wpcf7-text\" aria-invalid=\"false\" value=\"\" type=\"text\" name=\"telefone\" \/><\/span>\n<\/p>\n<p>Ciutat:* <span class=\"wpcf7-form-control-wrap\" data-name=\"cidade\"><input size=\"40\" maxlength=\"400\" class=\"wpcf7-form-control wpcf7-text wpcf7-validates-as-required\" aria-required=\"true\" aria-invalid=\"false\" value=\"\" type=\"text\" name=\"cidade\" \/><\/span>\n<\/p>\n<p>Pa\u00eds:* <span class=\"wpcf7-form-control-wrap\" data-name=\"pais\"><input size=\"40\" maxlength=\"400\" class=\"wpcf7-form-control wpcf7-text wpcf7-validates-as-required\" aria-required=\"true\" aria-invalid=\"false\" value=\"\" type=\"text\" name=\"pais\" \/><\/span>\n<\/p>\n<p>T\u00edtol de l'aportaci\u00f3:* <span class=\"wpcf7-form-control-wrap\" data-name=\"titulo\"><input size=\"40\" maxlength=\"400\" class=\"wpcf7-form-control wpcf7-text wpcf7-validates-as-required\" aria-required=\"true\" aria-invalid=\"false\" value=\"\" type=\"text\" name=\"titulo\" \/><\/span>\n<\/p>\n<p>Autor: <span class=\"wpcf7-form-control-wrap\" data-name=\"autor\"><input size=\"40\" maxlength=\"400\" class=\"wpcf7-form-control wpcf7-text\" aria-invalid=\"false\" value=\"\" type=\"text\" name=\"autor\" \/><\/span>\n<\/p>\n<p>Observaci\u00f3:<br \/>\n<span class=\"wpcf7-form-control-wrap\" data-name=\"descricao\"><textarea cols=\"40\" rows=\"10\" maxlength=\"2000\" class=\"wpcf7-form-control wpcf7-textarea\" aria-invalid=\"false\" name=\"descricao\"><\/textarea><\/span>\n<\/p>\n<p>Adjunteu el(s) document(s):<br \/>\n<em>(tipus de fitxers: pdf \/ mida del fitxer: fins a 5 MB)<\/em><br \/>\n<em><span style=\"color:#991896;\">(Indiqueu l'eix tem\u00e0tic de cada contingut del document)<\/span><br \/>\n<span class=\"wpcf7-form-control-wrap\" data-name=\"documento\"><input size=\"40\" class=\"wpcf7-form-control wpcf7-file\" accept=\".pdf\" aria-invalid=\"false\" type=\"file\" name=\"documento\" \/><\/span><\/em>\n<\/p>\n<p>Enlla\u00e7o(s) a v\u00eddeo(s):<br \/>\n<span class=\"wpcf7-form-control-wrap\" data-name=\"videos\"><textarea cols=\"40\" rows=\"6\" maxlength=\"2000\" class=\"wpcf7-form-control wpcf7-textarea\" aria-invalid=\"false\" name=\"videos\"><\/textarea><\/span><br \/>\n<em><span style=\"color:#991896;\">(Indiqueu l'eix tem\u00e0tic de cada contingut del document)<\/span><\/em>\n<\/p>\n<p>Enlla\u00e7o(s) a lloc(s) web\/bloc(s):<br \/>\n<span class=\"wpcf7-form-control-wrap\" data-name=\"sites\"><textarea cols=\"40\" rows=\"6\" maxlength=\"2000\" class=\"wpcf7-form-control wpcf7-textarea\" aria-invalid=\"false\" name=\"sites\"><\/textarea><\/span><br \/>\n<em><span style=\"color:#991896;\">(Indiqueu l'eix tem\u00e0tic de cada contingut del document)<\/span><\/em>\n<\/p>\n<p><span class=\"wpcf7-form-control-wrap\" data-name=\"your-consent\"><span class=\"wpcf7-form-control wpcf7-acceptance\"><span class=\"wpcf7-list-item\"><label><input type=\"checkbox\" name=\"your-consent\" value=\"1\" aria-invalid=\"false\" \/><span class=\"wpcf7-list-item-label\">He llegit i accepto <a href=\"\/politica-de-privacidade\" target=\"_blank\">les condicions d'\u00fas<\/a>*.<\/span><\/label><\/span><\/span><\/span>\n<\/p>\n<p><div class=\"cf7-cf-turnstile\" style=\"margin-top: 0px; margin-bottom: -15px;\"> <div id=\"cf-turnstile-cf7-2686369361\" class=\"cf-turnstile\" data-sitekey=\"0x4AAAAAAADYyHEQMuNvKWmd\" data-theme=\"auto\" data-language=\"pt-br\" data-size=\"\" data-retry=\"auto\" data-retry-interval=\"1000\" data-refresh-expired=\"auto\" data-action=\"contact-form-7\" data-appearance=\"always\"><\/div> <script>document.addEventListener(\"DOMContentLoaded\", function() { setTimeout(function(){ var e=document.getElementById(\"cf-turnstile-cf7-2686369361\"); e&&!e.innerHTML.trim()&&(turnstile.remove(\"#cf-turnstile-cf7-2686369361\"), turnstile.render(\"#cf-turnstile-cf7-2686369361\", {sitekey:\"0x4AAAAAAADYyHEQMuNvKWmd\"})); }, 100); });<\/script> <br class=\"cf-turnstile-br cf-turnstile-br-cf7-2686369361\"> <style>#cf-turnstile-cf7-2686369361 { margin-left: -15px; }<\/style> <script>document.addEventListener(\"DOMContentLoaded\",function(){document.querySelectorAll('.wpcf7-form').forEach(function(e){e.addEventListener('submit',function(){if(document.getElementById('cf-turnstile-cf7-2686369361')){setTimeout(function(){turnstile.reset('#cf-turnstile-cf7-2686369361');},1000)}})})});<\/script> <\/div><br\/><input class=\"wpcf7-form-control wpcf7-submit has-spinner\" type=\"submit\" value=\"Per enviar\" \/>\n<\/p><input type='hidden' class='wpcf7-pum' value='{\"closepopup\":false,\"closedelay\":0,\"openpopup\":false,\"openpopup_id\":0}' \/><div class=\"wpcf7-response-output\" aria-hidden=\"true\"><\/div>\n<\/form>\n<\/div>\n<\/div><\/div>    <\/div>\n<\/div>\n<!-- \/module text -->        <\/div>\n                        <\/div>\n        <\/div>\n        <\/div>\n<!--\/themify_builder_content-->","protected":false},"excerpt":{"rendered":"<p>Envia la teva aportaci\u00f3 Eixos tem\u00e0tics Una nova Biocivilitzaci\u00f3 amb la qual: 1. \u00c8tica (transversal) 2. Amb quina economia i estructura econ\u00f2mica? 3. Amb quines formes organitzatives de poder popular\/local i de govern global?<\/p>\n","protected":false},"author":1,"featured_media":0,"parent":176337,"menu_order":0,"comment_status":"closed","ping_status":"closed","template":"","meta":{"_acf_changed":false,"footnotes":""},"class_list":["post-176346","page","type-page","status-publish","hentry","has-post-title","has-post-date","has-post-category","has-post-tag","has-post-comment","has-post-author",""],"acf":[],"_links":{"self":[{"href":"https:\/\/ocandeeiro.org\/ca\/wp-json\/wp\/v2\/pages\/176346","targetHints":{"allow":["GET"]}}],"collection":[{"href":"https:\/\/ocandeeiro.org\/ca\/wp-json\/wp\/v2\/pages"}],"about":[{"href":"https:\/\/ocandeeiro.org\/ca\/wp-json\/wp\/v2\/types\/page"}],"author":[{"embeddable":true,"href":"https:\/\/ocandeeiro.org\/ca\/wp-json\/wp\/v2\/users\/1"}],"replies":[{"embeddable":true,"href":"https:\/\/ocandeeiro.org\/ca\/wp-json\/wp\/v2\/comments?post=176346"}],"version-history":[{"count":10,"href":"https:\/\/ocandeeiro.org\/ca\/wp-json\/wp\/v2\/pages\/176346\/revisions"}],"predecessor-version":[{"id":176572,"href":"https:\/\/ocandeeiro.org\/ca\/wp-json\/wp\/v2\/pages\/176346\/revisions\/176572"}],"up":[{"embeddable":true,"href":"https:\/\/ocandeeiro.org\/ca\/wp-json\/wp\/v2\/pages\/176337"}],"wp:attachment":[{"href":"https:\/\/ocandeeiro.org\/ca\/wp-json\/wp\/v2\/media?parent=176346"}],"curies":[{"name":"wp","href":"https:\/\/api.w.org\/{rel}","templated":true}]}}