{"id":176327,"date":"2024-03-09T11:42:10","date_gmt":"2024-03-09T14:42:10","guid":{"rendered":"https:\/\/ocandeeiro.org\/biocivilizacao\/"},"modified":"2024-10-31T17:57:51","modified_gmt":"2024-10-31T20:57:51","slug":"biocivilizacao","status":"publish","type":"page","link":"https:\/\/ocandeeiro.org\/ca\/biocivilizacao\/","title":{"rendered":"P\u00e1gina Biociviliza\u00e7\u00e3o &#8211; A Biociviliza\u00e7\u00e3o: Paradigma de Conviv\u00eancia Planet\u00e1ria"},"content":{"rendered":"<!--themify_builder_content-->\n<div id=\"themify_builder_content-176327\" data-postid=\"176327\" class=\"themify_builder_content themify_builder_content-176327 themify_builder tf_clear\">\n                    <div  data-css_id=\"sw7c753\" data-lazy=\"1\" class=\"module_row themify_builder_row fullwidth_row_container tb_sw7c753 tb_first tf_w\">\n            <span class=\"tb_row_frame_wrap tf_overflow tf_abs\" data-lazy=\"1\"><span class=\"tb_row_frame tb_row_frame_bottom  tf_abs tf_hide tf_overflow tf_w\"><\/span><\/span>            <div class=\"row_inner col_align_top gutter-none tb_col_count_2 tf_box tf_rel\">\n                        <div  data-lazy=\"1\" class=\"module_column tb-column col4-3 tb_wyiy753 first\">\n                            <\/div>\n                    <div  data-lazy=\"1\" class=\"module_column tb-column col4-1 tb_ffi5753 last\">\n                    <!-- module image -->\n<div  class=\"module module-image tb_reza753 image-top   tf_mw\" data-lazy=\"1\">\n        <div class=\"image-wrap tf_rel tf_mw\">\n            <img loading=\"lazy\" decoding=\"async\" src=\"https:\/\/ocandeeiro.org\/wp-content\/uploads\/2024\/09\/logo-universidade-mutua-circulo-220x220.png\" width=\"220\" height=\"220\" class=\"wp-post-image wp-image-175836\" title=\"P\u00e1gina Biociviliza\u00e7\u00e3o &#8211; A Biociviliza\u00e7\u00e3o: Paradigma de Conviv\u00eancia Planet\u00e1ria\" alt=\"P\u00e1gina Biociviliza\u00e7\u00e3o &#8211; A Biociviliza\u00e7\u00e3o: Paradigma de Conviv\u00eancia Planet\u00e1ria\" srcset=\"https:\/\/ocandeeiro.org\/wp-content\/uploads\/2024\/09\/logo-universidade-mutua-circulo-220x220.png 220w, https:\/\/ocandeeiro.org\/wp-content\/uploads\/2024\/09\/logo-universidade-mutua-circulo-300x300.png 300w, https:\/\/ocandeeiro.org\/wp-content\/uploads\/2024\/09\/logo-universidade-mutua-circulo-150x150.png 150w, https:\/\/ocandeeiro.org\/wp-content\/uploads\/2024\/09\/logo-universidade-mutua-circulo.png 350w\" sizes=\"auto, (max-width: 220px) 100vw, 220px\" \/>    \n        <\/div>\n    <!-- \/image-wrap -->\n    \n        <\/div>\n<!-- \/module image -->        <\/div>\n                        <\/div>\n        <\/div>\n                        <div  data-css_id=\"rcan417\" data-lazy=\"1\" class=\"module_row themify_builder_row fullwidth tb_rcan417 tf_w\">\n                        <div class=\"row_inner col_align_top tb_col_count_3 tf_box tf_rel\">\n                        <div  data-lazy=\"1\" class=\"module_column tb-column col4-1 tb_emcu418 first\">\n                            <\/div>\n                    <div  data-lazy=\"1\" class=\"module_column tb-column col4-2 tb_xms1418\">\n                    <!-- module text -->\n<div  class=\"module module-text tb_e74p896   \" data-lazy=\"1\">\n        <div  class=\"tb_text_wrap\">\n        <div class=\"module module-text tb_38nd189\"><div class=\"tb_text_wrap\"><p><em>(<span class=\"HwtZe\" lang=\"ca\"><span class=\"jCAhz ChMk0b\"><span class=\"ryNqvb\">P\u00e0gina de conversa universit\u00e0ria m\u00fatua sobre biocivilitzaci\u00f3: paradigma de conviv\u00e8ncia planet\u00e0ria<\/span><\/span><\/span>)<\/em><\/p><h2><span class=\"HwtZe\" lang=\"ca\"><span class=\"jCAhz ChMk0b\"><span class=\"ryNqvb\">Biocivilitzaci\u00f3: paradigma de conviv\u00e8ncia planet\u00e0ria<\/span><\/span><\/span><\/h2><p><span class=\"HwtZe\" lang=\"ca\"><span class=\"jCAhz ChMk0b\"><span class=\"ryNqvb\">Aquesta p\u00e0gina <a href=\"https:\/\/ocandeeiro.org\/\">ocandeeiro.org<\/a> pret\u00e9n oferir material de suport als interessats en el tema <strong>\u201cLa biocivilitzaci\u00f3, paradigma de la conviv\u00e8ncia planet\u00e0ria, per continuar construint, visualitzant i enfortint una civilitzaci\u00f3 en xarxa amb la vida\u201d.<\/strong><\/span><\/span><\/span><\/p><p><span class=\"HwtZe\" lang=\"ca\"><span class=\"jCAhz ChMk0b\"><span class=\"ryNqvb\">La biocivilitzaci\u00f3 s&#8217;articula amb l&#8217;esperit de canvi del nostre temps, com a estrat\u00e8gia per construir ara un cam\u00ed com\u00fa a trav\u00e9s del di\u00e0leg, l&#8217;articulaci\u00f3, la connexi\u00f3, la interrelaci\u00f3 i la construcci\u00f3 col\u00b7lectiva, que ens sortir\u00e0 de la crisi sist\u00e8mica que ens enfrontem i que beneficiar\u00e0 els tota la xarxa de vida que habita el nostre Planeta.<\/span><\/span><\/span><\/p><p><span class=\"HwtZe\" lang=\"ca\"> <span class=\"jCAhz ChMk0b\"><span class=\"ryNqvb\">La biocivilitzaci\u00f3 situa l&#8217;ess\u00e8ncia del paradigma florent de la conviv\u00e8ncia planet\u00e0ria en la xarxa de la vida, en la qual s&#8217;enreden tots els \u00e9ssers vius: humans, animals, plantes, planeta Terra&#8230;<\/span><\/span><\/span><\/p><p><span class=\"HwtZe\" lang=\"ca\"> <span class=\"jCAhz ChMk0b\"><span class=\"ryNqvb\">El material de suport que s&#8217;ofereix a les persones interessades en aquesta p\u00e0gina consta de v\u00eddeos i textos.<\/span><\/span><\/span><\/p><p><span class=\"HwtZe\" lang=\"ca\"><span class=\"jCAhz ChMk0b\"><span class=\"ryNqvb\">Per participar, registra&#8217;t pr\u00e8viament i registra&#8217;t a la conversa de forma gratu\u00efta a trav\u00e9s d&#8217;aquest enlla\u00e7:<\/span><\/span><\/span> <a href=\"https:\/\/ocandeeiro.org\/unimutua\/rodas-de-conversa\/\">https:\/\/ocandeeiro.org\/unimutua\/rodas-de-conversa\/<\/a><\/p><\/div><\/div>    <\/div>\n<\/div>\n<!-- \/module text -->        <\/div>\n                    <div  data-lazy=\"1\" class=\"module_column tb-column col4-1 tb_daps419 last\">\n                            <\/div>\n                        <\/div>\n        <\/div>\n                        <div  data-lazy=\"1\" class=\"module_row themify_builder_row tb_0vz5223 tf_w\">\n                        <div class=\"row_inner col_align_top tb_col_count_1 tf_box tf_rel\">\n                        <div  data-lazy=\"1\" class=\"module_column tb-column col-full tb_9z7d238 first\">\n                    <!-- module text -->\n<div  class=\"module module-text tb_8d39975   \" data-lazy=\"1\">\n        <div  class=\"tb_text_wrap\">\n        <h3 style=\"text-align: center;\"><span class=\"HwtZe\" lang=\"ca\"><span class=\"jCAhz ChMk0b\"><span class=\"ryNqvb\">Documents de base<\/span><\/span><\/span><\/h3>    <\/div>\n<\/div>\n<!-- \/module text -->        <\/div>\n                        <\/div>\n        <\/div>\n                        <div  data-lazy=\"1\" class=\"module_row themify_builder_row tb_6h60805 tf_w\">\n                        <div class=\"row_inner col_align_top tb_col_count_2 tf_box tf_rel\">\n                        <div  data-lazy=\"1\" class=\"module_column tb-column col4-2 tb_cf6g805 first\">\n                    <!-- module buttons -->\n<div  class=\"module module-buttons tb_7dd1608 buttons-horizontal solid   circle buttons-fullwidth\" data-lazy=\"1\">\n        <div class=\"module-buttons-item tf_in_flx\">\n                        <a href=\"https:\/\/ocandeeiro.org\/wp-content\/uploads\/2024\/03\/Biocivilizacion-la-civilizacion-de-la-vida-en-red-CATALAN-2024-03-07.pdf\" class=\"ui builder_button tf_in_flx blue\" target=\"_blank\" rel=\"noopener\">\n                                    <em><svg  class=\"tf_fa tf-fas-download\" aria-hidden=\"true\"><use href=\"#tf-fas-download\"><\/use><\/svg><\/em>                                        Biocivilitzaci\u00f3, la civilitzaci\u00f3 de la vida en xarxa - CATAL\u00c1N                                        <\/a>\n                <\/div>\n            <\/div>\n<!-- \/module buttons -->\n        <\/div>\n                    <div  data-lazy=\"1\" class=\"module_column tb-column col4-2 tb_eekx805 last\">\n                    <!-- module buttons -->\n<div  class=\"module module-buttons tb_9p5h513 buttons-horizontal solid   circle buttons-fullwidth\" data-lazy=\"1\">\n        <div class=\"module-buttons-item tf_in_flx\">\n                        <a href=\"https:\/\/ocandeeiro.org\/wp-content\/uploads\/2024\/04\/papa-francesco_20150524_enciclica-laudato-si_sp.pdf\" class=\"ui builder_button tf_in_flx purple\" target=\"_blank\" rel=\"noopener\">\n                                    <em><svg  class=\"tf_fa tf-fas-download\" aria-hidden=\"true\"><use href=\"#tf-fas-download\"><\/use><\/svg><\/em>                                        LAUDATO SI\u2019 - SANTO PADRE FRANCISCO - ESPA\u00d1OL                                        <\/a>\n                <\/div>\n            <\/div>\n<!-- \/module buttons -->\n        <\/div>\n                        <\/div>\n        <\/div>\n                        <div  data-css_id=\"lvqd681\" data-lazy=\"1\" class=\"module_row themify_builder_row fullwidth_row_container tb_lvqd681 tf_w\">\n            <span  class=\"builder_row_cover tf_abs\" data-lazy=\"1\"><\/span><span class=\"tb_row_frame_wrap tf_overflow tf_abs\" data-lazy=\"1\"><span class=\"tb_row_frame tb_row_frame_bottom  tf_abs tf_hide tf_overflow tf_w\"><\/span><\/span>            <div class=\"row_inner col_align_top tb_col_count_1 tf_box tf_rel\">\n                        <div  data-lazy=\"1\" class=\"module_column tb-column col-full tb_cbl3681 first\">\n                    <!-- module fancy heading -->\n<div  class=\"module module-fancy-heading tb_xmsk931 \" data-lazy=\"1\">\n        <h1 class=\"fancy-heading tf_textc\">\n    <span class=\"main-head tf_block\">\n                    Biblioteca Virtual de Biocivilitzaci\u00f3            <\/span>\n\n    \n    <span class=\"sub-head tf_block tf_rel\">\n                                <\/span>\n    <\/h1>\n<\/div>\n<!-- \/module fancy heading -->\n<!-- module buttons -->\n<div  class=\"module module-buttons tb_g8n4884 buttons-horizontal solid   circle\" data-lazy=\"1\">\n        <div class=\"module-buttons-item tf_in_flx\">\n                        <a href=\"https:\/\/ocandeeiro.org\/ca\/biocivilizacao\/biblioteca\/\" class=\"ui builder_button tf_in_flx orange\" >\n                                    <em><svg  class=\"tf_fa tf-fas-book\" aria-hidden=\"true\"><use href=\"#tf-fas-book\"><\/use><\/svg><\/em>                                        PER ENTRAR                                        <\/a>\n                <\/div>\n            <\/div>\n<!-- \/module buttons -->\n        <\/div>\n                        <\/div>\n        <\/div>\n                        <div  data-lazy=\"1\" class=\"module_row themify_builder_row tb_16kk61 tf_w\">\n                        <div class=\"row_inner col_align_top tb_col_count_1 tf_box tf_rel\">\n                        <div  data-lazy=\"1\" class=\"module_column tb-column col-full tb_o78h61 first\">\n                    <!-- module text -->\n<div  class=\"module module-text tb_je2f61   \" data-lazy=\"1\">\n        <div  class=\"tb_text_wrap\">\n        <h3 style=\"text-align: center;\"><span class=\"HwtZe\" lang=\"ca\"><span class=\"jCAhz ChMk0b\"><span class=\"ryNqvb\">Reunions<\/span><\/span><\/span><\/h3>    <\/div>\n<\/div>\n<!-- \/module text -->        <\/div>\n                        <\/div>\n        <\/div>\n                        <div  data-lazy=\"1\" class=\"module_row themify_builder_row tb_q7z7802 tf_w\">\n                        <div class=\"row_inner col_align_top tb_col_count_2 tf_box tf_rel\">\n                        <div  data-lazy=\"1\" class=\"module_column tb-column col4-2 tb_3xlh802 first\">\n                    <!-- module video -->\n<div  class=\"module module-video tb_jwxj709 video-top  \" data-lazy=\"1\">\n                    <div class=\"video-wrap-outer\">\n            <div class=\"video-wrap tf_rel tf_overflow\">\n                                    <noscript><iframe data-no-script src=\"https:\/\/www.youtube.com\/embed\/Tkfhl3nyYc4?pip=1&#038;playsinline=1\" allow=\"accelerometer;encrypted-media;gyroscope;picture-in-picture;fullscreen\" class=\"tf_abs tf_w tf_h\"><\/iframe><\/noscript>\n                                <\/div>\n            <!-- \/video-wrap -->\n        <\/div>\n        <!-- \/video-wrap-outer -->\n                    <div class=\"video-content\">\n                                    <h3 class=\"video-title\">\n                                            <a href=\"https:\/\/www.youtube.com\/watch?v=Tkfhl3nyYc4\">26\/10\/2024<\/a>\n                                        <\/h3>\n                \n                            <\/div>\n            <!-- \/video-content -->\n            <\/div>\n        <\/div>\n                    <div  data-lazy=\"1\" class=\"module_column tb-column col4-2 tb_8xcn802 last\">\n                    <!-- module video -->\n<div  class=\"module module-video tb_3jfa796 video-top  \" data-lazy=\"1\">\n                    <div class=\"video-wrap-outer\">\n            <div class=\"video-wrap tf_rel tf_overflow\">\n                                    <noscript><iframe data-no-script src=\"https:\/\/www.youtube.com\/embed\/pACM6XSb-gk?pip=1&#038;playsinline=1\" allow=\"accelerometer;encrypted-media;gyroscope;picture-in-picture;fullscreen\" class=\"tf_abs tf_w tf_h\"><\/iframe><\/noscript>\n                                <\/div>\n            <!-- \/video-wrap -->\n        <\/div>\n        <!-- \/video-wrap-outer -->\n                    <div class=\"video-content\">\n                                    <h3 class=\"video-title\">\n                                            <a href=\"https:\/\/www.youtube.com\/watch?v=pACM6XSb-gk\">31\/08\/2024<\/a>\n                                        <\/h3>\n                \n                            <\/div>\n            <!-- \/video-content -->\n            <\/div>\n        <\/div>\n                        <\/div>\n        <\/div>\n                        <div  data-lazy=\"1\" class=\"module_row themify_builder_row tb_96e5634 tf_w\">\n                        <div class=\"row_inner col_align_top tb_col_count_2 tf_box tf_rel\">\n                        <div  data-lazy=\"1\" class=\"module_column tb-column col4-2 tb_pgfh635 first\">\n                    <!-- module video -->\n<div  class=\"module module-video tb_m80p350 video-top  \" data-lazy=\"1\">\n                    <div class=\"video-wrap-outer\">\n            <div class=\"video-wrap tf_rel tf_overflow\">\n                                    <noscript><iframe data-no-script src=\"https:\/\/www.youtube.com\/embed\/Jkv9n0Yjc_I?pip=1&#038;playsinline=1\" allow=\"accelerometer;encrypted-media;gyroscope;picture-in-picture;fullscreen\" class=\"tf_abs tf_w tf_h\"><\/iframe><\/noscript>\n                                <\/div>\n            <!-- \/video-wrap -->\n        <\/div>\n        <!-- \/video-wrap-outer -->\n                    <div class=\"video-content\">\n                                    <h3 class=\"video-title\">\n                                            <a href=\"https:\/\/www.youtube.com\/watch?v=Jkv9n0Yjc_I\">27\/07\/2024<\/a>\n                                        <\/h3>\n                \n                            <\/div>\n            <!-- \/video-content -->\n            <\/div>\n        <\/div>\n                    <div  data-lazy=\"1\" class=\"module_column tb-column col4-2 tb_znfs635 last\">\n                    <!-- module video -->\n<div  class=\"module module-video tb_9wc4420 video-top  \" data-lazy=\"1\">\n                    <div class=\"video-wrap-outer\">\n            <div class=\"video-wrap tf_rel tf_overflow\">\n                                    <noscript><iframe data-no-script src=\"https:\/\/www.youtube.com\/embed\/kx7N06QB6Lg?pip=1&#038;playsinline=1\" allow=\"accelerometer;encrypted-media;gyroscope;picture-in-picture;fullscreen\" class=\"tf_abs tf_w tf_h\"><\/iframe><\/noscript>\n                                <\/div>\n            <!-- \/video-wrap -->\n        <\/div>\n        <!-- \/video-wrap-outer -->\n                    <div class=\"video-content\">\n                                    <h3 class=\"video-title\">\n                                            <a href=\"https:\/\/www.youtube.com\/watch?v=kx7N06QB6Lg\">29\/06\/2024<\/a>\n                                        <\/h3>\n                \n                            <\/div>\n            <!-- \/video-content -->\n            <\/div>\n        <\/div>\n                        <\/div>\n        <\/div>\n                        <div  data-lazy=\"1\" class=\"module_row themify_builder_row tb_qvwn53 tf_w\">\n                        <div class=\"row_inner col_align_top tb_col_count_2 tf_box tf_rel\">\n                        <div  data-lazy=\"1\" class=\"module_column tb-column col4-2 tb_bwzj53 first\">\n                    <!-- module video -->\n<div  class=\"module module-video tb_lze820 video-top  \" data-lazy=\"1\">\n                    <div class=\"video-wrap-outer\">\n            <div class=\"video-wrap tf_rel tf_overflow\">\n                                    <noscript><iframe data-no-script src=\"https:\/\/www.youtube.com\/embed\/dm8EcETlN7g?pip=1&#038;playsinline=1\" allow=\"accelerometer;encrypted-media;gyroscope;picture-in-picture;fullscreen\" class=\"tf_abs tf_w tf_h\"><\/iframe><\/noscript>\n                                <\/div>\n            <!-- \/video-wrap -->\n        <\/div>\n        <!-- \/video-wrap-outer -->\n                    <div class=\"video-content\">\n                                    <h3 class=\"video-title\">\n                                            <a href=\"https:\/\/www.youtube.com\/watch?v=dm8EcETlN7g\">25\/05\/2024<\/a>\n                                        <\/h3>\n                \n                            <\/div>\n            <!-- \/video-content -->\n            <\/div>\n        <\/div>\n                    <div  data-lazy=\"1\" class=\"module_column tb-column col4-2 tb_0gp254 last\">\n                    <!-- module video -->\n<div  class=\"module module-video tb_zl25230 video-top  \" data-lazy=\"1\">\n                    <div class=\"video-wrap-outer\">\n            <div class=\"video-wrap tf_rel tf_overflow\">\n                                    <noscript><iframe data-no-script src=\"https:\/\/www.youtube.com\/embed\/2Eiz1U1xsd0?pip=1&#038;playsinline=1\" allow=\"accelerometer;encrypted-media;gyroscope;picture-in-picture;fullscreen\" class=\"tf_abs tf_w tf_h\"><\/iframe><\/noscript>\n                                <\/div>\n            <!-- \/video-wrap -->\n        <\/div>\n        <!-- \/video-wrap-outer -->\n                    <div class=\"video-content\">\n                                    <h3 class=\"video-title\">\n                                            <a href=\"https:\/\/www.youtube.com\/watch?v=2Eiz1U1xsd0\">27\/04\/2024<\/a>\n                                        <\/h3>\n                \n                            <\/div>\n            <!-- \/video-content -->\n            <\/div>\n        <\/div>\n                        <\/div>\n        <\/div>\n                        <div  data-lazy=\"1\" class=\"module_row themify_builder_row tb_pece532 tf_w\">\n                        <div class=\"row_inner col_align_top tb_col_count_2 tf_box tf_rel\">\n                        <div  data-lazy=\"1\" class=\"module_column tb-column col4-2 tb_00tx533 first\">\n                    <!-- module video -->\n<div  class=\"module module-video tb_psok802 video-top  \" data-lazy=\"1\">\n                    <div class=\"video-wrap-outer\">\n            <div class=\"video-wrap tf_rel tf_overflow\">\n                                    <noscript><iframe data-no-script src=\"https:\/\/www.youtube.com\/embed\/W-xmKsRyXvU?pip=1&#038;playsinline=1\" allow=\"accelerometer;encrypted-media;gyroscope;picture-in-picture;fullscreen\" class=\"tf_abs tf_w tf_h\"><\/iframe><\/noscript>\n                                <\/div>\n            <!-- \/video-wrap -->\n        <\/div>\n        <!-- \/video-wrap-outer -->\n                    <div class=\"video-content\">\n                                    <h3 class=\"video-title\">\n                                            <a href=\"https:\/\/www.youtube.com\/watch?v=W-xmKsRyXvU\">30\/03\/2024<\/a>\n                                        <\/h3>\n                \n                            <\/div>\n            <!-- \/video-content -->\n            <\/div>\n        <\/div>\n                    <div  data-lazy=\"1\" class=\"module_column tb-column col4-2 tb_ogxx533 last\">\n                    <!-- module video -->\n<div  class=\"module module-video tb_04u3533 video-top  \" data-lazy=\"1\">\n                    <div class=\"video-wrap-outer\">\n            <div class=\"video-wrap tf_rel tf_overflow\">\n                                    <noscript><iframe data-no-script src=\"https:\/\/www.youtube.com\/embed\/x5GxANaIlr0?pip=1&#038;playsinline=1\" allow=\"accelerometer;encrypted-media;gyroscope;picture-in-picture;fullscreen\" class=\"tf_abs tf_w tf_h\"><\/iframe><\/noscript>\n                                <\/div>\n            <!-- \/video-wrap -->\n        <\/div>\n        <!-- \/video-wrap-outer -->\n                    <div class=\"video-content\">\n                                    <h3 class=\"video-title\">\n                                            <a href=\"https:\/\/www.youtube.com\/watch?v=x5GxANaIlr0\">24\/02\/2024<\/a>\n                                        <\/h3>\n                \n                            <\/div>\n            <!-- \/video-content -->\n            <\/div>\n        <\/div>\n                        <\/div>\n        <\/div>\n        <\/div>\n<!--\/themify_builder_content-->","protected":false},"excerpt":{"rendered":"<p>(P\u00e0gina de conversa universit\u00e0ria m\u00fatua sobre biocivilitzaci\u00f3: paradigma de conviv\u00e8ncia planet\u00e0ria) Biocivilitzaci\u00f3: paradigma de conviv\u00e8ncia planet\u00e0ria Aquesta p\u00e0gina ocandeeiro.org pret\u00e9n oferir material de suport als interessats en el tema \u201cLa biocivilitzaci\u00f3, paradigma de la conviv\u00e8ncia planet\u00e0ria, per continuar construint, visualitzant i enfortint una civilitzaci\u00f3 en xarxa amb la vida\u201d. La biocivilitzaci\u00f3 s&#8217;articula amb l&#8217;esperit de [&hellip;]<\/p>\n","protected":false},"author":1,"featured_media":0,"parent":0,"menu_order":4,"comment_status":"closed","ping_status":"closed","template":"","meta":{"_acf_changed":false,"footnotes":""},"class_list":["post-176327","page","type-page","status-publish","hentry","has-post-title","has-post-date","has-post-category","has-post-tag","has-post-comment","has-post-author",""],"acf":[],"_links":{"self":[{"href":"https:\/\/ocandeeiro.org\/ca\/wp-json\/wp\/v2\/pages\/176327","targetHints":{"allow":["GET"]}}],"collection":[{"href":"https:\/\/ocandeeiro.org\/ca\/wp-json\/wp\/v2\/pages"}],"about":[{"href":"https:\/\/ocandeeiro.org\/ca\/wp-json\/wp\/v2\/types\/page"}],"author":[{"embeddable":true,"href":"https:\/\/ocandeeiro.org\/ca\/wp-json\/wp\/v2\/users\/1"}],"replies":[{"embeddable":true,"href":"https:\/\/ocandeeiro.org\/ca\/wp-json\/wp\/v2\/comments?post=176327"}],"version-history":[{"count":11,"href":"https:\/\/ocandeeiro.org\/ca\/wp-json\/wp\/v2\/pages\/176327\/revisions"}],"predecessor-version":[{"id":176382,"href":"https:\/\/ocandeeiro.org\/ca\/wp-json\/wp\/v2\/pages\/176327\/revisions\/176382"}],"wp:attachment":[{"href":"https:\/\/ocandeeiro.org\/ca\/wp-json\/wp\/v2\/media?parent=176327"}],"curies":[{"name":"wp","href":"https:\/\/api.w.org\/{rel}","templated":true}]}}